{"id":40670,"date":"2026-03-30T12:52:43","date_gmt":"2026-03-30T11:52:43","guid":{"rendered":"https:\/\/bigbuy.tupique.com\/produto\/screen-table-support-vogels-7410410-110\/"},"modified":"2026-04-15T05:49:02","modified_gmt":"2026-04-15T04:49:02","slug":"screen-table-support-vogels-7410410-110","status":"publish","type":"product","link":"https:\/\/bigbuy.tupique.com\/es\/produto\/screen-table-support-vogels-7410410-110\/","title":{"rendered":"Support de table d&#8217;\u00e9cran Vogel&#8217;s 7410410 110&#8243;"},"content":{"rendered":"<p>Si vous \u00eates \u00e0 la recherche de nouvelles tendances sur le march\u00e9, nous vous pr\u00e9sentons <b>Support de table d&#8217;\u00e9cran Vogel&#8217;s 7410410 110&#8243;<\/b> !<\/p>\n<ul>\n<li>Type:\n<ul>\n<li>Support<\/li>\n<li>Support pour le sol<\/li>\n<\/ul>\n<\/li>\n<li>Couleur: Noir<\/li>\n<li>Caract\u00e9ristiques: Hauteur r\u00e9glable<\/li>\n<li>Ecran: 110&#8243;<\/li>\n<li>VESA: 10 x 10 cm<\/li>\n<li>Poids Max. support\u00e9: 100 kg<\/li>\n<\/ul>","protected":false},"excerpt":{"rendered":"<p>Si vous \u00eates \u00e0 la recherche de nouvelles tendances sur le march\u00e9, nous vous pr\u00e9sentons Support de table d&#8217;\u00e9cran Vogel&#8217;s 7410410 110&#8243; ! Type: Support Support pour le sol Couleur: Noir Caract\u00e9ristiques: Hauteur r\u00e9glable Ecran: 110&#8243; VESA: 10 x 10 cm Poids Max. support\u00e9: 100 kg<\/p>","protected":false},"featured_media":40665,"comment_status":"open","ping_status":"closed","template":"","meta":[],"product_brand":[643],"product_cat":[65,581,586],"product_tag":[106],"class_list":{"0":"post-40670","1":"product","2":"type-product","3":"status-publish","4":"has-post-thumbnail","6":"product_brand-brandp_920","7":"product_cat-informatique-electronique","8":"product_cat-informatique-peripheriques-et-consommables","9":"product_cat-supports-pour-ecrans","10":"product_tag-tag_1295","12":"first","13":"instock","14":"taxable","15":"shipping-taxable","16":"purchasable","17":"product-type-simple"},"_links":{"self":[{"href":"https:\/\/bigbuy.tupique.com\/es\/wp-json\/wp\/v2\/product\/40670","targetHints":{"allow":["GET"]}}],"collection":[{"href":"https:\/\/bigbuy.tupique.com\/es\/wp-json\/wp\/v2\/product"}],"about":[{"href":"https:\/\/bigbuy.tupique.com\/es\/wp-json\/wp\/v2\/types\/product"}],"replies":[{"embeddable":true,"href":"https:\/\/bigbuy.tupique.com\/es\/wp-json\/wp\/v2\/comments?post=40670"}],"wp:featuredmedia":[{"embeddable":true,"href":"https:\/\/bigbuy.tupique.com\/es\/wp-json\/wp\/v2\/media\/40665"}],"wp:attachment":[{"href":"https:\/\/bigbuy.tupique.com\/es\/wp-json\/wp\/v2\/media?parent=40670"}],"wp:term":[{"taxonomy":"product_brand","embeddable":true,"href":"https:\/\/bigbuy.tupique.com\/es\/wp-json\/wp\/v2\/product_brand?post=40670"},{"taxonomy":"product_cat","embeddable":true,"href":"https:\/\/bigbuy.tupique.com\/es\/wp-json\/wp\/v2\/product_cat?post=40670"},{"taxonomy":"product_tag","embeddable":true,"href":"https:\/\/bigbuy.tupique.com\/es\/wp-json\/wp\/v2\/product_tag?post=40670"}],"curies":[{"name":"wp","href":"https:\/\/api.w.org\/{rel}","templated":true}]}}