{"id":40455,"date":"2026-03-30T12:38:32","date_gmt":"2026-03-30T11:38:32","guid":{"rendered":"https:\/\/bigbuy.tupique.com\/produto\/multifunction-printer-hp-5d1c0abhc\/"},"modified":"2026-04-15T14:17:00","modified_gmt":"2026-04-15T13:17:00","slug":"multifunction-printer-hp-5d1c0abhc","status":"publish","type":"product","link":"https:\/\/bigbuy.tupique.com\/es\/produto\/multifunction-printer-hp-5d1c0abhc\/","title":{"rendered":"Imprimante Multifonction HP 5D1C0A#BHC"},"content":{"rendered":"<p>Si vous \u00eates passionn\u00e9 d&#8217;<b>informatique et d&#8217;\u00e9lectronique<\/b>, si vous \u00eates \u00e0 la pointe de la technologie et qu&#8217;aucun d\u00e9tail ne vous \u00e9chappe, achetez <b>Imprimante Multifonction HP 5D1C0A#BHC<\/b> au meilleur prix.<\/p>\n<p>L\u2019<b>imprimante multifonction<\/b> HP <b>5D1C0A#BHC<\/b> allie polyvalence et efficacit\u00e9 pour r\u00e9pondre aux besoins des utilisateurs \u00e0 domicile comme des petites entreprises, int\u00e9grant de mani\u00e8re fiable les fonctions d\u2019impression, de copie et de num\u00e9risation dans un appareil compact. Gr\u00e2ce \u00e0 sa <b>technologie d\u2019impression jet d\u2019encre<\/b>, cette imprimante tout-en-un assure une reproduction fid\u00e8le des textes et graphiques en couleur, atteignant une vitesse de <b>jusqu\u2019\u00e0 22 pages par minute<\/b> en noir et blanc et <b>16 ppm en couleur<\/b>, optimisant ainsi le flux de travail quotidien. Ce mod\u00e8le dispose d\u2019un <b>\u00e9cran LCD int\u00e9gr\u00e9<\/b> qui facilite l\u2019utilisation directe des diff\u00e9rentes fonctions et permet une navigation intuitive dans les menus. Son design <b>blanc<\/b> apporte une touche moderne et s\u2019int\u00e8gre discr\u00e8tement dans tout espace de travail. Con\u00e7ue pour \u00eatre fiable et durable, elle b\u00e9n\u00e9ficie de la garantie HP et offre une connectivit\u00e9 robuste avec des options sans fil, simplifiant l\u2019impression directe depuis des appareils mobiles et ordinateurs, id\u00e9ale pour les environnements collaboratifs. L\u2019appareil g\u00e8re plusieurs formats de papier jusqu\u2019au A4, propose l\u2019impression recto verso automatique (duplex) et son syst\u00e8me de r\u00e9servoir assure une plus grande autonomie, facilitant l\u2019entretien et r\u00e9duisant la fr\u00e9quence de recharge. Les fonctions de num\u00e9risation et de copie couleur, associ\u00e9es \u00e0 une r\u00e9solution optimis\u00e9e pour l\u2019impression (jusqu\u2019\u00e0 4800 x 1200 dpi) et la num\u00e9risation (jusqu\u2019\u00e0 1200 x 1200 dpi), font de cette multifonction une solution compl\u00e8te pour ceux qui recherchent qualit\u00e9, efficacit\u00e9 et connectivit\u00e9 dans un seul appareil. La HP 5D1C0A#BHC r\u00e9unit ainsi les principales caract\u00e9ristiques attendues d\u2019une imprimante multifonction moderne, offrant une exp\u00e9rience fluide et compl\u00e8te pour l\u2019utilisateur professionnel ou domestique.<\/p>\n<ul>\n<li>Type de prise: Prise EU<\/li>\n<li>Type:\n<ul>\n<li>Imprimante Multifonction<\/li>\n<li>Couleur<\/li>\n<li>Tout en un<\/li>\n<li>Scanner plat de bureau<\/li>\n<\/ul>\n<\/li>\n<li>Produit \u00e0 brancher: Oui<\/li>\n<li>Bloc d\u2019Alimentation:\n<ul>\n<li>r\u00e9seau \u00e9lectrique<\/li>\n<li>Cordon d&#8217;alimentation CA<\/li>\n<\/ul>\n<\/li>\n<li>Fr\u00e9quence: 50-60 Hz<\/li>\n<li>Technologie:\n<ul>\n<li>LCD<\/li>\n<li>Injection d&#8217;encre<\/li>\n<\/ul>\n<\/li>\n<li>R\u00e9solution d&#8217;image maximale:\n<ul>\n<li>1200 x 1200 dpi<\/li>\n<li>4800 x 1200 dpi<\/li>\n<li>600 x 600 dpi<\/li>\n<\/ul>\n<\/li>\n<li>Connectivit\u00e9: Wi-Fi<\/li>\n<li>M\u00e9moire interne: 64 MB<\/li>\n<li>Connexions:\n<ul>\n<li>USB 2.0<\/li>\n<li>USB<\/li>\n<\/ul>\n<\/li>\n<li>Caract\u00e9ristiques:\n<ul>\n<li>\u00c9cran integr\u00e9<\/li>\n<li>\u00c9cran LCD<\/li>\n<li>Garantie<\/li>\n<li>Impression recto verso<\/li>\n<\/ul>\n<\/li>\n<li>Couleur: Blanc<\/li>\n<li>Format: PDF<\/li>\n<li>vitesse:\n<ul>\n<li>16 ppm<\/li>\n<li>22 ppm<\/li>\n<\/ul>\n<\/li>\n<li>Impression couleur: Oui<\/li>\n<li>Capacit\u00e9: 30 Volets<\/li>\n<li>Scanner: 1200 x 1200 dpi<\/li>\n<li>Imprimante: 1200 x 1200 dpi<\/li>\n<li>Papier:\n<ul>\n<li>A4<\/li>\n<li>B5<\/li>\n<\/ul>\n<\/li>\n<li>Tension: 100 &#8211; 240 V<\/li>\n<li>Impression recto verso: Manuel<\/li>\n<li>Fr\u00e9quence d&#8217;entr\u00e9e AC: 50-60 Hz<\/li>\n<li>Plateau: 1<\/li>\n<li>Ethernet: Non<\/li>\n<li>Type de commande: Boutons<\/li>\n<li>Utilisation recommand\u00e9e: Maison<\/li>\n<li>Fonctions: Imprimer<\/li>\n<li>Inclut: Cartouche<\/li>\n<li>M\u00e9t\u00e9o: 14 s<\/li>\n<\/ul>","protected":false},"excerpt":{"rendered":"<p>Si vous \u00eates passionn\u00e9 d&#8217;informatique et d&#8217;\u00e9lectronique, si vous \u00eates \u00e0 la pointe de la technologie et qu&#8217;aucun d\u00e9tail ne vous \u00e9chappe, achetez Imprimante Multifonction HP 5D1C0A#BHC au meilleur prix. L\u2019imprimante multifonction HP 5D1C0A#BHC allie polyvalence et efficacit\u00e9 pour r\u00e9pondre aux besoins des utilisateurs \u00e0 domicile comme des petites entreprises, int\u00e9grant de mani\u00e8re fiable les [&hellip;]<\/p>\n","protected":false},"featured_media":40452,"comment_status":"open","ping_status":"closed","template":"","meta":[],"product_brand":[630],"product_cat":[592,65,581],"product_tag":[213,106],"class_list":{"0":"post-40455","1":"product","2":"type-product","3":"status-publish","4":"has-post-thumbnail","6":"product_brand-brandp_909","7":"product_cat-imprimantes","8":"product_cat-informatique-electronique","9":"product_cat-informatique-peripheriques-et-consommables","10":"product_tag-tag_933","11":"product_tag-tag_1295","13":"first","14":"instock","15":"taxable","16":"shipping-taxable","17":"purchasable","18":"product-type-simple"},"_links":{"self":[{"href":"https:\/\/bigbuy.tupique.com\/es\/wp-json\/wp\/v2\/product\/40455","targetHints":{"allow":["GET"]}}],"collection":[{"href":"https:\/\/bigbuy.tupique.com\/es\/wp-json\/wp\/v2\/product"}],"about":[{"href":"https:\/\/bigbuy.tupique.com\/es\/wp-json\/wp\/v2\/types\/product"}],"replies":[{"embeddable":true,"href":"https:\/\/bigbuy.tupique.com\/es\/wp-json\/wp\/v2\/comments?post=40455"}],"wp:featuredmedia":[{"embeddable":true,"href":"https:\/\/bigbuy.tupique.com\/es\/wp-json\/wp\/v2\/media\/40452"}],"wp:attachment":[{"href":"https:\/\/bigbuy.tupique.com\/es\/wp-json\/wp\/v2\/media?parent=40455"}],"wp:term":[{"taxonomy":"product_brand","embeddable":true,"href":"https:\/\/bigbuy.tupique.com\/es\/wp-json\/wp\/v2\/product_brand?post=40455"},{"taxonomy":"product_cat","embeddable":true,"href":"https:\/\/bigbuy.tupique.com\/es\/wp-json\/wp\/v2\/product_cat?post=40455"},{"taxonomy":"product_tag","embeddable":true,"href":"https:\/\/bigbuy.tupique.com\/es\/wp-json\/wp\/v2\/product_tag?post=40455"}],"curies":[{"name":"wp","href":"https:\/\/api.w.org\/{rel}","templated":true}]}}