{"id":40435,"date":"2026-03-30T12:37:50","date_gmt":"2026-03-30T11:37:50","guid":{"rendered":"https:\/\/bigbuy.tupique.com\/produto\/gas-hob-daewoo-bh9gkf51bnh\/"},"modified":"2026-05-11T20:02:06","modified_gmt":"2026-05-11T18:02:06","slug":"gas-hob-daewoo-bh9gkf51bnh","status":"publish","type":"product","link":"https:\/\/bigbuy.tupique.com\/es\/produto\/gas-hob-daewoo-bh9gkf51bnh\/","title":{"rendered":"Plaque au gaz Daewoo BH9GKF51BNH"},"content":{"rendered":"<p>Si vous \u00eates \u00e0 la recherche de nouvelles tendances sur le march\u00e9, nous vous pr\u00e9sentons <b>Plaque au gaz Daewoo BH9GKF51BNH<\/b> !<\/p>\n<p>La <b>plaque de cuisson \u00e0 gaz<\/b> Daewoo BH9GKF51BNH allie polyvalence et design pour offrir une solution efficace et \u00e9l\u00e9gante \u00e0 la cuisine moderne. Ce mod\u00e8le se distingue par ses <b>5 zones de cuisson<\/b>, permettant de pr\u00e9parer plusieurs plats simultan\u00e9ment, s\u2019adaptant aussi bien aux familles nombreuses qu\u2019aux amateurs de gastronomie \u00e9labor\u00e9e. Son <b>finition noir mat<\/b> apporte une touche sophistiqu\u00e9e et discr\u00e8te \u00e0 l\u2019espace, facilitant l\u2019int\u00e9gration avec diff\u00e9rents styles de mobilier. Le <b>contr\u00f4le rotatif<\/b> assure un r\u00e9glage pr\u00e9cis et intuitif de la flamme, garantissant une utilisation s\u00fbre et confortable pendant la cuisson. Fabriqu\u00e9e avec des mat\u00e9riaux r\u00e9sistants et affichant un poids de <b>12,5 kg<\/b>, cette plaque est synonyme de durabilit\u00e9, id\u00e9ale pour un usage intensif au quotidien. Le produit comprend un <b>manual d\u2019instructions<\/b> pour une mise en service simple et un entretien adapt\u00e9. Fabriqu\u00e9e en Turquie, Daewoo garantit fiabilit\u00e9 et un standard de qualit\u00e9 ax\u00e9 sur des performances stables. Cette plaque constitue une option fonctionnelle et soign\u00e9e, con\u00e7ue pour ceux qui souhaitent enrichir leur exp\u00e9rience culinaire avec une technologie fiable et un design contemporain.<\/p>\n<ul>\n<li>Type: Plaque \u00e0 Induction<\/li>\n<li>Produit \u00e0 brancher: Oui<\/li>\n<li>Bloc d\u2019Alimentation:\n<ul>\n<li>r\u00e9seau \u00e9lectrique<\/li>\n<li>Gaz<\/li>\n<\/ul>\n<\/li>\n<li>Couleur:\n<ul>\n<li>Noir<\/li>\n<li>noir<\/li>\n<\/ul>\n<\/li>\n<li>Largeur: 85 cm<\/li>\n<li>Type d&#8217;installation: Encastrable<\/li>\n<li>puissance: 12000 W<\/li>\n<li>Profondeur: 52 cm<\/li>\n<li>Tension: 230 V \/ 50-60 Hz<\/li>\n<li>Zones de cuisson: 5<\/li>\n<li>Poids approx.: 12,5 kg<\/li>\n<li>Dimensions approx.:\n<ul>\n<li>85 cm<\/li>\n<li>49 cm<\/li>\n<\/ul>\n<\/li>\n<li>Finition: Mat<\/li>\n<li>Inclut: Manuel d\u2019utilisation<\/li>\n<li>Contr\u00f4le: Plaque Tournante<\/li>\n<li>Mati\u00e8re:\n<ul>\n<li>Verre tremp\u00e9<\/li>\n<li>Verre et c\u00e9ramique<\/li>\n<\/ul>\n<\/li>\n<li>Connectivit\u00e9: No<\/li>\n<\/ul>\n<p>Informations importantes: En ce qui concerne le raccordement au gaz, il convient de respecter les r\u00e9glementations nationales en vigueur..<\/p>","protected":false},"excerpt":{"rendered":"<p>Si vous \u00eates \u00e0 la recherche de nouvelles tendances sur le march\u00e9, nous vous pr\u00e9sentons Plaque au gaz Daewoo BH9GKF51BNH ! La plaque de cuisson \u00e0 gaz Daewoo BH9GKF51BNH allie polyvalence et design pour offrir une solution efficace et \u00e9l\u00e9gante \u00e0 la cuisine moderne. Ce mod\u00e8le se distingue par ses 5 zones de cuisson, permettant [&hellip;]<\/p>\n","protected":false},"featured_media":40434,"comment_status":"open","ping_status":"closed","template":"","meta":[],"product_brand":[1382],"product_cat":[60,77,78],"product_tag":[55,59,56],"class_list":{"0":"post-40435","1":"product","2":"type-product","3":"status-publish","4":"has-post-thumbnail","6":"product_brand-brandp_945","7":"product_cat-cuisine-gourmet","8":"product_cat-petit-electromenager","9":"product_cat-plaques-de-cuisson","10":"product_tag-tag_926","11":"product_tag-tag_1304","12":"product_tag-tag_930","14":"first","15":"instock","16":"taxable","17":"shipping-taxable","18":"purchasable","19":"product-type-simple"},"_links":{"self":[{"href":"https:\/\/bigbuy.tupique.com\/es\/wp-json\/wp\/v2\/product\/40435","targetHints":{"allow":["GET"]}}],"collection":[{"href":"https:\/\/bigbuy.tupique.com\/es\/wp-json\/wp\/v2\/product"}],"about":[{"href":"https:\/\/bigbuy.tupique.com\/es\/wp-json\/wp\/v2\/types\/product"}],"replies":[{"embeddable":true,"href":"https:\/\/bigbuy.tupique.com\/es\/wp-json\/wp\/v2\/comments?post=40435"}],"wp:featuredmedia":[{"embeddable":true,"href":"https:\/\/bigbuy.tupique.com\/es\/wp-json\/wp\/v2\/media\/40434"}],"wp:attachment":[{"href":"https:\/\/bigbuy.tupique.com\/es\/wp-json\/wp\/v2\/media?parent=40435"}],"wp:term":[{"taxonomy":"product_brand","embeddable":true,"href":"https:\/\/bigbuy.tupique.com\/es\/wp-json\/wp\/v2\/product_brand?post=40435"},{"taxonomy":"product_cat","embeddable":true,"href":"https:\/\/bigbuy.tupique.com\/es\/wp-json\/wp\/v2\/product_cat?post=40435"},{"taxonomy":"product_tag","embeddable":true,"href":"https:\/\/bigbuy.tupique.com\/es\/wp-json\/wp\/v2\/product_tag?post=40435"}],"curies":[{"name":"wp","href":"https:\/\/api.w.org\/{rel}","templated":true}]}}