{"id":40150,"date":"2026-03-30T12:18:02","date_gmt":"2026-03-30T11:18:02","guid":{"rendered":"https:\/\/bigbuy.tupique.com\/produto\/hair-straightener-loreal-professionnel-paris\/"},"modified":"2026-04-16T19:41:22","modified_gmt":"2026-04-16T18:41:22","slug":"hair-straightener-loreal-professionnel-paris","status":"publish","type":"product","link":"https:\/\/bigbuy.tupique.com\/es\/produto\/hair-straightener-loreal-professionnel-paris\/","title":{"rendered":"Lisseur \u00e0 cheveux L&#8217;Oreal Professionnel Paris"},"content":{"rendered":"<p>Si vous \u00eates \u00e0 la recherche de nouvelles tendances sur le march\u00e9, nous vous pr\u00e9sentons <b>Lisseur \u00e0 cheveux L&#8217;Oreal Professionnel Paris<\/b> !<\/p>\n<p>Le <b>SteamPod 4<\/b> de <b>L&#8217;Oreal Professionnel Paris<\/b> s\u2019impose comme un <b>lisseur<\/b> innovant, con\u00e7u pour offrir des r\u00e9sultats professionnels aussi bien en salon qu\u2019\u00e0 domicile. Ce mod\u00e8le se distingue par sa technologie avanc\u00e9e \u00e0 <b>vapeur<\/b>, qui aide \u00e0 prot\u00e9ger la fibre capillaire lors du lissage ou de la cr\u00e9ation de vagues, assurant une finition lisse, brillante et visiblement saine. Disponible dans une \u00e9l\u00e9gante combinaison de <b>blanc, noir et gris<\/b>, le SteamPod 4 pr\u00e9sente un design raffin\u00e9 qui s\u2019adapte \u00e0 diff\u00e9rents styles et pr\u00e9f\u00e9rences esth\u00e9tiques. Son <b>alimentation par c\u00e2ble \u00e9lectrique<\/b> garantit un fonctionnement fiable et continu, sans interruption pendant le coiffage. Il dispose de <b>trois niveaux de temp\u00e9rature r\u00e9glables<\/b>, permettant d\u2019ajuster la chaleur selon le type de cheveux, ce qui contribue \u00e0 minimiser les dommages thermiques et \u00e0 obtenir des r\u00e9sultats pr\u00e9cis sur cheveux fins ou \u00e9pais. Ce mod\u00e8le est devenu une r\u00e9f\u00e9rence sur le march\u00e9 pour son efficacit\u00e9 de lissage et sa capacit\u00e9 \u00e0 cr\u00e9er des coiffures durables, facilitant le stylisme sans compromettre la sant\u00e9 des cheveux. Une fermeture professionnelle souligne sa position d\u2019outil essentiel pour ceux qui recherchent polyvalence, soin et finition impeccable dans leur routine de coiffage.<\/p>\n<ul>\n<li>Produit \u00e0 brancher: Oui<\/li>\n<li>Type: Lisseur \u00e0 cheveux<\/li>\n<li>Couleur:\n<ul>\n<li>Blanc<\/li>\n<li>Noir<\/li>\n<li>Gris<\/li>\n<\/ul>\n<\/li>\n<li>Niveaux de temp\u00e9rature: 3<\/li>\n<li>Longueur du c\u00e2ble: 2,5 m<\/li>\n<li>Dimensions approx.:\n<ul>\n<li>8,6 cm<\/li>\n<li>14,3 cm<\/li>\n<\/ul>\n<\/li>\n<li>Temp\u00e9rature max.: 210\u00b0C<\/li>\n<li>Bloc d\u2019Alimentation:\n<ul>\n<li>C\u00e2ble \u00e9lectrique<\/li>\n<li>r\u00e9seau \u00e9lectrique<\/li>\n<\/ul>\n<\/li>\n<li>Poids: 1,37 Kg<\/li>\n<\/ul>","protected":false},"excerpt":{"rendered":"<p>Si vous \u00eates \u00e0 la recherche de nouvelles tendances sur le march\u00e9, nous vous pr\u00e9sentons Lisseur \u00e0 cheveux L&#8217;Oreal Professionnel Paris ! Le SteamPod 4 de L&#8217;Oreal Professionnel Paris s\u2019impose comme un lisseur innovant, con\u00e7u pour offrir des r\u00e9sultats professionnels aussi bien en salon qu\u2019\u00e0 domicile. Ce mod\u00e8le se distingue par sa technologie avanc\u00e9e \u00e0 [&hellip;]<\/p>\n","protected":false},"featured_media":40144,"comment_status":"open","ping_status":"closed","template":"","meta":[],"product_brand":[811],"product_cat":[753,754,752],"product_tag":[722,59,56],"class_list":{"0":"post-40150","1":"product","2":"type-product","3":"status-publish","4":"has-post-thumbnail","6":"product_brand-brandp_413","7":"product_cat-coiffure","8":"product_cat-lisseurs-pour-cheveux","9":"product_cat-sante-beaute","10":"product_tag-tag_923","11":"product_tag-tag_1304","12":"product_tag-tag_930","14":"first","15":"instock","16":"taxable","17":"shipping-taxable","18":"purchasable","19":"product-type-simple"},"_links":{"self":[{"href":"https:\/\/bigbuy.tupique.com\/es\/wp-json\/wp\/v2\/product\/40150","targetHints":{"allow":["GET"]}}],"collection":[{"href":"https:\/\/bigbuy.tupique.com\/es\/wp-json\/wp\/v2\/product"}],"about":[{"href":"https:\/\/bigbuy.tupique.com\/es\/wp-json\/wp\/v2\/types\/product"}],"replies":[{"embeddable":true,"href":"https:\/\/bigbuy.tupique.com\/es\/wp-json\/wp\/v2\/comments?post=40150"}],"wp:featuredmedia":[{"embeddable":true,"href":"https:\/\/bigbuy.tupique.com\/es\/wp-json\/wp\/v2\/media\/40144"}],"wp:attachment":[{"href":"https:\/\/bigbuy.tupique.com\/es\/wp-json\/wp\/v2\/media?parent=40150"}],"wp:term":[{"taxonomy":"product_brand","embeddable":true,"href":"https:\/\/bigbuy.tupique.com\/es\/wp-json\/wp\/v2\/product_brand?post=40150"},{"taxonomy":"product_cat","embeddable":true,"href":"https:\/\/bigbuy.tupique.com\/es\/wp-json\/wp\/v2\/product_cat?post=40150"},{"taxonomy":"product_tag","embeddable":true,"href":"https:\/\/bigbuy.tupique.com\/es\/wp-json\/wp\/v2\/product_tag?post=40150"}],"curies":[{"name":"wp","href":"https:\/\/api.w.org\/{rel}","templated":true}]}}