{"id":39833,"date":"2026-03-30T11:56:27","date_gmt":"2026-03-30T10:56:27","guid":{"rendered":"https:\/\/bigbuy.tupique.com\/produto\/videowall-monitor-smart-technologies-gx186g-v4-4k-ultra-hd-86\/"},"modified":"2026-04-15T05:48:22","modified_gmt":"2026-04-15T04:48:22","slug":"videowall-monitor-smart-technologies-gx186g-v4-4k-ultra-hd-86","status":"publish","type":"product","link":"https:\/\/bigbuy.tupique.com\/es\/produto\/videowall-monitor-smart-technologies-gx186g-v4-4k-ultra-hd-86\/","title":{"rendered":"Moniteur Videowall Smart Technologies GX186G-V4 4K Ultra HD 86&#8243;"},"content":{"rendered":"<p>Si vous \u00eates \u00e0 la recherche de nouvelles tendances sur le march\u00e9, nous vous pr\u00e9sentons <b>Moniteur Videowall Smart Technologies GX186G-V4 4K Ultra HD 86&#8243;<\/b> !<\/p>\n<ul>\n<li>Type: Moniteur Videowall<\/li>\n<li>Caract\u00e9ristiques:\n<ul>\n<li>Ecran tactile<\/li>\n<li>Haut-parleurs int\u00e9gr\u00e9s<\/li>\n<li>2 Haut-parleurs<\/li>\n<\/ul>\n<\/li>\n<li>Connexions:\n<ul>\n<li>Ethernet LAN<\/li>\n<li>2<\/li>\n<li>HDMI<\/li>\n<li>USB-C<\/li>\n<li>VGA<\/li>\n<li>RJ45<\/li>\n<li>USB-A<\/li>\n<li>HDCP<\/li>\n<li>HDMI 2.1 x 1<\/li>\n<li>DisplayPort 1.4a<\/li>\n<\/ul>\n<\/li>\n<li>Rapport d&#8217;aspect: 16:9<\/li>\n<li>R\u00e9solution: 4K Ultra HD<\/li>\n<li>Temps de r\u00e9ponse: 8 ms<\/li>\n<li>R\u00e9solution (px): 3840 x 2160 px<\/li>\n<li>Fr\u00e9quence: 60 Hz<\/li>\n<li>Connectivit\u00e9:\n<ul>\n<li>Bluetooth<\/li>\n<li>Wi-Fi<\/li>\n<li>Bluetooth 5.2<\/li>\n<li>Wi-Fi 6 GHz<\/li>\n<\/ul>\n<\/li>\n<li>Syst\u00e8me d&#8217;exploitation: Android<\/li>\n<li>Technologie: LED<\/li>\n<li>Longueur du c\u00e2ble: 5 m<\/li>\n<li>Nombre de batteries: 2<\/li>\n<li>Type de batterie: AAA<\/li>\n<li>Piles incluses: Oui<\/li>\n<li>Inclut:\n<ul>\n<li>T\u00e9l\u00e9commande<\/li>\n<li>Manuel de l&#8217;utilisateur<\/li>\n<\/ul>\n<\/li>\n<li>VESA: 60 x 40 cm<\/li>\n<li>Cartes M\u00e9moire Compatibles: Micro SD<\/li>\n<li>Ecran: 86&#8243;<\/li>\n<li>consommation d&#8217;\u00e9nergie: 130 kWh<\/li>\n<li>Flux lumineux: 400 lm<\/li>\n<li>Angle: 178\u00ba<\/li>\n<li>Pr\u00e9cision (humidit\u00e9 relative): 20 % &#8211; 80 %<\/li>\n<li>Montage: VESA<\/li>\n<\/ul>","protected":false},"excerpt":{"rendered":"<p>Si vous \u00eates \u00e0 la recherche de nouvelles tendances sur le march\u00e9, nous vous pr\u00e9sentons Moniteur Videowall Smart Technologies GX186G-V4 4K Ultra HD 86&#8243; ! Type: Moniteur Videowall Caract\u00e9ristiques: Ecran tactile Haut-parleurs int\u00e9gr\u00e9s 2 Haut-parleurs Connexions: Ethernet LAN 2 HDMI USB-C VGA RJ45 USB-A HDCP HDMI 2.1 x 1 DisplayPort 1.4a Rapport d&#8217;aspect: 16:9 R\u00e9solution: [&hellip;]<\/p>\n","protected":false},"featured_media":39832,"comment_status":"open","ping_status":"closed","template":"","meta":[],"product_brand":[1168],"product_cat":[65,581,616],"product_tag":[213,106],"class_list":{"0":"post-39833","1":"product","2":"type-product","3":"status-publish","4":"has-post-thumbnail","6":"product_brand-brandp_10285","7":"product_cat-informatique-electronique","8":"product_cat-informatique-peripheriques-et-consommables","9":"product_cat-moniteurs","10":"product_tag-tag_933","11":"product_tag-tag_1295","13":"first","14":"instock","15":"taxable","16":"shipping-taxable","17":"purchasable","18":"product-type-simple"},"_links":{"self":[{"href":"https:\/\/bigbuy.tupique.com\/es\/wp-json\/wp\/v2\/product\/39833","targetHints":{"allow":["GET"]}}],"collection":[{"href":"https:\/\/bigbuy.tupique.com\/es\/wp-json\/wp\/v2\/product"}],"about":[{"href":"https:\/\/bigbuy.tupique.com\/es\/wp-json\/wp\/v2\/types\/product"}],"replies":[{"embeddable":true,"href":"https:\/\/bigbuy.tupique.com\/es\/wp-json\/wp\/v2\/comments?post=39833"}],"wp:featuredmedia":[{"embeddable":true,"href":"https:\/\/bigbuy.tupique.com\/es\/wp-json\/wp\/v2\/media\/39832"}],"wp:attachment":[{"href":"https:\/\/bigbuy.tupique.com\/es\/wp-json\/wp\/v2\/media?parent=39833"}],"wp:term":[{"taxonomy":"product_brand","embeddable":true,"href":"https:\/\/bigbuy.tupique.com\/es\/wp-json\/wp\/v2\/product_brand?post=39833"},{"taxonomy":"product_cat","embeddable":true,"href":"https:\/\/bigbuy.tupique.com\/es\/wp-json\/wp\/v2\/product_cat?post=39833"},{"taxonomy":"product_tag","embeddable":true,"href":"https:\/\/bigbuy.tupique.com\/es\/wp-json\/wp\/v2\/product_tag?post=39833"}],"curies":[{"name":"wp","href":"https:\/\/api.w.org\/{rel}","templated":true}]}}