{"id":39454,"date":"2026-03-30T11:24:02","date_gmt":"2026-03-30T10:24:02","guid":{"rendered":"https:\/\/bigbuy.tupique.com\/produto\/switch-d-link-dgs-1530-28-e\/"},"modified":"2026-04-15T05:48:16","modified_gmt":"2026-04-15T04:48:16","slug":"switch-d-link-dgs-1530-28-e","status":"publish","type":"product","link":"https:\/\/bigbuy.tupique.com\/es\/produto\/switch-d-link-dgs-1530-28-e\/","title":{"rendered":"Switch D-Link DGS-1530-28\/E"},"content":{"rendered":"<p>Si vous \u00eates passionn\u00e9 d&#8217;<b>informatique et d&#8217;\u00e9lectronique<\/b>, si vous \u00eates \u00e0 la pointe de la technologie et qu&#8217;aucun d\u00e9tail ne vous \u00e9chappe, achetez <b>Switch D-Link DGS-1530-28\/E<\/b> au meilleur prix.<\/p>\n<p>Le <b>DGS-1530-28\/E<\/b> de <b>D-Link<\/b> est un <b>switch<\/b> avanc\u00e9 con\u00e7u pour les environnements professionnels et les r\u00e9seaux n\u00e9cessitant une grande capacit\u00e9 et flexibilit\u00e9. Ce mod\u00e8le offre d\u2019excellentes performances gr\u00e2ce \u00e0 ses <b>24 ports RJ45 Ethernet LAN 10\/100\/1000 Mbps<\/b>, id\u00e9aux pour connecter simultan\u00e9ment une large gamme d\u2019appareils r\u00e9seau, assurant un transfert de donn\u00e9es stable et efficace entre postes de travail, serveurs ou imprimantes dans les bureaux et centres de donn\u00e9es. Il int\u00e8gre \u00e9galement <b>4 ports SFP+ 10 Gbps<\/b>, facilitant l\u2019int\u00e9gration de liaisons montantes \u00e0 haute vitesse via fibre optique, permettant ainsi le stacking et l\u2019extension avec d\u2019autres switches sans perte de performance, un atout essentiel pour les organisations en croissance ou les infrastructures n\u00e9cessitant une large bande passante. L\u2019appareil prend en charge diverses fonctions de gestion intelligente, offrant une surveillance avanc\u00e9e du r\u00e9seau et des r\u00e9glages personnalis\u00e9s selon les besoins de l\u2019administrateur, tandis que la compatibilit\u00e9 avec <b>USB 2.0<\/b> ajoute des options pratiques pour le transfert de fichiers de configuration ou les mises \u00e0 jour du firmware. Son <b>design noir professionnel<\/b> et sa construction robuste conviennent aux racks et armoires de communication, et la plage de <b>tension d\u2019alimentation de 100 \u2013 240 V<\/b> garantit une utilisation mondiale et une grande polyvalence d\u2019installation. Le DGS-1530-28\/E constitue une solution efficace et \u00e9volutive pour les r\u00e9seaux manag\u00e9s exigeant performance, s\u00e9curit\u00e9 et possibilit\u00e9s d\u2019expansion \u00e0 moyen et long terme.<\/p>\n<ul>\n<li>Type de prise: Prise EU<\/li>\n<li>Produit \u00e0 brancher: Oui<\/li>\n<li>Type:\n<ul>\n<li>Switch<\/li>\n<li>Empilable<\/li>\n<\/ul>\n<\/li>\n<li>Bloc d\u2019Alimentation: r\u00e9seau \u00e9lectrique<\/li>\n<li>Couleur: Noir<\/li>\n<li>Connexions:\n<ul>\n<li>USB 2.0<\/li>\n<li>RJ45<\/li>\n<li>RJ45 x 24<\/li>\n<li>Ethernet LAN<\/li>\n<\/ul>\n<\/li>\n<li>Tension:\n<ul>\n<li>100-240 V<\/li>\n<li>100 &#8211; 240 V<\/li>\n<\/ul>\n<\/li>\n<li>Ventillateur: 1<\/li>\n<li>Fr\u00e9quence: 50-60 Hz<\/li>\n<li>Support: Multisupport<\/li>\n<li>N\u00b0 de rainures: 4<\/li>\n<li>Caract\u00e9ristiques:\n<ul>\n<li>T\u00e9moin de fonctionnement LED<\/li>\n<li>Protection des donn\u00e9es\/mot de passe<\/li>\n<\/ul>\n<\/li>\n<li>Fr\u00e9quence d&#8217;entr\u00e9e AC: 50-60 Hz<\/li>\n<li>consommation d&#8217;\u00e9nergie: 32 kWh<\/li>\n<li>vitesse: 10\/100\/1000 Mbps<\/li>\n<li>Largeur: 44 cm<\/li>\n<li>Temp\u00e9rature approximative: &#8211; 20\u00baC \/ 70\u00b0C<\/li>\n<li>S\u00e9curit\u00e9: IGMP<\/li>\n<\/ul>","protected":false},"excerpt":{"rendered":"<p>Si vous \u00eates passionn\u00e9 d&#8217;informatique et d&#8217;\u00e9lectronique, si vous \u00eates \u00e0 la pointe de la technologie et qu&#8217;aucun d\u00e9tail ne vous \u00e9chappe, achetez Switch D-Link DGS-1530-28\/E au meilleur prix. Le DGS-1530-28\/E de D-Link est un switch avanc\u00e9 con\u00e7u pour les environnements professionnels et les r\u00e9seaux n\u00e9cessitant une grande capacit\u00e9 et flexibilit\u00e9. Ce mod\u00e8le offre d\u2019excellentes [&hellip;]<\/p>\n","protected":false},"featured_media":39452,"comment_status":"open","ping_status":"closed","template":"","meta":[],"product_brand":[640],"product_cat":[65,584,585],"product_tag":[106],"class_list":{"0":"post-39454","1":"product","2":"type-product","3":"status-publish","4":"has-post-thumbnail","6":"product_brand-brandp_543","7":"product_cat-informatique-electronique","8":"product_cat-informatique-reseaux-et-composants","9":"product_cat-switch","10":"product_tag-tag_1295","12":"first","13":"instock","14":"taxable","15":"shipping-taxable","16":"purchasable","17":"product-type-simple"},"_links":{"self":[{"href":"https:\/\/bigbuy.tupique.com\/es\/wp-json\/wp\/v2\/product\/39454","targetHints":{"allow":["GET"]}}],"collection":[{"href":"https:\/\/bigbuy.tupique.com\/es\/wp-json\/wp\/v2\/product"}],"about":[{"href":"https:\/\/bigbuy.tupique.com\/es\/wp-json\/wp\/v2\/types\/product"}],"replies":[{"embeddable":true,"href":"https:\/\/bigbuy.tupique.com\/es\/wp-json\/wp\/v2\/comments?post=39454"}],"wp:featuredmedia":[{"embeddable":true,"href":"https:\/\/bigbuy.tupique.com\/es\/wp-json\/wp\/v2\/media\/39452"}],"wp:attachment":[{"href":"https:\/\/bigbuy.tupique.com\/es\/wp-json\/wp\/v2\/media?parent=39454"}],"wp:term":[{"taxonomy":"product_brand","embeddable":true,"href":"https:\/\/bigbuy.tupique.com\/es\/wp-json\/wp\/v2\/product_brand?post=39454"},{"taxonomy":"product_cat","embeddable":true,"href":"https:\/\/bigbuy.tupique.com\/es\/wp-json\/wp\/v2\/product_cat?post=39454"},{"taxonomy":"product_tag","embeddable":true,"href":"https:\/\/bigbuy.tupique.com\/es\/wp-json\/wp\/v2\/product_tag?post=39454"}],"curies":[{"name":"wp","href":"https:\/\/api.w.org\/{rel}","templated":true}]}}