{"id":39355,"date":"2026-03-30T11:19:47","date_gmt":"2026-03-30T10:19:47","guid":{"rendered":"https:\/\/bigbuy.tupique.com\/produto\/stick-vacuum-cleaner-roborock-roborock-f25-rt\/"},"modified":"2026-04-16T20:51:28","modified_gmt":"2026-04-16T19:51:28","slug":"stick-vacuum-cleaner-roborock-roborock-f25-rt","status":"publish","type":"product","link":"https:\/\/bigbuy.tupique.com\/es\/produto\/stick-vacuum-cleaner-roborock-roborock-f25-rt\/","title":{"rendered":"Aspirateur balai Roborock ROBOROCK F25 RT"},"content":{"rendered":"<p>Si vous recherchez des \u00e9lectrom\u00e9nagers pour votre maison aux meilleurs prix, ne manquez pas <b>Aspirateur balai Roborock ROBOROCK F25 RT<\/b> et une large s\u00e9lection de petits \u00e9lectrom\u00e9nagers de qualit\u00e9 !<\/p>\n<p>Le <b>ROBOROCK F25 RT<\/b> de Roborock est un <b>aspirateur balai<\/b> con\u00e7u pour offrir un nettoyage efficace et complet \u00e0 la maison. Il dispose d\u2019une puissante capacit\u00e9 d\u2019aspiration de <b>20 000 Pa<\/b>, garantissant l\u2019\u00e9limination efficace de la poussi\u00e8re et des salet\u00e9s sur diff\u00e9rents types de surfaces, des sols durs aux tapis. Ce mod\u00e8le se distingue par sa <b>fonction d\u2019auto-nettoyage<\/b>, qui utilise de l\u2019eau chaude \u00e0 90 \u00b0C pour maintenir le syst\u00e8me hygi\u00e9nique et sans r\u00e9sidus, am\u00e9liorant ainsi la durabilit\u00e9 du filtre et r\u00e9duisant la fr\u00e9quence d\u2019entretien. De plus, il int\u00e8gre un <b>filtre HEPA<\/b>, assurant la r\u00e9tention des particules fines et allerg\u00e8nes, ce qui am\u00e9liore nettement la qualit\u00e9 de l\u2019air int\u00e9rieur. Son design \u00e9lectrique et maniable facilite le nettoyage \u00e0 sec comme humide, s\u2019adaptant aux besoins vari\u00e9s de l\u2019utilisateur sans complication. La technologie de <b>nettoyage \u00e0 double lame<\/b> optimise la collecte des salet\u00e9s \u00e0 chaque passage, augmentant son efficacit\u00e9 et r\u00e9duisant le temps de nettoyage. L\u2019ensemble de ces caract\u00e9ristiques place le ROBOROCK F25 RT comme une option avanc\u00e9e parmi les aspirateurs balais, combinant puissance, hygi\u00e8ne et polyvalence en un seul appareil. Sa formule de nettoyage avec lavage \u00e0 chaud et filtration sp\u00e9cialis\u00e9e en fait un produit fonctionnel pour ceux qui recherchent une hygi\u00e8ne sup\u00e9rieure dans l\u2019entretien du foyer.<\/p>\n<ul>\n<li>Produit \u00e0 brancher: Oui<\/li>\n<li>Type: Aspirateur balai<\/li>\n<li>Aspiration: 20000 Pa<\/li>\n<li>Bloc d\u2019Alimentation:\n<ul>\n<li>r\u00e9seau \u00e9lectrique<\/li>\n<li>Batterie<\/li>\n<li>\u00c9lectrique<\/li>\n<\/ul>\n<\/li>\n<li>Capacit\u00e9 de la batterie:\n<ul>\n<li>2500 mAh<\/li>\n<li>2,5 Ah<\/li>\n<\/ul>\n<\/li>\n<li>Filtre: HEPA<\/li>\n<li>Capacit\u00e9:\n<ul>\n<li>720 ml<\/li>\n<li>0,7 L<\/li>\n<li>870 ml<\/li>\n<\/ul>\n<\/li>\n<li>Dimensions approx.: 34 cm<\/li>\n<li>Couleur: Blanc<\/li>\n<li>Caract\u00e9ristiques:\n<ul>\n<li>Auto-nettoyant<\/li>\n<li>\u00c9cran integr\u00e9<\/li>\n<li>Filtre<\/li>\n<li>Humide et sec<\/li>\n<li>Nettoyage \u00e0 sec et \u00e0 l&#8217;eau<\/li>\n<\/ul>\n<\/li>\n<li>Tension:\n<ul>\n<li>220 V<\/li>\n<li>21,6 V<\/li>\n<\/ul>\n<\/li>\n<li>Poids approx.: 4 Kg<\/li>\n<li>Inclut:\n<ul>\n<li>Chargeur<\/li>\n<li>Manuel de l&#8217;utilisateur<\/li>\n<\/ul>\n<\/li>\n<li>Autonomie approx.: 40 minutes<\/li>\n<\/ul>","protected":false},"excerpt":{"rendered":"<p><span class=\"unit-info\">44.4816 &euro; \/ 100 ml<\/span><\/p>","protected":false},"featured_media":39349,"comment_status":"open","ping_status":"closed","template":"","meta":[],"product_brand":[1246],"product_cat":[762,239,240],"product_tag":[59,56,210],"class_list":{"0":"post-39355","1":"product","2":"type-product","3":"status-publish","4":"has-post-thumbnail","6":"product_brand-brandp_6694","7":"product_cat-aspirateurs-et-robots","8":"product_cat-maison-jardin","9":"product_cat-nettoyage-aspirateur-et-repassage","10":"product_tag-tag_1304","11":"product_tag-tag_930","12":"product_tag-tag_25","14":"first","15":"instock","16":"taxable","17":"shipping-taxable","18":"purchasable","19":"product-type-simple"},"_links":{"self":[{"href":"https:\/\/bigbuy.tupique.com\/es\/wp-json\/wp\/v2\/product\/39355","targetHints":{"allow":["GET"]}}],"collection":[{"href":"https:\/\/bigbuy.tupique.com\/es\/wp-json\/wp\/v2\/product"}],"about":[{"href":"https:\/\/bigbuy.tupique.com\/es\/wp-json\/wp\/v2\/types\/product"}],"replies":[{"embeddable":true,"href":"https:\/\/bigbuy.tupique.com\/es\/wp-json\/wp\/v2\/comments?post=39355"}],"wp:featuredmedia":[{"embeddable":true,"href":"https:\/\/bigbuy.tupique.com\/es\/wp-json\/wp\/v2\/media\/39349"}],"wp:attachment":[{"href":"https:\/\/bigbuy.tupique.com\/es\/wp-json\/wp\/v2\/media?parent=39355"}],"wp:term":[{"taxonomy":"product_brand","embeddable":true,"href":"https:\/\/bigbuy.tupique.com\/es\/wp-json\/wp\/v2\/product_brand?post=39355"},{"taxonomy":"product_cat","embeddable":true,"href":"https:\/\/bigbuy.tupique.com\/es\/wp-json\/wp\/v2\/product_cat?post=39355"},{"taxonomy":"product_tag","embeddable":true,"href":"https:\/\/bigbuy.tupique.com\/es\/wp-json\/wp\/v2\/product_tag?post=39355"}],"curies":[{"name":"wp","href":"https:\/\/api.w.org\/{rel}","templated":true}]}}