{"id":39107,"date":"2026-03-30T11:03:03","date_gmt":"2026-03-30T10:03:03","guid":{"rendered":"https:\/\/bigbuy.tupique.com\/produto\/smartphone-honor-octa-core-16-gb-ram-512-gb-gold\/"},"modified":"2026-04-15T05:48:00","modified_gmt":"2026-04-15T04:48:00","slug":"smartphone-honor-octa-core-16-gb-ram-512-gb-gold","status":"publish","type":"product","link":"https:\/\/bigbuy.tupique.com\/es\/produto\/smartphone-honor-octa-core-16-gb-ram-512-gb-gold\/","title":{"rendered":"Smartphone Honor Magic V5 5G Octa Core 16 GB RAM 512 GB Or"},"content":{"rendered":"<p>Si vous \u00eates \u00e0 la recherche de nouvelles tendances sur le march\u00e9, nous vous pr\u00e9sentons <b>Smartphone Honor Magic V5 5G Octa Core 16 GB RAM 512 GB Or<\/b> !<\/p>\n<p>Le <b>Honor Magic V5 5G<\/b> est un <b>smartphone<\/b> d\u2019innovation maximale qui associe performance exceptionnelle et design avanc\u00e9 dans un format pliable et \u00e9l\u00e9gant, particuli\u00e8rement remarquable dans sa finition <b>or<\/b> ou <b>dor\u00e9e<\/b>. Sa conception premium int\u00e8gre des mat\u00e9riaux soigneusement s\u00e9lectionn\u00e9s et une charni\u00e8re renforc\u00e9e qui am\u00e9liore sa <b>r\u00e9sistance \u00e0 l\u2019eau et \u00e0 la poussi\u00e8re<\/b>, prot\u00e9geant l\u2019appareil aussi bien au quotidien que dans des environnements exigeants. Avec <b>16 Go de RAM<\/b> et une grande <b>capacit\u00e9 de stockage de 512 Go<\/b>, le Magic V5 5G garantit une rapidit\u00e9 multit\u00e2che et un espace suffisant pour les applications, photos et vid\u00e9os volumineuses. Les fonctions de localisation sont assur\u00e9es gr\u00e2ce au <b>GPS<\/b> int\u00e9gr\u00e9, id\u00e9al pour ceux qui ont besoin d\u2019une navigation pr\u00e9cise, tandis que le <b>barom\u00e8tre<\/b> et le capteur de lumi\u00e8re ambiante optimisent l\u2019exp\u00e9rience utilisateur en s\u2019adaptant aux conditions environnantes. Sa structure sophistiqu\u00e9e int\u00e8gre \u00e9galement un d\u00e9clencheur pour les cam\u00e9ras facilitant la prise de vue, profitant de la flexibilit\u00e9 d\u2019un terminal pliable pour divers angles et styles de photographie. Ce mod\u00e8le r\u00e9pond aux attentes de ceux qui recherchent dans un smartphone des fonctionnalit\u00e9s haut de gamme, des mat\u00e9riaux robustes, une grande autonomie et des d\u00e9tails qui apportent une r\u00e9elle valeur en mobilit\u00e9, travail et loisirs quotidiens. Ainsi, le Honor Magic V5 5G s\u2019impose comme un choix de premier plan dans la nouvelle g\u00e9n\u00e9ration de smartphones pliables hautes performances, alliant parfaitement ing\u00e9nierie, capacit\u00e9 et design raffin\u00e9.<\/p>\n<ul>\n<li>Produit \u00e0 brancher: Oui<\/li>\n<li>Type de prise: Prise EU<\/li>\n<li>Type:\n<ul>\n<li>Smartphone<\/li>\n<li>D\u00e9clenchement de l&#8217;appareil photo<\/li>\n<\/ul>\n<\/li>\n<li>Bloc d\u2019Alimentation:\n<ul>\n<li>r\u00e9seau \u00e9lectrique<\/li>\n<li>USB<\/li>\n<\/ul>\n<\/li>\n<li>Technologie:\n<ul>\n<li>OLED<\/li>\n<li>LED<\/li>\n<li>Mime<\/li>\n<li>Glonass<\/li>\n<li>Bluetooth aptX low Latency<\/li>\n<\/ul>\n<\/li>\n<li>Syst\u00e8me d&#8217;exploitation: Android<\/li>\n<li>puissance: 66 W<\/li>\n<li>Connectivit\u00e9:\n<ul>\n<li>NFC<\/li>\n<li>5G<\/li>\n<li>Bluetooth<\/li>\n<li>Wi-Fi<\/li>\n<li>BeiDou<\/li>\n<li>Positionnement de Wi-Fi<\/li>\n<li>WCDMA<\/li>\n<li>Bluetooth Low Energy<\/li>\n<\/ul>\n<\/li>\n<li>Cam\u00e9ra\/Appareil Photo:\n<ul>\n<li>20 mpx<\/li>\n<li>50 Mp<\/li>\n<li>Frontal<\/li>\n<li>20 Mp<\/li>\n<li>Triple<\/li>\n<\/ul>\n<\/li>\n<li>Connexions:\n<ul>\n<li>USB-C<\/li>\n<li>Dual SIM<\/li>\n<\/ul>\n<\/li>\n<li>Processeur:\n<ul>\n<li>Octa Core<\/li>\n<li>Qualcomm Snapdragon 8 Elite<\/li>\n<\/ul>\n<\/li>\n<li>M\u00e9moire RAM: 16 GB RAM<\/li>\n<li>M\u00e9moire interne: 512 GB<\/li>\n<li>Couleur:\n<ul>\n<li>Or<\/li>\n<li>Dor\u00e9<\/li>\n<\/ul>\n<\/li>\n<li>Caract\u00e9ristiques:\n<ul>\n<li>GPS<\/li>\n<li>Barom\u00e8tre<\/li>\n<li>Capteur de lumi\u00e8re ambiante<\/li>\n<li>R\u00e9sistant \u00e0 l&#8217;eau et \u00e0 la poussi\u00e8re<\/li>\n<li>Appel vid\u00e9o<\/li>\n<li>HDR<\/li>\n<li>Garantie<\/li>\n<li>Guide d&#8217;installation inclus<\/li>\n<li>Chargement rapide et fiable<\/li>\n<li>SMS<\/li>\n<li>Chargeur sans fil<\/li>\n<li>Syst\u00e8me de reconnaissance faciale<\/li>\n<li>Lecteur d&#8217;empreintes<\/li>\n<li>Capteur de proximit\u00e9<\/li>\n<li>\u00c9cran plat<\/li>\n<\/ul>\n<\/li>\n<li>Classification \u00e9nerg\u00e9tique: B<\/li>\n<li>Ouverture: F\/2,0<\/li>\n<li>Capteurs:\n<ul>\n<li>Acc\u00e9l\u00e9rom\u00e8tre<\/li>\n<li>Gyroscope<\/li>\n<li>Magn\u00e9tom\u00e8tre<\/li>\n<\/ul>\n<\/li>\n<li>Inclut:\n<ul>\n<li>Capteur infrarouge<\/li>\n<li>\u00c9tui de protection<\/li>\n<\/ul>\n<\/li>\n<li>Fonctions: ECO<\/li>\n<li>Non Inclus: Adaptateur AC<\/li>\n<li>Fr\u00e9quence: 120 Hz<\/li>\n<li>Type de batterie: Litio Ion<\/li>\n<li>Noyaux: 8 Noyaux<\/li>\n<li>Famille de processeurs: Qualcomm Snapdragon<\/li>\n<li>R\u00e9solution (px): 3840 x 2160 px<\/li>\n<\/ul>","protected":false},"excerpt":{"rendered":"<p>Si vous \u00eates \u00e0 la recherche de nouvelles tendances sur le march\u00e9, nous vous pr\u00e9sentons Smartphone Honor Magic V5 5G Octa Core 16 GB RAM 512 GB Or ! Le Honor Magic V5 5G est un smartphone d\u2019innovation maximale qui associe performance exceptionnelle et design avanc\u00e9 dans un format pliable et \u00e9l\u00e9gant, particuli\u00e8rement remarquable dans [&hellip;]<\/p>\n","protected":false},"featured_media":39102,"comment_status":"open","ping_status":"closed","template":"","meta":[],"product_brand":[1155],"product_cat":[575,65,960],"product_tag":[213,566,106],"class_list":{"0":"post-39107","1":"product","2":"type-product","3":"status-publish","4":"has-post-thumbnail","6":"product_brand-brandp_1272","7":"product_cat-electronique-telephonie-et-tablettes","8":"product_cat-informatique-electronique","9":"product_cat-telephones-portables","10":"product_tag-tag_933","11":"product_tag-tag_547","12":"product_tag-tag_1295","14":"first","15":"instock","16":"taxable","17":"shipping-taxable","18":"purchasable","19":"product-type-simple"},"_links":{"self":[{"href":"https:\/\/bigbuy.tupique.com\/es\/wp-json\/wp\/v2\/product\/39107","targetHints":{"allow":["GET"]}}],"collection":[{"href":"https:\/\/bigbuy.tupique.com\/es\/wp-json\/wp\/v2\/product"}],"about":[{"href":"https:\/\/bigbuy.tupique.com\/es\/wp-json\/wp\/v2\/types\/product"}],"replies":[{"embeddable":true,"href":"https:\/\/bigbuy.tupique.com\/es\/wp-json\/wp\/v2\/comments?post=39107"}],"wp:featuredmedia":[{"embeddable":true,"href":"https:\/\/bigbuy.tupique.com\/es\/wp-json\/wp\/v2\/media\/39102"}],"wp:attachment":[{"href":"https:\/\/bigbuy.tupique.com\/es\/wp-json\/wp\/v2\/media?parent=39107"}],"wp:term":[{"taxonomy":"product_brand","embeddable":true,"href":"https:\/\/bigbuy.tupique.com\/es\/wp-json\/wp\/v2\/product_brand?post=39107"},{"taxonomy":"product_cat","embeddable":true,"href":"https:\/\/bigbuy.tupique.com\/es\/wp-json\/wp\/v2\/product_cat?post=39107"},{"taxonomy":"product_tag","embeddable":true,"href":"https:\/\/bigbuy.tupique.com\/es\/wp-json\/wp\/v2\/product_tag?post=39107"}],"curies":[{"name":"wp","href":"https:\/\/api.w.org\/{rel}","templated":true}]}}