{"id":38834,"date":"2026-03-30T10:37:25","date_gmt":"2026-03-30T09:37:25","guid":{"rendered":"https:\/\/bigbuy.tupique.com\/produto\/processor-amd-ryzen-9-9950x3d-amd-ryzen-9-9950x3d-amd-am5\/"},"modified":"2026-04-15T10:44:33","modified_gmt":"2026-04-15T09:44:33","slug":"processor-amd-ryzen-9-9950x3d-amd-ryzen-9-9950x3d-amd-am5","status":"publish","type":"product","link":"https:\/\/bigbuy.tupique.com\/es\/produto\/processor-amd-ryzen-9-9950x3d-amd-ryzen-9-9950x3d-amd-am5\/","title":{"rendered":"Processeur AMD Ryzen 9 9950X3D AMD Ryzen 9 9950X3D AMD AM5"},"content":{"rendered":"<p>Si vous \u00eates \u00e0 la recherche de nouvelles tendances sur le march\u00e9, nous vous pr\u00e9sentons <b>Processeur AMD Ryzen 9 9950X3D AMD Ryzen 9 9950X3D AMD AM5<\/b> !<\/p>\n<ul>\n<li>Processeur: AMD Ryzen 9 9950X3D<\/li>\n<li>Contr\u00f4leur graphique: AMD RADEON GRAPHICS<\/li>\n<li>Fr\u00e9quence: 4,0 Ghz<\/li>\n<li>Socket: AMD AM5<\/li>\n<li>Noyaux: 16 Noyaux<\/li>\n<li>vitesse: 4.3 Ghz<\/li>\n<li>Famille de processeurs: AMD Ryzen 9<\/li>\n<\/ul>","protected":false},"excerpt":{"rendered":"<p>Si vous \u00eates \u00e0 la recherche de nouvelles tendances sur le march\u00e9, nous vous pr\u00e9sentons Processeur AMD Ryzen 9 9950X3D AMD Ryzen 9 9950X3D AMD AM5 ! Processeur: AMD Ryzen 9 9950X3D Contr\u00f4leur graphique: AMD RADEON GRAPHICS Fr\u00e9quence: 4,0 Ghz Socket: AMD AM5 Noyaux: 16 Noyaux vitesse: 4.3 Ghz Famille de processeurs: AMD Ryzen 9<\/p>","protected":false},"featured_media":38833,"comment_status":"open","ping_status":"closed","template":"","meta":[],"product_brand":[801],"product_cat":[65,584,743],"product_tag":[106],"class_list":{"0":"post-38834","1":"product","2":"type-product","3":"status-publish","4":"has-post-thumbnail","6":"product_brand-brandp_531","7":"product_cat-informatique-electronique","8":"product_cat-informatique-reseaux-et-composants","9":"product_cat-processeurs","10":"product_tag-tag_1295","12":"first","13":"instock","14":"taxable","15":"shipping-taxable","16":"purchasable","17":"product-type-simple"},"_links":{"self":[{"href":"https:\/\/bigbuy.tupique.com\/es\/wp-json\/wp\/v2\/product\/38834","targetHints":{"allow":["GET"]}}],"collection":[{"href":"https:\/\/bigbuy.tupique.com\/es\/wp-json\/wp\/v2\/product"}],"about":[{"href":"https:\/\/bigbuy.tupique.com\/es\/wp-json\/wp\/v2\/types\/product"}],"replies":[{"embeddable":true,"href":"https:\/\/bigbuy.tupique.com\/es\/wp-json\/wp\/v2\/comments?post=38834"}],"wp:featuredmedia":[{"embeddable":true,"href":"https:\/\/bigbuy.tupique.com\/es\/wp-json\/wp\/v2\/media\/38833"}],"wp:attachment":[{"href":"https:\/\/bigbuy.tupique.com\/es\/wp-json\/wp\/v2\/media?parent=38834"}],"wp:term":[{"taxonomy":"product_brand","embeddable":true,"href":"https:\/\/bigbuy.tupique.com\/es\/wp-json\/wp\/v2\/product_brand?post=38834"},{"taxonomy":"product_cat","embeddable":true,"href":"https:\/\/bigbuy.tupique.com\/es\/wp-json\/wp\/v2\/product_cat?post=38834"},{"taxonomy":"product_tag","embeddable":true,"href":"https:\/\/bigbuy.tupique.com\/es\/wp-json\/wp\/v2\/product_tag?post=38834"}],"curies":[{"name":"wp","href":"https:\/\/api.w.org\/{rel}","templated":true}]}}