{"id":38815,"date":"2026-03-30T10:36:42","date_gmt":"2026-03-30T09:36:42","guid":{"rendered":"https:\/\/bigbuy.tupique.com\/produto\/self-cleaning-litter-box-for-cats-trixie-white-51-x-56-x-54-cm-plastic\/"},"modified":"2026-05-11T19:55:17","modified_gmt":"2026-05-11T17:55:17","slug":"self-cleaning-litter-box-for-cats-trixie-white-51-x-56-x-54-cm-plastic","status":"publish","type":"product","link":"https:\/\/bigbuy.tupique.com\/es\/produto\/self-cleaning-litter-box-for-cats-trixie-white-51-x-56-x-54-cm-plastic\/","title":{"rendered":"Bac \u00e0 liti\u00e8re autonettoyant pour chats Trixie Blanc 51 x 56 x 54 cm Plastique"},"content":{"rendered":"<p>Si vous \u00eates \u00e0 la recherche de nouvelles tendances sur le march\u00e9, nous vous pr\u00e9sentons <b>Bac \u00e0 liti\u00e8re autonettoyant pour chats Trixie Blanc 51 x 56 x 54 cm Plastique<\/b> !<\/p>\n<ul>\n<li>Type de prise: Prise EU<\/li>\n<li>Produit \u00e0 brancher: Oui<\/li>\n<li>Type: Bac \u00e0 liti\u00e8re autonettoyant pour chats<\/li>\n<li>Bloc d\u2019Alimentation: r\u00e9seau \u00e9lectrique<\/li>\n<li>Couleur: Blanc<\/li>\n<li>Caract\u00e9ristiques:\n<ul>\n<li>Minuterie<\/li>\n<li>Auto-nettoyant<\/li>\n<li>Application de contr\u00f4le \u00e0 distance<\/li>\n<\/ul>\n<\/li>\n<li>Capacit\u00e9: 6 L<\/li>\n<li>Dimensions approx.: 51 x 56 x 54 cm<\/li>\n<li>Mati\u00e8re: Plastique<\/li>\n<\/ul>","protected":false},"excerpt":{"rendered":"<p><span class=\"unit-info\">73.6650 &euro; \/ 1 l<\/span><\/p>","protected":false},"featured_media":192634,"comment_status":"open","ping_status":"closed","template":"","meta":[],"product_brand":[445],"product_cat":[621,786,239],"product_tag":[],"class_list":{"0":"post-38815","1":"product","2":"type-product","3":"status-publish","4":"has-post-thumbnail","6":"product_brand-brandp_3600","7":"product_cat-animaux-de-compagnie","8":"product_cat-jouets","9":"product_cat-maison-jardin","11":"first","12":"instock","13":"taxable","14":"shipping-taxable","15":"purchasable","16":"product-type-simple"},"_links":{"self":[{"href":"https:\/\/bigbuy.tupique.com\/es\/wp-json\/wp\/v2\/product\/38815","targetHints":{"allow":["GET"]}}],"collection":[{"href":"https:\/\/bigbuy.tupique.com\/es\/wp-json\/wp\/v2\/product"}],"about":[{"href":"https:\/\/bigbuy.tupique.com\/es\/wp-json\/wp\/v2\/types\/product"}],"replies":[{"embeddable":true,"href":"https:\/\/bigbuy.tupique.com\/es\/wp-json\/wp\/v2\/comments?post=38815"}],"wp:featuredmedia":[{"embeddable":true,"href":"https:\/\/bigbuy.tupique.com\/es\/wp-json\/wp\/v2\/media\/192634"}],"wp:attachment":[{"href":"https:\/\/bigbuy.tupique.com\/es\/wp-json\/wp\/v2\/media?parent=38815"}],"wp:term":[{"taxonomy":"product_brand","embeddable":true,"href":"https:\/\/bigbuy.tupique.com\/es\/wp-json\/wp\/v2\/product_brand?post=38815"},{"taxonomy":"product_cat","embeddable":true,"href":"https:\/\/bigbuy.tupique.com\/es\/wp-json\/wp\/v2\/product_cat?post=38815"},{"taxonomy":"product_tag","embeddable":true,"href":"https:\/\/bigbuy.tupique.com\/es\/wp-json\/wp\/v2\/product_tag?post=38815"}],"curies":[{"name":"wp","href":"https:\/\/api.w.org\/{rel}","templated":true}]}}