{"id":38664,"date":"2026-03-30T10:20:36","date_gmt":"2026-03-30T09:20:36","guid":{"rendered":"https:\/\/bigbuy.tupique.com\/produto\/stapler-stanley-18-v\/"},"modified":"2026-05-11T20:01:25","modified_gmt":"2026-05-11T18:01:25","slug":"stapler-stanley-18-v","status":"publish","type":"product","link":"https:\/\/bigbuy.tupique.com\/es\/produto\/stapler-stanley-18-v\/","title":{"rendered":"Agrafeuse Stanley 18 V"},"content":{"rendered":"<p>Si vous \u00eates \u00e0 la recherche de nouvelles tendances sur le march\u00e9, nous vous pr\u00e9sentons <b>Agrafeuse Stanley 18 V<\/b> !<\/p>\n<ul>\n<li>Type: Agrafeuse<\/li>\n<li>Tension: 18 V<\/li>\n<\/ul>","protected":false},"excerpt":{"rendered":"<p>Si vous \u00eates \u00e0 la recherche de nouvelles tendances sur le march\u00e9, nous vous pr\u00e9sentons Agrafeuse Stanley 18 V ! Type: Agrafeuse Tension: 18 V<\/p>","protected":false},"featured_media":38658,"comment_status":"open","ping_status":"closed","template":"","meta":[],"product_brand":[833],"product_cat":[613,239],"product_tag":[59,210],"class_list":{"0":"post-38664","1":"product","2":"type-product","3":"status-publish","4":"has-post-thumbnail","6":"product_brand-brandp_3090","7":"product_cat-bricolage-et-materiel","8":"product_cat-maison-jardin","9":"product_tag-tag_1304","10":"product_tag-tag_25","12":"first","13":"instock","14":"taxable","15":"shipping-taxable","16":"purchasable","17":"product-type-simple"},"_links":{"self":[{"href":"https:\/\/bigbuy.tupique.com\/es\/wp-json\/wp\/v2\/product\/38664","targetHints":{"allow":["GET"]}}],"collection":[{"href":"https:\/\/bigbuy.tupique.com\/es\/wp-json\/wp\/v2\/product"}],"about":[{"href":"https:\/\/bigbuy.tupique.com\/es\/wp-json\/wp\/v2\/types\/product"}],"replies":[{"embeddable":true,"href":"https:\/\/bigbuy.tupique.com\/es\/wp-json\/wp\/v2\/comments?post=38664"}],"wp:featuredmedia":[{"embeddable":true,"href":"https:\/\/bigbuy.tupique.com\/es\/wp-json\/wp\/v2\/media\/38658"}],"wp:attachment":[{"href":"https:\/\/bigbuy.tupique.com\/es\/wp-json\/wp\/v2\/media?parent=38664"}],"wp:term":[{"taxonomy":"product_brand","embeddable":true,"href":"https:\/\/bigbuy.tupique.com\/es\/wp-json\/wp\/v2\/product_brand?post=38664"},{"taxonomy":"product_cat","embeddable":true,"href":"https:\/\/bigbuy.tupique.com\/es\/wp-json\/wp\/v2\/product_cat?post=38664"},{"taxonomy":"product_tag","embeddable":true,"href":"https:\/\/bigbuy.tupique.com\/es\/wp-json\/wp\/v2\/product_tag?post=38664"}],"curies":[{"name":"wp","href":"https:\/\/api.w.org\/{rel}","templated":true}]}}