{"id":38593,"date":"2026-03-30T10:17:38","date_gmt":"2026-03-30T09:17:38","guid":{"rendered":"https:\/\/bigbuy.tupique.com\/produto\/smartwatch-apple-titanium\/"},"modified":"2026-04-16T19:41:26","modified_gmt":"2026-04-16T18:41:26","slug":"smartwatch-apple-titanium","status":"publish","type":"product","link":"https:\/\/bigbuy.tupique.com\/es\/produto\/smartwatch-apple-titanium\/","title":{"rendered":"Montre intelligente Apple Titane"},"content":{"rendered":"<p>Si vous \u00eates passionn\u00e9 d&#8217;<b>informatique et d&#8217;\u00e9lectronique<\/b>, si vous \u00eates \u00e0 la pointe de la technologie et qu&#8217;aucun d\u00e9tail ne vous \u00e9chappe, achetez <b>Montre intelligente Apple Titane<\/b> au meilleur prix.<\/p>\n<p>La <b>Apple Watch Series 11<\/b> est une <b>smartwatch<\/b> qui allie design et technologie avanc\u00e9e pour offrir une exp\u00e9rience compl\u00e8te au poignet. Son bo\u00eetier de <b>42 mm en titane dor\u00e9<\/b> garantit l\u00e9g\u00e8ret\u00e9 et durabilit\u00e9 avec une finition \u00e9l\u00e9gante, compl\u00e9t\u00e9 par un <b>bracelet Milanese Loop dor\u00e9<\/b> apportant sophistication et confort. Le corps en <b>acier inoxydable<\/b> assure r\u00e9sistance et toucher premium. Cette montre connect\u00e9e int\u00e8gre des capteurs avanc\u00e9s comme un <b>acc\u00e9l\u00e9rom\u00e8tre<\/b> et un <b>capteur de lumi\u00e8re ambiante<\/b>, permettant de mesurer pr\u00e9cis\u00e9ment l\u2019activit\u00e9 physique et d\u2019adapter la luminosit\u00e9 de son <b>\u00e9cran tactile<\/b> pour une visibilit\u00e9 optimale en toute condition. Elle est \u00e9quip\u00e9e de la connectivit\u00e9 <b>Bluetooth<\/b>, <b>Wi-Fi<\/b> et <b>GPS<\/b>, facilitant la synchronisation avec d\u2019autres appareils et la localisation en ext\u00e9rieur sans d\u00e9pendre du t\u00e9l\u00e9phone. De plus, elle dispose de <b>haut-parleurs int\u00e9gr\u00e9s<\/b> autonomes pour diffuser sons, appels et alertes directement au poignet. Cette version GPS + Cellular permet une gestion ind\u00e9pendante des appels et messages, id\u00e9ale pour une mobilit\u00e9 totale. L\u2019Apple Watch Series 11 se distingue par son \u00e9quilibre entre mat\u00e9riaux premium, technologie avanc\u00e9e et fonctionnalit\u00e9s orient\u00e9es sant\u00e9 et connectivit\u00e9, dans un design adapt\u00e9 \u00e0 un usage quotidien exigeant et styl\u00e9. En somme, elle refl\u00e8te l\u2019engagement d\u2019Apple pour une smartwatch alliant innovation technique et esth\u00e9tique soign\u00e9e, pens\u00e9e pour les utilisateurs recherchant pr\u00e9cision et \u00e9l\u00e9gance dans leurs wearables.<\/p>\n<ul>\n<li>Type de montre: Montre intelligente<\/li>\n<li>Produit \u00e0 brancher: Oui<\/li>\n<li>Bloc d\u2019Alimentation: r\u00e9seau \u00e9lectrique<\/li>\n<li>Couleur:\n<ul>\n<li>Gris<\/li>\n<li>Titane<\/li>\n<\/ul>\n<\/li>\n<li>Taille:\n<ul>\n<li>30 mm<\/li>\n<li>240 mm<\/li>\n<li>36 mm<\/li>\n<li>77 mm<\/li>\n<\/ul>\n<\/li>\n<li>Connectivit\u00e9:\n<ul>\n<li>Bluetooth<\/li>\n<li>Wi-Fi<\/li>\n<li>GPS<\/li>\n<li>NFC<\/li>\n<li>Glonass<\/li>\n<li>BeiDou<\/li>\n<li>Galileo<\/li>\n<li>5G<\/li>\n<li>Bluetooth Low Energy<\/li>\n<li>LTE<\/li>\n<li>Bluetooth 5.3<\/li>\n<\/ul>\n<\/li>\n<li>Caisse: 42 mm<\/li>\n<li>Poids approx.: 300 g<\/li>\n<li>R\u00e9sistant \u00e0 l&#8217;eau: 50 m<\/li>\n<li>Mati\u00e8re: Acier inoxydable<\/li>\n<li>Caract\u00e9ristiques:\n<ul>\n<li>Acc\u00e9l\u00e9rom\u00e8tre<\/li>\n<li>Haut-parleurs int\u00e9gr\u00e9s<\/li>\n<li>Ecran tactile<\/li>\n<li>Capteur de lumi\u00e8re ambiante<\/li>\n<li>Gyroscope<\/li>\n<li>Altim\u00e8tre<\/li>\n<li>Microphone int\u00e9gr\u00e9<\/li>\n<li>Distance parcourue<\/li>\n<li>Moniteur de Sommeil<\/li>\n<li>Connexion au r\u00e9seau mobile<\/li>\n<li>Charge magn\u00e9tique<\/li>\n<li>Multisport<\/li>\n<li>Capteur de niveau d&#8217;oxyg\u00e8ne dans le sang<\/li>\n<li>\u00c9cran avec coins arrondis<\/li>\n<\/ul>\n<\/li>\n<li>Fonctions:\n<ul>\n<li>\u00c9cran couleur<\/li>\n<li>Moniteur de Sommeil<\/li>\n<li>Moniteur de fr\u00e9quence cardiaque<\/li>\n<\/ul>\n<\/li>\n<li>Type de batterie:\n<ul>\n<li>Int\u00e9gr\u00e9e<\/li>\n<li>Litio Ion<\/li>\n<\/ul>\n<\/li>\n<li>Compatible: Siri<\/li>\n<li>M\u00e9moire interne: 64 GB<\/li>\n<li>Forme: Rectangulaire<\/li>\n<li>Cam\u00e9ra\/Appareil Photo: Non<\/li>\n<li>Chargeur sans fil: Oui<\/li>\n<li>Radio FM: Non<\/li>\n<li>Technologie: OLED<\/li>\n<li>Connexion USB: Non<\/li>\n<li>Sangle: Amovible<\/li>\n<li>M\u00e9moire Flash: 64 MB<\/li>\n<li>Noyaux: 2 Noyaux<\/li>\n<\/ul>","protected":false},"excerpt":{"rendered":"<p><span class=\"unit-info\">13818.0519 &euro; \/ 1 m<\/span><\/p>","protected":false},"featured_media":157340,"comment_status":"open","ping_status":"closed","template":"","meta":[],"product_brand":[979],"product_cat":[575,65,748],"product_tag":[103,59,566,106],"class_list":{"0":"post-38593","1":"product","2":"type-product","3":"status-publish","4":"has-post-thumbnail","6":"product_brand-brandp_533","7":"product_cat-electronique-telephonie-et-tablettes","8":"product_cat-informatique-electronique","9":"product_cat-smartwatches","10":"product_tag-tag_1261","11":"product_tag-tag_1304","12":"product_tag-tag_547","13":"product_tag-tag_1295","15":"first","16":"instock","17":"taxable","18":"shipping-taxable","19":"purchasable","20":"product-type-simple"},"_links":{"self":[{"href":"https:\/\/bigbuy.tupique.com\/es\/wp-json\/wp\/v2\/product\/38593","targetHints":{"allow":["GET"]}}],"collection":[{"href":"https:\/\/bigbuy.tupique.com\/es\/wp-json\/wp\/v2\/product"}],"about":[{"href":"https:\/\/bigbuy.tupique.com\/es\/wp-json\/wp\/v2\/types\/product"}],"replies":[{"embeddable":true,"href":"https:\/\/bigbuy.tupique.com\/es\/wp-json\/wp\/v2\/comments?post=38593"}],"wp:featuredmedia":[{"embeddable":true,"href":"https:\/\/bigbuy.tupique.com\/es\/wp-json\/wp\/v2\/media\/157340"}],"wp:attachment":[{"href":"https:\/\/bigbuy.tupique.com\/es\/wp-json\/wp\/v2\/media?parent=38593"}],"wp:term":[{"taxonomy":"product_brand","embeddable":true,"href":"https:\/\/bigbuy.tupique.com\/es\/wp-json\/wp\/v2\/product_brand?post=38593"},{"taxonomy":"product_cat","embeddable":true,"href":"https:\/\/bigbuy.tupique.com\/es\/wp-json\/wp\/v2\/product_cat?post=38593"},{"taxonomy":"product_tag","embeddable":true,"href":"https:\/\/bigbuy.tupique.com\/es\/wp-json\/wp\/v2\/product_tag?post=38593"}],"curies":[{"name":"wp","href":"https:\/\/api.w.org\/{rel}","templated":true}]}}