{"id":38265,"date":"2026-03-30T09:51:14","date_gmt":"2026-03-30T08:51:14","guid":{"rendered":"https:\/\/bigbuy.tupique.com\/produto\/tablet-apple-jaune-11-128-gb\/"},"modified":"2026-04-16T19:51:31","modified_gmt":"2026-04-16T18:51:31","slug":"tablet-apple-jaune-11-128-gb","status":"publish","type":"product","link":"https:\/\/bigbuy.tupique.com\/es\/produto\/tablet-apple-jaune-11-128-gb\/","title":{"rendered":"Tablette Apple Jaune 11&#8243; 128 GB"},"content":{"rendered":"<p>Si vous \u00eates passionn\u00e9 d&#8217;<b>informatique et d&#8217;\u00e9lectronique<\/b>, si vous \u00eates \u00e0 la pointe de la technologie et qu&#8217;aucun d\u00e9tail ne vous \u00e9chappe, achetez <b>Tablette Apple Jaune 11&#8243; 128 GB<\/b> au meilleur prix.<\/p>\n<p>Le <b>Apple iPad 2025<\/b> est une <b>tablette<\/b> de derni\u00e8re g\u00e9n\u00e9ration qui se distingue par son design en couleur <b>jaune<\/b> et un \u00e9cran <b>Liquid Retina de 11 pouces<\/b>, id\u00e9al pour les loisirs comme pour les t\u00e2ches professionnelles. Il est \u00e9quip\u00e9 d\u2019une puissante puce <b>A16<\/b> garantissant des performances ultra-rapides et efficaces, permettant d\u2019ex\u00e9cuter plusieurs applications simultan\u00e9ment sans perte de fluidit\u00e9. Il dispose d\u2019une capacit\u00e9 de stockage de <b>128 Go<\/b>, suffisante pour conserver une grande quantit\u00e9 de contenus et documents, ainsi que de <b>6 Go de m\u00e9moire RAM<\/b> assurant une exp\u00e9rience multit\u00e2che optimale. Sa connectivit\u00e9 repose sur un port <b>USB-C<\/b>, facilitant la connexion \u00e0 des disques durs externes, \u00e9crans et autres accessoires compatibles, augmentant ainsi la polyvalence de l\u2019appareil. C\u00f4t\u00e9 photo, il int\u00e8gre un appareil photo arri\u00e8re <b>grand angle de 12 m\u00e9gapixels<\/b> pour capturer des images et vid\u00e9os de haute qualit\u00e9, ainsi qu\u2019un syst\u00e8me de cam\u00e9ra frontale <b>12MP Center Stage<\/b> qui ajuste automatiquement le cadrage lors des appels vid\u00e9o pour que l\u2019utilisateur reste toujours centr\u00e9, combin\u00e9 \u00e0 la technologie <b>HDR Intelligent<\/b> pour obtenir des photos naturelles et d\u00e9taill\u00e9es m\u00eame en conditions d\u2019\u00e9clairage complexes. Sa connectivit\u00e9 sans fil se fait via <b>Wi-Fi<\/b>, assurant une connexion rapide et stable pour naviguer ou t\u00e9l\u00e9charger du contenu. Le design int\u00e8gre des haut-parleurs st\u00e9r\u00e9o et des microphones int\u00e9gr\u00e9s, con\u00e7us pour offrir une exp\u00e9rience multim\u00e9dia immersive et permettre des enregistrements audio clairs, faisant de l\u2019iPad un centre multim\u00e9dia et professionnel portable. Gr\u00e2ce \u00e0 la technologie <b>True Tone<\/b>, l\u2019\u00e9cran ajuste automatiquement la teinte des couleurs selon la lumi\u00e8re ambiante, optimisant la visualisation pour de longues sessions d\u2019utilisation et r\u00e9duisant la fatigue visuelle. Son design est compl\u00e9t\u00e9 par la compatibilit\u00e9 avec des accessoires tels que le <b>Apple Pencil<\/b> et le <b>Magic Keyboard Folio<\/b>, qui stimulent la cr\u00e9ativit\u00e9 et la productivit\u00e9 en permettant de prendre des notes, dessiner ou \u00e9crire confortablement. Il inclut une prise europ\u00e9enne pour son chargeur, garantissant la compatibilit\u00e9 en Europe. Cet iPad repr\u00e9sente un \u00e9quilibre entre puissance, portabilit\u00e9 et fonctionnalit\u00e9, adapt\u00e9 aux utilisateurs recherchant un appareil polyvalent pour le travail comme pour le divertissement.<\/p>\n<ul>\n<li>Type:\n<ul>\n<li>Tablette<\/li>\n<li>iPad<\/li>\n<li>Flash<\/li>\n<\/ul>\n<\/li>\n<li>Type de prise: Prise EU<\/li>\n<li>Produit \u00e0 brancher: Oui<\/li>\n<li>Connectivit\u00e9:\n<ul>\n<li>Wi-Fi<\/li>\n<li>Bluetooth<\/li>\n<li>GPS<\/li>\n<li>Wi-Fi 6 GHz<\/li>\n<li>Bluetooth 5.3<\/li>\n<\/ul>\n<\/li>\n<li>M\u00e9moire RAM: 128 GB<\/li>\n<li>Formats: AAC<\/li>\n<li>Syst\u00e8me d&#8217;exploitation:\n<ul>\n<li>iPadOS<\/li>\n<li>iOS<\/li>\n<\/ul>\n<\/li>\n<li>Caract\u00e9ristiques:\n<ul>\n<li>Capteur de lumi\u00e8re ambiante<\/li>\n<li>Contr\u00f4le vocal<\/li>\n<li>Cam\u00e9ra frontale<\/li>\n<li>Microphone int\u00e9gr\u00e9<\/li>\n<li>Autofocus<\/li>\n<li>Pile incluse<\/li>\n<li>Stabilisateur d&#8217;image<\/li>\n<li>2 Haut-parleurs<\/li>\n<li>Lecteur d&#8217;empreintes<\/li>\n<li>Boussole \u00e9lectronique<\/li>\n<li>\u00c9cran avec coins arrondis<\/li>\n<\/ul>\n<\/li>\n<li>Bloc d\u2019Alimentation:\n<ul>\n<li>r\u00e9seau \u00e9lectrique<\/li>\n<li>USB<\/li>\n<\/ul>\n<\/li>\n<li>Cam\u00e9ra\/Appareil Photo:\n<ul>\n<li>12 MP<\/li>\n<li>Arri\u00e8re<\/li>\n<\/ul>\n<\/li>\n<li>Plate-forme: iOS<\/li>\n<li>Classification \u00e9nerg\u00e9tique: G<\/li>\n<li>Noyaux:\n<ul>\n<li>1<\/li>\n<li>16 Noyaux<\/li>\n<\/ul>\n<\/li>\n<li>Diagonale de l&#8217;\u00e9cran (cm): 27,9 cm<\/li>\n<li>Couleur: Jaune<\/li>\n<li>Mati\u00e8re: Aluminium<\/li>\n<li>Connexions:\n<ul>\n<li>USB-C<\/li>\n<li>USB-C 2.0<\/li>\n<\/ul>\n<\/li>\n<li>Fonctions:\n<ul>\n<li>Barom\u00e8tre<\/li>\n<li>Acc\u00e9l\u00e9rom\u00e8tre<\/li>\n<li>G\u00e9olocalisation<\/li>\n<\/ul>\n<\/li>\n<li>Ouverture: F\/1,8<\/li>\n<li>Technologie:\n<ul>\n<li>LED<\/li>\n<li>IPS<\/li>\n<li>Mime<\/li>\n<li>Capacitive<\/li>\n<\/ul>\n<\/li>\n<li>Brille: 500 cd\/m2<\/li>\n<li>Non Inclus:\n<ul>\n<li>Adaptateur AC<\/li>\n<li>Connexion au r\u00e9seau mobile<\/li>\n<\/ul>\n<\/li>\n<li>Ecran: 11&#8243;<\/li>\n<li>Certificat: Certification ENERGY STAR<\/li>\n<li>Compatible: iPadOS<\/li>\n<li>M\u00e9moire interne: 128 GB<\/li>\n<li>Type de batterie: Litio Ion<\/li>\n<li>R\u00e9solution: 2360 x 1640 px<\/li>\n<li>R\u00e9solution (px):\n<ul>\n<li>3840 x 2160 px<\/li>\n<li>2160 px<\/li>\n<\/ul>\n<\/li>\n<li>Autonomie approx.: 10 heures<\/li>\n<li>Type de stockage: Flash<\/li>\n<li>Processeur: M4<\/li>\n<\/ul>","protected":false},"excerpt":{"rendered":"<p>Si vous \u00eates passionn\u00e9 d&#8217;informatique et d&#8217;\u00e9lectronique, si vous \u00eates \u00e0 la pointe de la technologie et qu&#8217;aucun d\u00e9tail ne vous \u00e9chappe, achetez Tablette Apple Jaune 11&#8243; 128 GB au meilleur prix. Le Apple iPad 2025 est une tablette de derni\u00e8re g\u00e9n\u00e9ration qui se distingue par son design en couleur jaune et un \u00e9cran Liquid [&hellip;]<\/p>\n","protected":false},"featured_media":38247,"comment_status":"open","ping_status":"closed","template":"","meta":[],"product_brand":[979],"product_cat":[575,65,1052],"product_tag":[59,566,106],"class_list":{"0":"post-38265","1":"product","2":"type-product","3":"status-publish","4":"has-post-thumbnail","6":"product_brand-brandp_533","7":"product_cat-electronique-telephonie-et-tablettes","8":"product_cat-informatique-electronique","9":"product_cat-tablettes","10":"product_tag-tag_1304","11":"product_tag-tag_547","12":"product_tag-tag_1295","14":"first","15":"instock","16":"taxable","17":"shipping-taxable","18":"purchasable","19":"product-type-simple"},"_links":{"self":[{"href":"https:\/\/bigbuy.tupique.com\/es\/wp-json\/wp\/v2\/product\/38265","targetHints":{"allow":["GET"]}}],"collection":[{"href":"https:\/\/bigbuy.tupique.com\/es\/wp-json\/wp\/v2\/product"}],"about":[{"href":"https:\/\/bigbuy.tupique.com\/es\/wp-json\/wp\/v2\/types\/product"}],"replies":[{"embeddable":true,"href":"https:\/\/bigbuy.tupique.com\/es\/wp-json\/wp\/v2\/comments?post=38265"}],"wp:featuredmedia":[{"embeddable":true,"href":"https:\/\/bigbuy.tupique.com\/es\/wp-json\/wp\/v2\/media\/38247"}],"wp:attachment":[{"href":"https:\/\/bigbuy.tupique.com\/es\/wp-json\/wp\/v2\/media?parent=38265"}],"wp:term":[{"taxonomy":"product_brand","embeddable":true,"href":"https:\/\/bigbuy.tupique.com\/es\/wp-json\/wp\/v2\/product_brand?post=38265"},{"taxonomy":"product_cat","embeddable":true,"href":"https:\/\/bigbuy.tupique.com\/es\/wp-json\/wp\/v2\/product_cat?post=38265"},{"taxonomy":"product_tag","embeddable":true,"href":"https:\/\/bigbuy.tupique.com\/es\/wp-json\/wp\/v2\/product_tag?post=38265"}],"curies":[{"name":"wp","href":"https:\/\/api.w.org\/{rel}","templated":true}]}}