{"id":38181,"date":"2026-03-30T09:48:11","date_gmt":"2026-03-30T08:48:11","guid":{"rendered":"https:\/\/bigbuy.tupique.com\/produto\/smartphone-apple-iphone-17-pro-max-69-hexa-core-12-gb-ram-256-gb-blue\/"},"modified":"2026-04-16T16:37:22","modified_gmt":"2026-04-16T15:37:22","slug":"smartphone-apple-iphone-17-pro-max-69-hexa-core-12-gb-ram-256-gb-blue","status":"publish","type":"product","link":"https:\/\/bigbuy.tupique.com\/es\/produto\/smartphone-apple-iphone-17-pro-max-69-hexa-core-12-gb-ram-256-gb-blue\/","title":{"rendered":"Smartphone Apple iPhone 17 Pro Max 6,9&#8243; Hexa Core 12 GB RAM 256 GB Bleu"},"content":{"rendered":"<p>Si vous \u00eates passionn\u00e9 d&#8217;<b>informatique et d&#8217;\u00e9lectronique<\/b>, si vous \u00eates \u00e0 la pointe de la technologie et qu&#8217;aucun d\u00e9tail ne vous \u00e9chappe, achetez <b>Smartphone Apple iPhone 17 Pro Max 6,9&#8243; Hexa Core 12 GB RAM 256 GB Bleu<\/b> au meilleur prix.<\/p>\n<p>Le <b>Apple 17 PRO MAX<\/b> est un <b>smartphone<\/b> de r\u00e9f\u00e9rence con\u00e7u pour les utilisateurs exigeants recherchant le meilleur de la technologie et des performances. Ce mod\u00e8le pr\u00e9sente un \u00e9l\u00e9gant bo\u00eetier en <b>bleu<\/b> et <b>bleu fonc\u00e9<\/b>, offrant une apparence sophistiqu\u00e9e parfaitement associ\u00e9e \u00e0 ses capacit\u00e9s techniques avanc\u00e9es. Il dispose d\u2019un <b>\u00e9cran de 6,9 pouces<\/b>, id\u00e9al pour profiter de contenus multim\u00e9dias en haute r\u00e9solution et passer des appels vid\u00e9o avec une grande clart\u00e9. C\u00f4t\u00e9 performances, l\u2019appareil est \u00e9quip\u00e9 de <b>12 Go de m\u00e9moire RAM<\/b>, assurant fluidit\u00e9 et rapidit\u00e9 m\u00eame lors de l\u2019utilisation simultan\u00e9e de plusieurs applications, ainsi que d\u2019une <b>capacit\u00e9 de stockage interne de 256 Go<\/b>, offrant un espace g\u00e9n\u00e9reux pour photos, vid\u00e9os, applications et documents. Parmi ses fonctions essentielles figurent le <b>GPS<\/b> pour une navigation pr\u00e9cise, ainsi que des capteurs avanc\u00e9s comme le barom\u00e8tre et le capteur de lumi\u00e8re ambiante qui adaptent le fonctionnement de l\u2019appareil \u00e0 chaque environnement, et la prise en charge des <b>appels vid\u00e9o<\/b> et du <b>HDR<\/b> pour une exp\u00e9rience visuelle sup\u00e9rieure, tant en photographie qu\u2019en lecture vid\u00e9o. L\u2019ensemble de ces \u00e9l\u00e9ments renforce la r\u00e9putation d\u2019Apple comme leader de l\u2019innovation mobile et positionne ce mod\u00e8le comme un choix \u00e9quilibr\u00e9 entre puissance, capacit\u00e9 et design pour ceux qui exigent des performances \u00e9lev\u00e9es au quotidien.<\/p>\n<ul>\n<li>Diagonale de l&#8217;\u00e9cran (cm): 17,5 cm<\/li>\n<li>Produit \u00e0 brancher: Oui<\/li>\n<li>Type de prise: Prise EU<\/li>\n<li>Type: Smartphone<\/li>\n<li>Bloc d\u2019Alimentation:\n<ul>\n<li>r\u00e9seau \u00e9lectrique<\/li>\n<li>USB<\/li>\n<\/ul>\n<\/li>\n<li>Ecran: 6,9&#8243;<\/li>\n<li>Syst\u00e8me d&#8217;exploitation: iOS<\/li>\n<li>puissance: 40 W<\/li>\n<li>Connectivit\u00e9:\n<ul>\n<li>NFC<\/li>\n<li>Bluetooth<\/li>\n<li>BeiDou<\/li>\n<li>5G<\/li>\n<li>Positionnement de Wi-Fi<\/li>\n<li>WI-FI 7<\/li>\n<\/ul>\n<\/li>\n<li>Cam\u00e9ra\/Appareil Photo:\n<ul>\n<li>48 MP<\/li>\n<li>Frontal<\/li>\n<li>Triple<\/li>\n<\/ul>\n<\/li>\n<li>Connexions:\n<ul>\n<li>USB-C<\/li>\n<li>Dual SIM<\/li>\n<li>USB 3.2<\/li>\n<\/ul>\n<\/li>\n<li>Processeur:\n<ul>\n<li>Hexa Core<\/li>\n<li>A19 Pro<\/li>\n<\/ul>\n<\/li>\n<li>M\u00e9moire RAM: 12 GB RAM<\/li>\n<li>M\u00e9moire interne: 256 GB<\/li>\n<li>Couleur:\n<ul>\n<li>Bleu<\/li>\n<li>Bleu fonc\u00e9<\/li>\n<\/ul>\n<\/li>\n<li>Caract\u00e9ristiques:\n<ul>\n<li>GPS<\/li>\n<li>Barom\u00e8tre<\/li>\n<li>Capteur de lumi\u00e8re ambiante<\/li>\n<li>Appel vid\u00e9o<\/li>\n<li>HDR<\/li>\n<li>Autofocus<\/li>\n<li>Activation vocale<\/li>\n<li>Chargement rapide et fiable<\/li>\n<li>SMS<\/li>\n<li>Chargeur sans fil<\/li>\n<li>Syst\u00e8me de reconnaissance faciale<\/li>\n<li>Stabilisateur d&#8217;image<\/li>\n<li>Capteur de proximit\u00e9<\/li>\n<li>\u00c9cran avec coins arrondis<\/li>\n<li>\u00c9cran plat<\/li>\n<\/ul>\n<\/li>\n<li>Classification \u00e9nerg\u00e9tique: A<\/li>\n<li>Capteurs:\n<ul>\n<li>Acc\u00e9l\u00e9rom\u00e8tre<\/li>\n<li>Gyroscope<\/li>\n<li>Magn\u00e9tique<\/li>\n<\/ul>\n<\/li>\n<li>Compatible: Windows<\/li>\n<li>Inclut: Haut-parleur<\/li>\n<li>Fonctions:\n<ul>\n<li>ECO<\/li>\n<li>G\u00e9olocalisation<\/li>\n<li>Vibration<\/li>\n<\/ul>\n<\/li>\n<li>Technologie:\n<ul>\n<li>Mime<\/li>\n<li>Glonass<\/li>\n<li>OLED<\/li>\n<\/ul>\n<\/li>\n<li>Brille: 1000 cd\/m\u00b2<\/li>\n<li>Zoom Optique: x 16<\/li>\n<li>Zoom Num\u00e9rique: x 8<\/li>\n<li>Non Inclus: Adaptateur AC<\/li>\n<li>Fr\u00e9quence: 120 Hz<\/li>\n<li>Type de batterie: Litio Ion<\/li>\n<li>Noyaux: 6 Noyaux<\/li>\n<li>R\u00e9solution (px):\n<ul>\n<li>3840 x 2160 px<\/li>\n<li>2160 px<\/li>\n<\/ul>\n<\/li>\n<li>Dispositif intelligent: Apple Intelligence<\/li>\n<\/ul>","protected":false},"excerpt":{"rendered":"<p>Si vous \u00eates passionn\u00e9 d&#8217;informatique et d&#8217;\u00e9lectronique, si vous \u00eates \u00e0 la pointe de la technologie et qu&#8217;aucun d\u00e9tail ne vous \u00e9chappe, achetez Smartphone Apple iPhone 17 Pro Max 6,9&#8243; Hexa Core 12 GB RAM 256 GB Bleu au meilleur prix. Le Apple 17 PRO MAX est un smartphone de r\u00e9f\u00e9rence con\u00e7u pour les utilisateurs [&hellip;]<\/p>\n","protected":false},"featured_media":38167,"comment_status":"open","ping_status":"closed","template":"","meta":[],"product_brand":[979],"product_cat":[575,65,960],"product_tag":[213,566,106],"class_list":{"0":"post-38181","1":"product","2":"type-product","3":"status-publish","4":"has-post-thumbnail","6":"product_brand-brandp_533","7":"product_cat-electronique-telephonie-et-tablettes","8":"product_cat-informatique-electronique","9":"product_cat-telephones-portables","10":"product_tag-tag_933","11":"product_tag-tag_547","12":"product_tag-tag_1295","14":"first","15":"instock","16":"taxable","17":"shipping-taxable","18":"purchasable","19":"product-type-simple"},"_links":{"self":[{"href":"https:\/\/bigbuy.tupique.com\/es\/wp-json\/wp\/v2\/product\/38181","targetHints":{"allow":["GET"]}}],"collection":[{"href":"https:\/\/bigbuy.tupique.com\/es\/wp-json\/wp\/v2\/product"}],"about":[{"href":"https:\/\/bigbuy.tupique.com\/es\/wp-json\/wp\/v2\/types\/product"}],"replies":[{"embeddable":true,"href":"https:\/\/bigbuy.tupique.com\/es\/wp-json\/wp\/v2\/comments?post=38181"}],"wp:featuredmedia":[{"embeddable":true,"href":"https:\/\/bigbuy.tupique.com\/es\/wp-json\/wp\/v2\/media\/38167"}],"wp:attachment":[{"href":"https:\/\/bigbuy.tupique.com\/es\/wp-json\/wp\/v2\/media?parent=38181"}],"wp:term":[{"taxonomy":"product_brand","embeddable":true,"href":"https:\/\/bigbuy.tupique.com\/es\/wp-json\/wp\/v2\/product_brand?post=38181"},{"taxonomy":"product_cat","embeddable":true,"href":"https:\/\/bigbuy.tupique.com\/es\/wp-json\/wp\/v2\/product_cat?post=38181"},{"taxonomy":"product_tag","embeddable":true,"href":"https:\/\/bigbuy.tupique.com\/es\/wp-json\/wp\/v2\/product_tag?post=38181"}],"curies":[{"name":"wp","href":"https:\/\/api.w.org\/{rel}","templated":true}]}}