{"id":38069,"date":"2026-03-30T09:36:12","date_gmt":"2026-03-30T08:36:12","guid":{"rendered":"https:\/\/bigbuy.tupique.com\/produto\/ladies-bracelet-majorica-18130-01-2-n32-531-1\/"},"modified":"2026-04-15T05:47:24","modified_gmt":"2026-04-15T04:47:24","slug":"ladies-bracelet-majorica-18130-01-2-n32-531-1","status":"publish","type":"product","link":"https:\/\/bigbuy.tupique.com\/es\/produto\/ladies-bracelet-majorica-18130-01-2-n32-531-1\/","title":{"rendered":"Bracelet Femme Majorica 18130.01.2.N32.531.1"},"content":{"rendered":"<p>Nous vons pr\u00e9sentons <b>Bracelet Femme Majorica 18130.01.2.N32.531.1<\/b> et une vaste gamme de bagues, bracelets, boucles d&#8217;oreilles et pendentifs etc. \u00e0 bon prix. D\u00e9couvrez d&#8217;exclusifs et \u00e9l\u00e9gants articles de bijouterie et de bijouterie fantaisie pour tous les go\u00fbts.<\/p>\n<ul>\n<li>Genre: Femme<\/li>\n<li>Liens suppl\u00e9mentaires: Non<\/li>\n<li>Type de montre: Montre-bracelet<\/li>\n<li>Type:\n<ul>\n<li>Bracelet<\/li>\n<li>Bracelet Femme<\/li>\n<\/ul>\n<\/li>\n<\/ul>","protected":false},"excerpt":{"rendered":"<p>Nous vons pr\u00e9sentons Bracelet Femme Majorica 18130.01.2.N32.531.1 et une vaste gamme de bagues, bracelets, boucles d&#8217;oreilles et pendentifs etc. \u00e0 bon prix. D\u00e9couvrez d&#8217;exclusifs et \u00e9l\u00e9gants articles de bijouterie et de bijouterie fantaisie pour tous les go\u00fbts. Genre: Femme Liens suppl\u00e9mentaires: Non Type de montre: Montre-bracelet Type: Bracelet Bracelet Femme<\/p>","protected":false},"featured_media":38068,"comment_status":"open","ping_status":"closed","template":"","meta":[],"product_brand":[1351],"product_cat":[547,548,552,544],"product_tag":[103,542,543],"class_list":{"0":"post-38069","1":"product","2":"type-product","3":"status-publish","4":"has-post-thumbnail","6":"product_brand-brandp_2720","7":"product_cat-accessoires","8":"product_cat-bijoux","9":"product_cat-bracelets","10":"product_cat-mode-accessoires","11":"product_tag-tag_1261","12":"product_tag-tag_1274","13":"product_tag-tag_61","15":"first","16":"instock","17":"taxable","18":"shipping-taxable","19":"purchasable","20":"product-type-simple"},"_links":{"self":[{"href":"https:\/\/bigbuy.tupique.com\/es\/wp-json\/wp\/v2\/product\/38069","targetHints":{"allow":["GET"]}}],"collection":[{"href":"https:\/\/bigbuy.tupique.com\/es\/wp-json\/wp\/v2\/product"}],"about":[{"href":"https:\/\/bigbuy.tupique.com\/es\/wp-json\/wp\/v2\/types\/product"}],"replies":[{"embeddable":true,"href":"https:\/\/bigbuy.tupique.com\/es\/wp-json\/wp\/v2\/comments?post=38069"}],"wp:featuredmedia":[{"embeddable":true,"href":"https:\/\/bigbuy.tupique.com\/es\/wp-json\/wp\/v2\/media\/38068"}],"wp:attachment":[{"href":"https:\/\/bigbuy.tupique.com\/es\/wp-json\/wp\/v2\/media?parent=38069"}],"wp:term":[{"taxonomy":"product_brand","embeddable":true,"href":"https:\/\/bigbuy.tupique.com\/es\/wp-json\/wp\/v2\/product_brand?post=38069"},{"taxonomy":"product_cat","embeddable":true,"href":"https:\/\/bigbuy.tupique.com\/es\/wp-json\/wp\/v2\/product_cat?post=38069"},{"taxonomy":"product_tag","embeddable":true,"href":"https:\/\/bigbuy.tupique.com\/es\/wp-json\/wp\/v2\/product_tag?post=38069"}],"curies":[{"name":"wp","href":"https:\/\/api.w.org\/{rel}","templated":true}]}}