{"id":38050,"date":"2026-03-30T09:35:25","date_gmt":"2026-03-30T08:35:25","guid":{"rendered":"https:\/\/bigbuy.tupique.com\/produto\/smartphone-apple-iphone-17-63-hexa-core-8-gb-ram-512-gb-green\/"},"modified":"2026-04-15T05:47:24","modified_gmt":"2026-04-15T04:47:24","slug":"smartphone-apple-iphone-17-63-hexa-core-8-gb-ram-512-gb-green","status":"publish","type":"product","link":"https:\/\/bigbuy.tupique.com\/es\/produto\/smartphone-apple-iphone-17-63-hexa-core-8-gb-ram-512-gb-green\/","title":{"rendered":"Smartphone Apple iPhone 17 6,3&#8243; Hexa Core 8 GB RAM 512 GB Vert"},"content":{"rendered":"<p>Si vous \u00eates passionn\u00e9 d&#8217;<b>informatique et d&#8217;\u00e9lectronique<\/b>, si vous \u00eates \u00e0 la pointe de la technologie et qu&#8217;aucun d\u00e9tail ne vous \u00e9chappe, achetez <b>Smartphone Apple iPhone 17 6,3&#8243; Hexa Core 8 GB RAM 512 GB Vert<\/b> au meilleur prix.<\/p>\n<p>Le <b>smartphone<\/b> Apple MG6V4QL\/A offre une exp\u00e9rience mobile avanc\u00e9e, fid\u00e8le \u00e0 l\u2019excellence habituelle de la marque, et se pr\u00e9sente dans une \u00e9l\u00e9gante couleur <b>verte<\/b> qui met en valeur son design moderne. Ce mod\u00e8le int\u00e8gre un <b>\u00e9cran de 6,3 pouces<\/b> offrant des images nettes et un espace visuel g\u00e9n\u00e9reux pour toutes sortes d\u2019applications, de loisirs et de productivit\u00e9. Il se distingue par sa <b>m\u00e9moire RAM de 8 Go<\/b>, garantissant fluidit\u00e9 et multit\u00e2che m\u00eame pour les utilisateurs les plus exigeants, tandis que sa <b>capacit\u00e9 de stockage interne de 512 Go<\/b> permet de g\u00e9rer de grandes quantit\u00e9s de documents, photos et applications sans contrainte d\u2019espace. Le t\u00e9l\u00e9phone int\u00e8gre le <b>GPS<\/b> pour une navigation pr\u00e9cise et des fonctions de g\u00e9olocalisation, ainsi qu\u2019un <b>barom\u00e8tre<\/b> et un <b>capteur de lumi\u00e8re ambiante<\/b>, apportant des informations utiles pour les activit\u00e9s sportives ou l\u2019ajustement automatique de l\u2019\u00e9cran selon l\u2019environnement. Son \u00e9quipement est compl\u00e9t\u00e9 par des <b>fonctions telles que l\u2019appel vid\u00e9o et le HDR<\/b>, qui am\u00e9liorent la communication et l\u2019affichage de contenus multim\u00e9dias, offrant des images \u00e0 large plage dynamique et des vid\u00e9oconf\u00e9rences de meilleure qualit\u00e9. Cet appareil Apple constitue une solution compl\u00e8te pour ceux qui recherchent robustesse technique et richesse fonctionnelle au quotidien, proposant une combinaison remarquable de stockage, m\u00e9moire et outils intelligents dans un format moderne.<\/p>\n<ul>\n<li>Type:\n<ul>\n<li>Smartphone<\/li>\n<li>Smartphones, t\u00e9l\u00e9phones mobiles<\/li>\n<\/ul>\n<\/li>\n<li>Produit \u00e0 brancher: Oui<\/li>\n<li>Type de prise: Prise EU<\/li>\n<li>Classification IP: IP68<\/li>\n<li>Bloc d\u2019Alimentation: r\u00e9seau \u00e9lectrique<\/li>\n<li>Ecran: 6,3&#8243;<\/li>\n<li>Syst\u00e8me d&#8217;exploitation: iOS<\/li>\n<li>puissance: 40 W<\/li>\n<li>Connectivit\u00e9:\n<ul>\n<li>NFC<\/li>\n<li>Bluetooth<\/li>\n<li>Wi-Fi<\/li>\n<li>BeiDou<\/li>\n<li>5G<\/li>\n<li>Positionnement de Wi-Fi<\/li>\n<li>WI-FI 7<\/li>\n<\/ul>\n<\/li>\n<li>Cam\u00e9ra\/Appareil Photo:\n<ul>\n<li>48 MP<\/li>\n<li>Dual<\/li>\n<li>Frontal<\/li>\n<\/ul>\n<\/li>\n<li>Connexions:\n<ul>\n<li>USB-C<\/li>\n<li>USB<\/li>\n<li>USB 2.0<\/li>\n<li>Dual SIM<\/li>\n<\/ul>\n<\/li>\n<li>Processeur:\n<ul>\n<li>Hexa Core<\/li>\n<li>A19<\/li>\n<\/ul>\n<\/li>\n<li>M\u00e9moire RAM: 8 GB RAM<\/li>\n<li>M\u00e9moire interne: 512 GB<\/li>\n<li>Couleur: Vert<\/li>\n<li>Caract\u00e9ristiques:\n<ul>\n<li>GPS<\/li>\n<li>Barom\u00e8tre<\/li>\n<li>Capteur de lumi\u00e8re ambiante<\/li>\n<li>Appel vid\u00e9o<\/li>\n<li>HDR<\/li>\n<li>Autofocus<\/li>\n<li>Activation vocale<\/li>\n<li>Guide d&#8217;installation inclus<\/li>\n<li>Chargement rapide et fiable<\/li>\n<li>Chargeur sans fil<\/li>\n<li>Syst\u00e8me de reconnaissance faciale<\/li>\n<li>Stabilisateur d&#8217;image<\/li>\n<li>Capteur de proximit\u00e9<\/li>\n<li>\u00c9cran avec coins arrondis<\/li>\n<li>\u00c9cran plat<\/li>\n<\/ul>\n<\/li>\n<li>Zoom Num\u00e9rique: 10x<\/li>\n<li>Classification \u00e9nerg\u00e9tique: A<\/li>\n<li>Capteurs:\n<ul>\n<li>Acc\u00e9l\u00e9rom\u00e8tre<\/li>\n<li>Gyroscope<\/li>\n<li>Magn\u00e9tique<\/li>\n<\/ul>\n<\/li>\n<li>Inclut: Haut-parleur<\/li>\n<li>3D: Non<\/li>\n<li>Fonctions:\n<ul>\n<li>ECO<\/li>\n<li>G\u00e9olocalisation<\/li>\n<li>Vibration<\/li>\n<\/ul>\n<\/li>\n<li>Technologie:\n<ul>\n<li>Mime<\/li>\n<li>Glonass<\/li>\n<li>OLED<\/li>\n<\/ul>\n<\/li>\n<li>Brille: 1000 cd\/m\u00b2<\/li>\n<li>Non Inclus: Adaptateur AC<\/li>\n<li>Fr\u00e9quence: 120 Hz<\/li>\n<li>Angle: 120\u00ba<\/li>\n<li>Flash: Non<\/li>\n<li>Type de batterie: Litio Ion<\/li>\n<li>Noyaux:\n<ul>\n<li>6 Noyaux<\/li>\n<li>16 Noyaux<\/li>\n<\/ul>\n<\/li>\n<li>R\u00e9solution (px):\n<ul>\n<li>3840 x 2160 px<\/li>\n<li>2160 px<\/li>\n<\/ul>\n<\/li>\n<li>Diagonale de l&#8217;\u00e9cran (cm): 16 cm<\/li>\n<li>Dispositif intelligent: Apple Intelligence<\/li>\n<\/ul>","protected":false},"excerpt":{"rendered":"<p>Si vous \u00eates passionn\u00e9 d&#8217;informatique et d&#8217;\u00e9lectronique, si vous \u00eates \u00e0 la pointe de la technologie et qu&#8217;aucun d\u00e9tail ne vous \u00e9chappe, achetez Smartphone Apple iPhone 17 6,3&#8243; Hexa Core 8 GB RAM 512 GB Vert au meilleur prix. Le smartphone Apple MG6V4QL\/A offre une exp\u00e9rience mobile avanc\u00e9e, fid\u00e8le \u00e0 l\u2019excellence habituelle de la marque, [&hellip;]<\/p>\n","protected":false},"featured_media":38034,"comment_status":"open","ping_status":"closed","template":"","meta":[],"product_brand":[979],"product_cat":[575,65,960],"product_tag":[213,566,106],"class_list":{"0":"post-38050","1":"product","2":"type-product","3":"status-publish","4":"has-post-thumbnail","6":"product_brand-brandp_533","7":"product_cat-electronique-telephonie-et-tablettes","8":"product_cat-informatique-electronique","9":"product_cat-telephones-portables","10":"product_tag-tag_933","11":"product_tag-tag_547","12":"product_tag-tag_1295","14":"first","15":"instock","16":"taxable","17":"shipping-taxable","18":"purchasable","19":"product-type-simple"},"_links":{"self":[{"href":"https:\/\/bigbuy.tupique.com\/es\/wp-json\/wp\/v2\/product\/38050","targetHints":{"allow":["GET"]}}],"collection":[{"href":"https:\/\/bigbuy.tupique.com\/es\/wp-json\/wp\/v2\/product"}],"about":[{"href":"https:\/\/bigbuy.tupique.com\/es\/wp-json\/wp\/v2\/types\/product"}],"replies":[{"embeddable":true,"href":"https:\/\/bigbuy.tupique.com\/es\/wp-json\/wp\/v2\/comments?post=38050"}],"wp:featuredmedia":[{"embeddable":true,"href":"https:\/\/bigbuy.tupique.com\/es\/wp-json\/wp\/v2\/media\/38034"}],"wp:attachment":[{"href":"https:\/\/bigbuy.tupique.com\/es\/wp-json\/wp\/v2\/media?parent=38050"}],"wp:term":[{"taxonomy":"product_brand","embeddable":true,"href":"https:\/\/bigbuy.tupique.com\/es\/wp-json\/wp\/v2\/product_brand?post=38050"},{"taxonomy":"product_cat","embeddable":true,"href":"https:\/\/bigbuy.tupique.com\/es\/wp-json\/wp\/v2\/product_cat?post=38050"},{"taxonomy":"product_tag","embeddable":true,"href":"https:\/\/bigbuy.tupique.com\/es\/wp-json\/wp\/v2\/product_tag?post=38050"}],"curies":[{"name":"wp","href":"https:\/\/api.w.org\/{rel}","templated":true}]}}