{"id":37854,"date":"2026-03-30T09:23:25","date_gmt":"2026-03-30T08:23:25","guid":{"rendered":"https:\/\/bigbuy.tupique.com\/produto\/sliding-door-motor-scs-sentinel-simplyopen-2-24v\/"},"modified":"2026-04-16T21:20:58","modified_gmt":"2026-04-16T20:20:58","slug":"sliding-door-motor-scs-sentinel-simplyopen-2-24v","status":"publish","type":"product","link":"https:\/\/bigbuy.tupique.com\/es\/produto\/sliding-door-motor-scs-sentinel-simplyopen-2-24v\/","title":{"rendered":"Moteur de porte coulissante SCS SENTINEL SimplyOpen 2 24v"},"content":{"rendered":"<p>Si vous aimez prendre soin de chaque d\u00e9tail de votre maison et d&#8217;\u00eatre \u00e0 la derni\u00e8re mode en mati\u00e8re de produits qui vous rendront la vie plus facile, achetez <b>Moteur de porte coulissante SCS SENTINEL SimplyOpen 2 24v<\/b> au meilleur prix.<\/p>\n<p>Le <b>SimplyOpen 2<\/b> de <b>SCS SENTINEL<\/b> est un moteur pour portail coulissant con\u00e7u pour automatiser efficacement et en toute s\u00e9curit\u00e9 le mouvement des portails r\u00e9sidentiels ou commerciaux. Ce syst\u00e8me de motorisation repose sur un m\u00e9canisme \u00e0 bras articul\u00e9s, permettant d\u2019adapter le moteur \u00e0 diff\u00e9rentes configurations de portails sans restreindre l\u2019espace op\u00e9rationnel, facilitant ainsi son installation dans des environnements aux contraintes physiques. Il fonctionne avec une alimentation en <b>24V<\/b>, garantissant une consommation mod\u00e9r\u00e9e et un fonctionnement silencieux et fluide lors de l\u2019ouverture et de la fermeture du portail. De plus, sa technologie int\u00e9gr\u00e9e offre un contr\u00f4le pr\u00e9cis, optimisant la durabilit\u00e9 et la s\u00e9curit\u00e9 du syst\u00e8me. La motorisation SimplyOpen 2 se distingue par sa compatibilit\u00e9 avec les serrures automatiques et les syst\u00e8mes de commande \u00e0 distance, facilitant son int\u00e9gration dans des installations domotiques ou des syst\u00e8mes de contr\u00f4le d\u2019acc\u00e8s. Gr\u00e2ce \u00e0 son design robuste, il est con\u00e7u pour supporter un usage fr\u00e9quent et r\u00e9sister aux conditions environnementales variables, typiques des applications ext\u00e9rieures. En r\u00e9sum\u00e9, le moteur pour portail coulissant SimplyOpen 2 de SCS SENTINEL allie fonctionnalit\u00e9 avanc\u00e9e et installation adaptable, repr\u00e9sentant une solution technique fiable pour l\u2019automatisation des portails coulissants.<\/p>\n<ul>\n<li>Tension: 24v<\/li>\n<li>Non Inclus: Batterie<\/li>\n<\/ul>","protected":false},"excerpt":{"rendered":"<p>Si vous aimez prendre soin de chaque d\u00e9tail de votre maison et d&#8217;\u00eatre \u00e0 la derni\u00e8re mode en mati\u00e8re de produits qui vous rendront la vie plus facile, achetez Moteur de porte coulissante SCS SENTINEL SimplyOpen 2 24v au meilleur prix. Le SimplyOpen 2 de SCS SENTINEL est un moteur pour portail coulissant con\u00e7u pour [&hellip;]<\/p>\n","protected":false},"featured_media":37850,"comment_status":"open","ping_status":"closed","template":"","meta":[],"product_brand":[869],"product_cat":[613,239],"product_tag":[59,210],"class_list":{"0":"post-37854","1":"product","2":"type-product","3":"status-publish","4":"has-post-thumbnail","6":"product_brand-brandp_7585","7":"product_cat-bricolage-et-materiel","8":"product_cat-maison-jardin","9":"product_tag-tag_1304","10":"product_tag-tag_25","12":"first","13":"instock","14":"taxable","15":"shipping-taxable","16":"purchasable","17":"product-type-simple"},"_links":{"self":[{"href":"https:\/\/bigbuy.tupique.com\/es\/wp-json\/wp\/v2\/product\/37854","targetHints":{"allow":["GET"]}}],"collection":[{"href":"https:\/\/bigbuy.tupique.com\/es\/wp-json\/wp\/v2\/product"}],"about":[{"href":"https:\/\/bigbuy.tupique.com\/es\/wp-json\/wp\/v2\/types\/product"}],"replies":[{"embeddable":true,"href":"https:\/\/bigbuy.tupique.com\/es\/wp-json\/wp\/v2\/comments?post=37854"}],"wp:featuredmedia":[{"embeddable":true,"href":"https:\/\/bigbuy.tupique.com\/es\/wp-json\/wp\/v2\/media\/37850"}],"wp:attachment":[{"href":"https:\/\/bigbuy.tupique.com\/es\/wp-json\/wp\/v2\/media?parent=37854"}],"wp:term":[{"taxonomy":"product_brand","embeddable":true,"href":"https:\/\/bigbuy.tupique.com\/es\/wp-json\/wp\/v2\/product_brand?post=37854"},{"taxonomy":"product_cat","embeddable":true,"href":"https:\/\/bigbuy.tupique.com\/es\/wp-json\/wp\/v2\/product_cat?post=37854"},{"taxonomy":"product_tag","embeddable":true,"href":"https:\/\/bigbuy.tupique.com\/es\/wp-json\/wp\/v2\/product_tag?post=37854"}],"curies":[{"name":"wp","href":"https:\/\/api.w.org\/{rel}","templated":true}]}}