{"id":37847,"date":"2026-03-30T09:23:11","date_gmt":"2026-03-30T08:23:11","guid":{"rendered":"https:\/\/bigbuy.tupique.com\/produto\/smartphone-apple-iphone-17-63-hexa-core-8-gb-ram-512-gb-white\/"},"modified":"2026-04-16T12:14:54","modified_gmt":"2026-04-16T11:14:54","slug":"smartphone-apple-iphone-17-63-hexa-core-8-gb-ram-512-gb-white","status":"publish","type":"product","link":"https:\/\/bigbuy.tupique.com\/es\/produto\/smartphone-apple-iphone-17-63-hexa-core-8-gb-ram-512-gb-white\/","title":{"rendered":"Smartphone Apple iPhone 17 6,3&#8243; Hexa Core 8 GB RAM 512 GB Blanc"},"content":{"rendered":"<p>Si vous \u00eates \u00e0 la recherche de nouvelles tendances sur le march\u00e9, nous vous pr\u00e9sentons <b>Smartphone Apple iPhone 17 6,3&#8243; Hexa Core 8 GB RAM 512 GB Blanc<\/b> !<\/p>\n<p>Le <b>MG6Q4QL\/A d\u2019Apple<\/b> est un <b>smartphone<\/b> haut de gamme con\u00e7u pour les utilisateurs les plus exigeants, alliant \u00e9l\u00e9gance et performance technique dans un appareil compact et sophistiqu\u00e9. Ce mod\u00e8le en <b>blanc<\/b> se distingue par son esth\u00e9tique soign\u00e9e et utilise des mat\u00e9riaux premium, offrant r\u00e9sistance et design attrayant. Il dispose d\u2019un <b>\u00e9cran de 6,3 pouces<\/b> qui assure une exp\u00e9rience visuelle nette, id\u00e9ale pour ceux qui recherchent une qualit\u00e9 optimale lors de la lecture de contenus multim\u00e9dias, d\u2019appels vid\u00e9o ou de la navigation quotidienne. Sa remarquable <b>m\u00e9moire RAM de 8 Go<\/b> et sa g\u00e9n\u00e9reuse <b>capacit\u00e9 de stockage interne de 512 Go<\/b> permettent de g\u00e9rer plusieurs t\u00e2ches, applications et fichiers volumineux avec fluidit\u00e9, garantissant des performances rapides m\u00eame en usage intensif. Parmi ses fonctionnalit\u00e9s avanc\u00e9es figurent le <b>GPS int\u00e9gr\u00e9<\/b> pour une navigation pr\u00e9cise, le <b>barom\u00e8tre<\/b> et le <b>capteur de lumi\u00e8re ambiante<\/b>, offrant des outils utiles pour les activit\u00e9s quotidiennes ou les sportifs et amateurs d\u2019activit\u00e9s en plein air. L\u2019appareil permet \u00e9galement de passer des <b>appels vid\u00e9o en haute qualit\u00e9<\/b> et prend en charge la <b>technologie HDR<\/b> pour des images plus r\u00e9alistes et \u00e9quilibr\u00e9es. De plus, son \u00e9cosyst\u00e8me inclut les solutions de connectivit\u00e9 et services habituels d\u2019Apple, assurant la compatibilit\u00e9 avec les accessoires et une int\u00e9gration fluide dans l\u2019environnement de la marque. En r\u00e9sum\u00e9, ce mod\u00e8le r\u00e9pond aux attentes de ceux qui appr\u00e9cient un grand espace de stockage, une qualit\u00e9 d\u2019\u00e9cran sup\u00e9rieure, des performances fiables et une fonctionnalit\u00e9 GPS pr\u00e9cise dans un smartphone moderne.<\/p>\n<ul>\n<li>Type:\n<ul>\n<li>Smartphone<\/li>\n<li>Smartphones, t\u00e9l\u00e9phones mobiles<\/li>\n<\/ul>\n<\/li>\n<li>Produit \u00e0 brancher: Oui<\/li>\n<li>Diagonale de l&#8217;\u00e9cran (cm): 16 cm<\/li>\n<li>Type de prise: Prise EU<\/li>\n<li>Classification IP: IP68<\/li>\n<li>Bloc d\u2019Alimentation:\n<ul>\n<li>r\u00e9seau \u00e9lectrique<\/li>\n<li>USB<\/li>\n<\/ul>\n<\/li>\n<li>Processeur:\n<ul>\n<li>Octa Core<\/li>\n<li>Hexa Core<\/li>\n<li>A19<\/li>\n<\/ul>\n<\/li>\n<li>Ecran: 6,3&#8243;<\/li>\n<li>Syst\u00e8me d&#8217;exploitation: iOS<\/li>\n<li>puissance: 40 W<\/li>\n<li>Connectivit\u00e9:\n<ul>\n<li>NFC<\/li>\n<li>Bluetooth<\/li>\n<li>Wi-Fi<\/li>\n<li>BeiDou<\/li>\n<li>5G<\/li>\n<li>Positionnement de Wi-Fi<\/li>\n<li>WI-FI 7<\/li>\n<\/ul>\n<\/li>\n<li>Cam\u00e9ra\/Appareil Photo:\n<ul>\n<li>48 MP<\/li>\n<li>Dual<\/li>\n<li>Frontal<\/li>\n<\/ul>\n<\/li>\n<li>Connexions:\n<ul>\n<li>USB-C<\/li>\n<li>USB<\/li>\n<li>USB 2.0<\/li>\n<li>Dual SIM<\/li>\n<\/ul>\n<\/li>\n<li>M\u00e9moire RAM: 8 GB RAM<\/li>\n<li>M\u00e9moire interne: 512 GB<\/li>\n<li>Couleur: Blanc<\/li>\n<li>Caract\u00e9ristiques:\n<ul>\n<li>GPS<\/li>\n<li>Barom\u00e8tre<\/li>\n<li>Capteur de lumi\u00e8re ambiante<\/li>\n<li>Appel vid\u00e9o<\/li>\n<li>HDR<\/li>\n<li>Autofocus<\/li>\n<li>Activation vocale<\/li>\n<li>Guide d&#8217;installation inclus<\/li>\n<li>Chargement rapide et fiable<\/li>\n<li>Chargeur sans fil<\/li>\n<li>Syst\u00e8me de reconnaissance faciale<\/li>\n<li>Stabilisateur d&#8217;image<\/li>\n<li>Capteur de proximit\u00e9<\/li>\n<li>\u00c9cran avec coins arrondis<\/li>\n<li>\u00c9cran plat<\/li>\n<\/ul>\n<\/li>\n<li>Zoom Num\u00e9rique: 10x<\/li>\n<li>Classification \u00e9nerg\u00e9tique: A<\/li>\n<li>Capteurs:\n<ul>\n<li>Acc\u00e9l\u00e9rom\u00e8tre<\/li>\n<li>Gyroscope<\/li>\n<li>Magn\u00e9tique<\/li>\n<\/ul>\n<\/li>\n<li>Inclut: Haut-parleur<\/li>\n<li>3D: Non<\/li>\n<li>Fonctions:\n<ul>\n<li>ECO<\/li>\n<li>G\u00e9olocalisation<\/li>\n<li>Vibration<\/li>\n<\/ul>\n<\/li>\n<li>Technologie:\n<ul>\n<li>Mime<\/li>\n<li>Glonass<\/li>\n<li>OLED<\/li>\n<\/ul>\n<\/li>\n<li>Brille: 1000 cd\/m\u00b2<\/li>\n<li>Non Inclus: Adaptateur AC<\/li>\n<li>Fr\u00e9quence: 120 Hz<\/li>\n<li>Angle: 120\u00ba<\/li>\n<li>Flash: Non<\/li>\n<li>Type de batterie: Litio Ion<\/li>\n<li>Noyaux:\n<ul>\n<li>6 Noyaux<\/li>\n<li>16 Noyaux<\/li>\n<\/ul>\n<\/li>\n<li>R\u00e9solution (px):\n<ul>\n<li>3840 x 2160 px<\/li>\n<li>2160 px<\/li>\n<\/ul>\n<\/li>\n<li>Dispositif intelligent: Apple Intelligence<\/li>\n<\/ul>","protected":false},"excerpt":{"rendered":"<p>Si vous \u00eates \u00e0 la recherche de nouvelles tendances sur le march\u00e9, nous vous pr\u00e9sentons Smartphone Apple iPhone 17 6,3&#8243; Hexa Core 8 GB RAM 512 GB Blanc ! Le MG6Q4QL\/A d\u2019Apple est un smartphone haut de gamme con\u00e7u pour les utilisateurs les plus exigeants, alliant \u00e9l\u00e9gance et performance technique dans un appareil compact et [&hellip;]<\/p>\n","protected":false},"featured_media":37841,"comment_status":"open","ping_status":"closed","template":"","meta":[],"product_brand":[979],"product_cat":[575,65,960],"product_tag":[213,566,106],"class_list":{"0":"post-37847","1":"product","2":"type-product","3":"status-publish","4":"has-post-thumbnail","6":"product_brand-brandp_533","7":"product_cat-electronique-telephonie-et-tablettes","8":"product_cat-informatique-electronique","9":"product_cat-telephones-portables","10":"product_tag-tag_933","11":"product_tag-tag_547","12":"product_tag-tag_1295","14":"first","15":"instock","16":"taxable","17":"shipping-taxable","18":"purchasable","19":"product-type-simple"},"_links":{"self":[{"href":"https:\/\/bigbuy.tupique.com\/es\/wp-json\/wp\/v2\/product\/37847","targetHints":{"allow":["GET"]}}],"collection":[{"href":"https:\/\/bigbuy.tupique.com\/es\/wp-json\/wp\/v2\/product"}],"about":[{"href":"https:\/\/bigbuy.tupique.com\/es\/wp-json\/wp\/v2\/types\/product"}],"replies":[{"embeddable":true,"href":"https:\/\/bigbuy.tupique.com\/es\/wp-json\/wp\/v2\/comments?post=37847"}],"wp:featuredmedia":[{"embeddable":true,"href":"https:\/\/bigbuy.tupique.com\/es\/wp-json\/wp\/v2\/media\/37841"}],"wp:attachment":[{"href":"https:\/\/bigbuy.tupique.com\/es\/wp-json\/wp\/v2\/media?parent=37847"}],"wp:term":[{"taxonomy":"product_brand","embeddable":true,"href":"https:\/\/bigbuy.tupique.com\/es\/wp-json\/wp\/v2\/product_brand?post=37847"},{"taxonomy":"product_cat","embeddable":true,"href":"https:\/\/bigbuy.tupique.com\/es\/wp-json\/wp\/v2\/product_cat?post=37847"},{"taxonomy":"product_tag","embeddable":true,"href":"https:\/\/bigbuy.tupique.com\/es\/wp-json\/wp\/v2\/product_tag?post=37847"}],"curies":[{"name":"wp","href":"https:\/\/api.w.org\/{rel}","templated":true}]}}