{"id":37840,"date":"2026-03-30T09:22:53","date_gmt":"2026-03-30T08:22:53","guid":{"rendered":"https:\/\/bigbuy.tupique.com\/produto\/smartphone-apple-iphone-17-63-hexa-core-8-gb-ram-512-gb-black\/"},"modified":"2026-05-11T19:55:43","modified_gmt":"2026-05-11T17:55:43","slug":"smartphone-apple-iphone-17-63-hexa-core-8-gb-ram-512-gb-black","status":"publish","type":"product","link":"https:\/\/bigbuy.tupique.com\/es\/produto\/smartphone-apple-iphone-17-63-hexa-core-8-gb-ram-512-gb-black\/","title":{"rendered":"Smartphone Apple iPhone 17 6,3&#8243; Hexa Core 8 GB RAM 512 GB Noir"},"content":{"rendered":"<p>Si vous \u00eates \u00e0 la recherche de nouvelles tendances sur le march\u00e9, nous vous pr\u00e9sentons <b>Smartphone Apple iPhone 17 6,3&#8243; Hexa Core 8 GB RAM 512 GB Noir<\/b> !<\/p>\n<p>Le <b>Apple MG6P4QL\/A<\/b> est un <b>smartphone<\/b> haut de gamme con\u00e7u pour ceux qui recherchent des performances sup\u00e9rieures et une grande capacit\u00e9 de stockage, int\u00e9grant <b>512 Go de m\u00e9moire interne<\/b> pour conserver de grands volumes de donn\u00e9es, applications, photos et vid\u00e9os sans limitation. Il dispose de <b>8 Go de RAM<\/b> qui, associ\u00e9s \u00e0 la technologie avanc\u00e9e d\u2019Apple, garantissent fluidit\u00e9 et r\u00e9activit\u00e9 lors du multit\u00e2che et avec les applications les plus exigeantes. Son <b>\u00e9cran de 6,3 pouces<\/b> offre une exp\u00e9rience visuelle immersive, id\u00e9ale pour profiter de contenus multim\u00e9dias, passer des appels vid\u00e9o de haute qualit\u00e9 ou naviguer confortablement, avec des technologies avanc\u00e9es telles que le <b>HDR<\/b> pour des images nettes et des contrastes am\u00e9lior\u00e9s. L\u2019appareil se pr\u00e9sente dans un \u00e9l\u00e9gant <b>coloris noir<\/b>, alliant sobri\u00e9t\u00e9 et modernit\u00e9, et int\u00e8gre le <b>GPS<\/b> pour un positionnement pr\u00e9cis dans les applications de navigation ou de g\u00e9olocalisation, ainsi qu\u2019un <b>barom\u00e8tre<\/b> et un <b>capteur de lumi\u00e8re ambiante<\/b> pour optimiser l\u2019utilisation en ext\u00e9rieur et mesurer avec pr\u00e9cision les conditions atmosph\u00e9riques. Ses fonctions de <b>visioconf\u00e9rence<\/b> et sa r\u00e9activit\u00e9 tactile en font un terminal adapt\u00e9 aussi bien \u00e0 un usage professionnel que personnel. Ce mod\u00e8le Apple int\u00e8gre \u00e9galement des solutions d\u2019efficacit\u00e9 et de confort au quotidien, assurant une utilisation prolong\u00e9e et fiable chaque jour. Gr\u00e2ce \u00e0 un \u00e9quilibre entre puissance, capacit\u00e9 et polyvalence, l\u2019Apple MG6P4QL\/A s\u2019impose comme un excellent choix pour ceux qui privil\u00e9gient performance, s\u00e9curit\u00e9 et exp\u00e9rience technologique avanc\u00e9e.<\/p>\n<ul>\n<li>Type:\n<ul>\n<li>Smartphone<\/li>\n<li>Smartphones, t\u00e9l\u00e9phones mobiles<\/li>\n<\/ul>\n<\/li>\n<li>Produit \u00e0 brancher: Oui<\/li>\n<li>Diagonale de l&#8217;\u00e9cran (cm): 16 cm<\/li>\n<li>Type de prise: Prise EU<\/li>\n<li>Classification IP: IP68<\/li>\n<li>Bloc d\u2019Alimentation: r\u00e9seau \u00e9lectrique<\/li>\n<li>Processeur:\n<ul>\n<li>A19 Pro<\/li>\n<li>Hexa Core<\/li>\n<li>A19<\/li>\n<\/ul>\n<\/li>\n<li>Ecran: 6,3&#8243;<\/li>\n<li>Syst\u00e8me d&#8217;exploitation: iOS<\/li>\n<li>puissance: 40 W<\/li>\n<li>Connectivit\u00e9:\n<ul>\n<li>NFC<\/li>\n<li>Bluetooth<\/li>\n<li>Wi-Fi<\/li>\n<li>BeiDou<\/li>\n<li>5G<\/li>\n<li>Positionnement de Wi-Fi<\/li>\n<li>WI-FI 7<\/li>\n<\/ul>\n<\/li>\n<li>Cam\u00e9ra\/Appareil Photo:\n<ul>\n<li>48 MP<\/li>\n<li>Dual<\/li>\n<li>Frontal<\/li>\n<\/ul>\n<\/li>\n<li>Connexions:\n<ul>\n<li>USB-C<\/li>\n<li>USB<\/li>\n<li>USB 2.0<\/li>\n<li>Dual SIM<\/li>\n<\/ul>\n<\/li>\n<li>M\u00e9moire RAM: 8 GB RAM<\/li>\n<li>M\u00e9moire interne: 512 GB<\/li>\n<li>Couleur: Noir<\/li>\n<li>Caract\u00e9ristiques:\n<ul>\n<li>GPS<\/li>\n<li>Barom\u00e8tre<\/li>\n<li>Capteur de lumi\u00e8re ambiante<\/li>\n<li>Appel vid\u00e9o<\/li>\n<li>HDR<\/li>\n<li>Autofocus<\/li>\n<li>Activation vocale<\/li>\n<li>Guide d&#8217;installation inclus<\/li>\n<li>Chargement rapide et fiable<\/li>\n<li>Chargeur sans fil<\/li>\n<li>Syst\u00e8me de reconnaissance faciale<\/li>\n<li>Stabilisateur d&#8217;image<\/li>\n<li>Capteur de proximit\u00e9<\/li>\n<li>\u00c9cran avec coins arrondis<\/li>\n<li>\u00c9cran plat<\/li>\n<\/ul>\n<\/li>\n<li>Zoom Num\u00e9rique: 10x<\/li>\n<li>Classification \u00e9nerg\u00e9tique: A<\/li>\n<li>Capteurs:\n<ul>\n<li>Acc\u00e9l\u00e9rom\u00e8tre<\/li>\n<li>Gyroscope<\/li>\n<li>Magn\u00e9tique<\/li>\n<\/ul>\n<\/li>\n<li>Inclut: Haut-parleur<\/li>\n<li>3D: Non<\/li>\n<li>Fonctions:\n<ul>\n<li>ECO<\/li>\n<li>G\u00e9olocalisation<\/li>\n<li>Vibration<\/li>\n<\/ul>\n<\/li>\n<li>Technologie:\n<ul>\n<li>Mime<\/li>\n<li>Glonass<\/li>\n<li>OLED<\/li>\n<\/ul>\n<\/li>\n<li>Brille: 1000 cd\/m\u00b2<\/li>\n<li>Non Inclus: Adaptateur AC<\/li>\n<li>Fr\u00e9quence: 120 Hz<\/li>\n<li>Angle: 120\u00ba<\/li>\n<li>Flash: Non<\/li>\n<li>Type de batterie: Litio Ion<\/li>\n<li>Noyaux:\n<ul>\n<li>6 Noyaux<\/li>\n<li>16 Noyaux<\/li>\n<\/ul>\n<\/li>\n<li>R\u00e9solution (px):\n<ul>\n<li>3840 x 2160 px<\/li>\n<li>2160 px<\/li>\n<\/ul>\n<\/li>\n<li>Dispositif intelligent: Apple Intelligence<\/li>\n<\/ul>","protected":false},"excerpt":{"rendered":"<p>Si vous \u00eates \u00e0 la recherche de nouvelles tendances sur le march\u00e9, nous vous pr\u00e9sentons Smartphone Apple iPhone 17 6,3&#8243; Hexa Core 8 GB RAM 512 GB Noir ! Le Apple MG6P4QL\/A est un smartphone haut de gamme con\u00e7u pour ceux qui recherchent des performances sup\u00e9rieures et une grande capacit\u00e9 de stockage, int\u00e9grant 512 Go [&hellip;]<\/p>\n","protected":false},"featured_media":37834,"comment_status":"open","ping_status":"closed","template":"","meta":[],"product_brand":[979],"product_cat":[575,65,960],"product_tag":[213,566,106],"class_list":{"0":"post-37840","1":"product","2":"type-product","3":"status-publish","4":"has-post-thumbnail","6":"product_brand-brandp_533","7":"product_cat-electronique-telephonie-et-tablettes","8":"product_cat-informatique-electronique","9":"product_cat-telephones-portables","10":"product_tag-tag_933","11":"product_tag-tag_547","12":"product_tag-tag_1295","14":"first","15":"instock","16":"taxable","17":"shipping-taxable","18":"purchasable","19":"product-type-simple"},"_links":{"self":[{"href":"https:\/\/bigbuy.tupique.com\/es\/wp-json\/wp\/v2\/product\/37840","targetHints":{"allow":["GET"]}}],"collection":[{"href":"https:\/\/bigbuy.tupique.com\/es\/wp-json\/wp\/v2\/product"}],"about":[{"href":"https:\/\/bigbuy.tupique.com\/es\/wp-json\/wp\/v2\/types\/product"}],"replies":[{"embeddable":true,"href":"https:\/\/bigbuy.tupique.com\/es\/wp-json\/wp\/v2\/comments?post=37840"}],"wp:featuredmedia":[{"embeddable":true,"href":"https:\/\/bigbuy.tupique.com\/es\/wp-json\/wp\/v2\/media\/37834"}],"wp:attachment":[{"href":"https:\/\/bigbuy.tupique.com\/es\/wp-json\/wp\/v2\/media?parent=37840"}],"wp:term":[{"taxonomy":"product_brand","embeddable":true,"href":"https:\/\/bigbuy.tupique.com\/es\/wp-json\/wp\/v2\/product_brand?post=37840"},{"taxonomy":"product_cat","embeddable":true,"href":"https:\/\/bigbuy.tupique.com\/es\/wp-json\/wp\/v2\/product_cat?post=37840"},{"taxonomy":"product_tag","embeddable":true,"href":"https:\/\/bigbuy.tupique.com\/es\/wp-json\/wp\/v2\/product_tag?post=37840"}],"curies":[{"name":"wp","href":"https:\/\/api.w.org\/{rel}","templated":true}]}}