{"id":37641,"date":"2026-03-30T09:04:35","date_gmt":"2026-03-30T08:04:35","guid":{"rendered":"https:\/\/bigbuy.tupique.com\/produto\/smartphone-apple-iphone-air-65-a19-pro-512-gb-blue\/"},"modified":"2026-05-11T20:02:04","modified_gmt":"2026-05-11T18:02:04","slug":"smartphone-apple-iphone-air-65-a19-pro-512-gb-blue","status":"publish","type":"product","link":"https:\/\/bigbuy.tupique.com\/es\/produto\/smartphone-apple-iphone-air-65-a19-pro-512-gb-blue\/","title":{"rendered":"Smartphone Apple iPhone Air 6,5&#8243; A19 Pro 512 GB Bleu"},"content":{"rendered":"<p>Si vous \u00eates passionn\u00e9 d&#8217;<b>informatique et d&#8217;\u00e9lectronique<\/b>, si vous \u00eates \u00e0 la pointe de la technologie et qu&#8217;aucun d\u00e9tail ne vous \u00e9chappe, achetez <b>Smartphone Apple iPhone Air 6,5&#8243; A19 Pro 512 GB Bleu<\/b> au meilleur prix.<\/p>\n<p>Le <b>iPhone Air<\/b> d\u2019Apple est un <b>smartphone<\/b> con\u00e7u pour offrir une exp\u00e9rience technologique avanc\u00e9e combin\u00e9e \u00e0 un design attrayant, incarn\u00e9 par sa finition \u00e9l\u00e9gante en <b>bleu<\/b>. Il dispose d\u2019un <b>\u00e9cran de 6,5 pouces<\/b>, offrant une taille id\u00e9ale pour profiter de contenus multim\u00e9dias et passer des appels vid\u00e9o avec une qualit\u00e9 visuelle claire et d\u00e9taill\u00e9e. Sa remarquable <b>capacit\u00e9 de stockage de 512 Go<\/b> permet de conserver de nombreuses applications, fichiers, photos et vid\u00e9os sans souci d\u2019espace. Cet appareil int\u00e8gre des technologies pr\u00e9cises comme le <b>GPS<\/b> pour une localisation rapide et fiable, ainsi que des capteurs avanc\u00e9s tels que le <b>barom\u00e8tre<\/b> pour mesurer la pression atmosph\u00e9rique, utile pour les activit\u00e9s en ext\u00e9rieur et la sant\u00e9, et un <b>capteur de lumi\u00e8re ambiante<\/b> qui ajuste automatiquement la luminosit\u00e9 de l\u2019\u00e9cran pour optimiser la visibilit\u00e9 et \u00e9conomiser l\u2019\u00e9nergie. De plus, il offre des fonctionnalit\u00e9s telles que la vid\u00e9ocam\u00e9ra et la prise en charge du HDR pour am\u00e9liorer la qualit\u00e9 d\u2019image et vid\u00e9o. Dans l\u2019ensemble, l\u2019iPhone Air repr\u00e9sente une option solide dans la gamme moyenne premium d\u2019Apple, alliant innovation dans ses composants et praticit\u00e9, pens\u00e9 pour les utilisateurs qui valorisent \u00e0 la fois performance et qualit\u00e9 visuelle dans un appareil mobile de derni\u00e8re g\u00e9n\u00e9ration.<\/p>\n<ul>\n<li>Diagonale de l&#8217;\u00e9cran (cm): 16,5 cm<\/li>\n<li>Produit \u00e0 brancher: Oui<\/li>\n<li>Type:\n<ul>\n<li>Smartphone<\/li>\n<li>OLED<\/li>\n<\/ul>\n<\/li>\n<li>Bloc d\u2019Alimentation: r\u00e9seau \u00e9lectrique<\/li>\n<li>Zoom Num\u00e9rique: 10x<\/li>\n<li>Poids: 165 g<\/li>\n<li>Connectivit\u00e9:\n<ul>\n<li>Bluetooth<\/li>\n<li>Wi-Fi<\/li>\n<li>NFC<\/li>\n<li>BeiDou<\/li>\n<li>5G<\/li>\n<li>Positionnement de Wi-Fi<\/li>\n<li>eSIM<\/li>\n<li>WI-FI 7<\/li>\n<\/ul>\n<\/li>\n<li>Classification \u00e9nerg\u00e9tique: A<\/li>\n<li>Technologie:\n<ul>\n<li>OLED<\/li>\n<li>Mime<\/li>\n<li>Glonass<\/li>\n<\/ul>\n<\/li>\n<li>Fr\u00e9quence: 120 Hz<\/li>\n<li>Indice de r\u00e9parabilit\u00e9: 2.8<\/li>\n<li>Couleur: Bleu<\/li>\n<li>Caract\u00e9ristiques:\n<ul>\n<li>GPS<\/li>\n<li>Barom\u00e8tre<\/li>\n<li>Capteur de lumi\u00e8re ambiante<\/li>\n<li>Appel vid\u00e9o<\/li>\n<li>HDR<\/li>\n<li>Autofocus<\/li>\n<li>Activation vocale<\/li>\n<li>Guide d&#8217;installation inclus<\/li>\n<li>Chargement rapide et fiable<\/li>\n<li>SMS<\/li>\n<li>Chargeur sans fil<\/li>\n<li>Syst\u00e8me de reconnaissance faciale<\/li>\n<li>Stabilisateur d&#8217;image<\/li>\n<li>Capteur de proximit\u00e9<\/li>\n<li>\u00c9cran avec coins arrondis<\/li>\n<li>\u00c9cran plat<\/li>\n<\/ul>\n<\/li>\n<li>Connexions:\n<ul>\n<li>USB<\/li>\n<li>USB-C<\/li>\n<li>USB 2.0<\/li>\n<li>Dual SIM<\/li>\n<\/ul>\n<\/li>\n<li>Syst\u00e8me d&#8217;exploitation: iOS<\/li>\n<li>Capteurs:\n<ul>\n<li>Acc\u00e9l\u00e9rom\u00e8tre<\/li>\n<li>Gyroscope<\/li>\n<li>Magn\u00e9tique<\/li>\n<\/ul>\n<\/li>\n<li>Ecran: 6,5&#8243;<\/li>\n<li>Inclut: Haut-parleur<\/li>\n<li>3D: Non<\/li>\n<li>Cam\u00e9ra\/Appareil Photo:\n<ul>\n<li>Frontal<\/li>\n<li>Arri\u00e8re<\/li>\n<li>48 MP<\/li>\n<\/ul>\n<\/li>\n<li>Fonctions:\n<ul>\n<li>ECO<\/li>\n<li>G\u00e9olocalisation<\/li>\n<li>Vibration<\/li>\n<\/ul>\n<\/li>\n<li>Brille: 1000 cd\/m\u00b2<\/li>\n<li>Non Inclus: Adaptateur AC<\/li>\n<li>M\u00e9moire interne: 512 GB<\/li>\n<li>Flash: Non<\/li>\n<li>Type de batterie: Litio Ion<\/li>\n<li>Noyaux: 6 Noyaux<\/li>\n<li>R\u00e9solution (px):\n<ul>\n<li>3840 x 2160 px<\/li>\n<li>2160 px<\/li>\n<\/ul>\n<\/li>\n<li>Processeur: A19 Pro<\/li>\n<li>Dispositif intelligent: Apple Intelligence<\/li>\n<\/ul>","protected":false},"excerpt":{"rendered":"<p>Si vous \u00eates passionn\u00e9 d&#8217;informatique et d&#8217;\u00e9lectronique, si vous \u00eates \u00e0 la pointe de la technologie et qu&#8217;aucun d\u00e9tail ne vous \u00e9chappe, achetez Smartphone Apple iPhone Air 6,5&#8243; A19 Pro 512 GB Bleu au meilleur prix. Le iPhone Air d\u2019Apple est un smartphone con\u00e7u pour offrir une exp\u00e9rience technologique avanc\u00e9e combin\u00e9e \u00e0 un design attrayant, [&hellip;]<\/p>\n","protected":false},"featured_media":37632,"comment_status":"open","ping_status":"closed","template":"","meta":[],"product_brand":[979],"product_cat":[575,65,960],"product_tag":[213,59,566,106],"class_list":{"0":"post-37641","1":"product","2":"type-product","3":"status-publish","4":"has-post-thumbnail","6":"product_brand-brandp_533","7":"product_cat-electronique-telephonie-et-tablettes","8":"product_cat-informatique-electronique","9":"product_cat-telephones-portables","10":"product_tag-tag_933","11":"product_tag-tag_1304","12":"product_tag-tag_547","13":"product_tag-tag_1295","15":"first","16":"instock","17":"taxable","18":"shipping-taxable","19":"purchasable","20":"product-type-simple"},"_links":{"self":[{"href":"https:\/\/bigbuy.tupique.com\/es\/wp-json\/wp\/v2\/product\/37641","targetHints":{"allow":["GET"]}}],"collection":[{"href":"https:\/\/bigbuy.tupique.com\/es\/wp-json\/wp\/v2\/product"}],"about":[{"href":"https:\/\/bigbuy.tupique.com\/es\/wp-json\/wp\/v2\/types\/product"}],"replies":[{"embeddable":true,"href":"https:\/\/bigbuy.tupique.com\/es\/wp-json\/wp\/v2\/comments?post=37641"}],"wp:featuredmedia":[{"embeddable":true,"href":"https:\/\/bigbuy.tupique.com\/es\/wp-json\/wp\/v2\/media\/37632"}],"wp:attachment":[{"href":"https:\/\/bigbuy.tupique.com\/es\/wp-json\/wp\/v2\/media?parent=37641"}],"wp:term":[{"taxonomy":"product_brand","embeddable":true,"href":"https:\/\/bigbuy.tupique.com\/es\/wp-json\/wp\/v2\/product_brand?post=37641"},{"taxonomy":"product_cat","embeddable":true,"href":"https:\/\/bigbuy.tupique.com\/es\/wp-json\/wp\/v2\/product_cat?post=37641"},{"taxonomy":"product_tag","embeddable":true,"href":"https:\/\/bigbuy.tupique.com\/es\/wp-json\/wp\/v2\/product_tag?post=37641"}],"curies":[{"name":"wp","href":"https:\/\/api.w.org\/{rel}","templated":true}]}}