{"id":37611,"date":"2026-03-30T09:03:23","date_gmt":"2026-03-30T08:03:23","guid":{"rendered":"https:\/\/bigbuy.tupique.com\/produto\/atx-semi-tower-box-corsair\/"},"modified":"2026-04-16T16:51:37","modified_gmt":"2026-04-16T15:51:37","slug":"atx-semi-tower-box-corsair","status":"publish","type":"product","link":"https:\/\/bigbuy.tupique.com\/es\/produto\/atx-semi-tower-box-corsair\/","title":{"rendered":"Bo\u00eetier ATX semi-tour Corsair"},"content":{"rendered":"<p>Si vous \u00eates \u00e0 la recherche de nouvelles tendances sur le march\u00e9, nous vous pr\u00e9sentons <b>Bo\u00eetier ATX semi-tour Corsair<\/b> !<\/p>\n<ul>\n<li>Type:\n<ul>\n<li>Bo\u00eetier ATX semi-tour<\/li>\n<li>Jeux<\/li>\n<li>PC<\/li>\n<li>Micro ATX<\/li>\n<\/ul>\n<\/li>\n<li>Mati\u00e8re: Verre tremp\u00e9<\/li>\n<li>Caract\u00e9ristiques:\n<ul>\n<li>Bouton marche\/arr\u00eat<\/li>\n<li>Organisateur de C\u00e2bles<\/li>\n<\/ul>\n<\/li>\n<li>Connexions:\n<ul>\n<li>USB-C<\/li>\n<li>USB-C 3.2 Gen 2 (3.1 Gen 2)<\/li>\n<li>USB-A 3.2<\/li>\n<\/ul>\n<\/li>\n<li>Ports:\n<ul>\n<li>Entr\u00e9e audio<\/li>\n<li>Sortie audio<\/li>\n<\/ul>\n<\/li>\n<li>Compatible: Disque dur 2,5&#8243;<\/li>\n<li>Illumination: Multicouleur<\/li>\n<li>Facteur de forme: Midi-Tower<\/li>\n<li>Format: ATX<\/li>\n<li>Emplacements d&#8217;extension: 4<\/li>\n<\/ul>","protected":false},"excerpt":{"rendered":"<p>Si vous \u00eates \u00e0 la recherche de nouvelles tendances sur le march\u00e9, nous vous pr\u00e9sentons Bo\u00eetier ATX semi-tour Corsair ! Type: Bo\u00eetier ATX semi-tour Jeux PC Micro ATX Mati\u00e8re: Verre tremp\u00e9 Caract\u00e9ristiques: Bouton marche\/arr\u00eat Organisateur de C\u00e2bles Connexions: USB-C USB-C 3.2 Gen 2 (3.1 Gen 2) USB-A 3.2 Ports: Entr\u00e9e audio Sortie audio Compatible: Disque [&hellip;]<\/p>\n","protected":false},"featured_media":37600,"comment_status":"open","ping_status":"closed","template":"","meta":[],"product_brand":[857],"product_cat":[615,65,584],"product_tag":[59,106],"class_list":{"0":"post-37611","1":"product","2":"type-product","3":"status-publish","4":"has-post-thumbnail","6":"product_brand-brandp_3072","7":"product_cat-boitiers-et-caisses","8":"product_cat-informatique-electronique","9":"product_cat-informatique-reseaux-et-composants","10":"product_tag-tag_1304","11":"product_tag-tag_1295","13":"first","14":"instock","15":"taxable","16":"shipping-taxable","17":"purchasable","18":"product-type-simple"},"_links":{"self":[{"href":"https:\/\/bigbuy.tupique.com\/es\/wp-json\/wp\/v2\/product\/37611","targetHints":{"allow":["GET"]}}],"collection":[{"href":"https:\/\/bigbuy.tupique.com\/es\/wp-json\/wp\/v2\/product"}],"about":[{"href":"https:\/\/bigbuy.tupique.com\/es\/wp-json\/wp\/v2\/types\/product"}],"replies":[{"embeddable":true,"href":"https:\/\/bigbuy.tupique.com\/es\/wp-json\/wp\/v2\/comments?post=37611"}],"wp:featuredmedia":[{"embeddable":true,"href":"https:\/\/bigbuy.tupique.com\/es\/wp-json\/wp\/v2\/media\/37600"}],"wp:attachment":[{"href":"https:\/\/bigbuy.tupique.com\/es\/wp-json\/wp\/v2\/media?parent=37611"}],"wp:term":[{"taxonomy":"product_brand","embeddable":true,"href":"https:\/\/bigbuy.tupique.com\/es\/wp-json\/wp\/v2\/product_brand?post=37611"},{"taxonomy":"product_cat","embeddable":true,"href":"https:\/\/bigbuy.tupique.com\/es\/wp-json\/wp\/v2\/product_cat?post=37611"},{"taxonomy":"product_tag","embeddable":true,"href":"https:\/\/bigbuy.tupique.com\/es\/wp-json\/wp\/v2\/product_tag?post=37611"}],"curies":[{"name":"wp","href":"https:\/\/api.w.org\/{rel}","templated":true}]}}