{"id":37589,"date":"2026-03-30T09:02:29","date_gmt":"2026-03-30T08:02:29","guid":{"rendered":"https:\/\/bigbuy.tupique.com\/produto\/smartwatch-apple-black-grey\/"},"modified":"2026-04-16T19:41:28","modified_gmt":"2026-04-16T18:41:28","slug":"smartwatch-apple-black-grey","status":"publish","type":"product","link":"https:\/\/bigbuy.tupique.com\/es\/produto\/smartwatch-apple-black-grey\/","title":{"rendered":"Montre intelligente Apple Noir Gris"},"content":{"rendered":"<p>Si vous \u00eates passionn\u00e9 d&#8217;<b>informatique et d&#8217;\u00e9lectronique<\/b>, si vous \u00eates \u00e0 la pointe de la technologie et qu&#8217;aucun d\u00e9tail ne vous \u00e9chappe, achetez <b>Montre intelligente Apple Noir Gris<\/b> au meilleur prix.<\/p>\n<p>Le <b>Apple Watch Series 11<\/b> est une <b>smartwatch<\/b> con\u00e7ue pour offrir une combinaison avanc\u00e9e de fonctionnalit\u00e9s, confort et style, id\u00e9ale pour ceux qui recherchent une technologie de pointe dans un appareil portable. Son <b>bo\u00eetier de 42 mm en aluminium gris sid\u00e9ral<\/b> assure robustesse et l\u00e9g\u00e8ret\u00e9, compl\u00e9t\u00e9 par un <b>bracelet sport noir en caoutchouc<\/b> garantissant un ajustement confortable et durable toute la journ\u00e9e, m\u00eame lors d\u2019activit\u00e9s physiques intenses. Ce mod\u00e8le int\u00e8gre un <b>acc\u00e9l\u00e9rom\u00e8tre<\/b> qui permet un suivi pr\u00e9cis de l\u2019activit\u00e9 physique, aidant \u00e0 monitorer les pas, le rythme cardiaque et d\u2019autres mesures de sant\u00e9 pertinentes, tandis que ses <b>haut-parleurs int\u00e9gr\u00e9s<\/b> facilitent la diffusion sonore et la gestion des appels directement au poignet. La connectivit\u00e9 <b>Bluetooth<\/b> assure une synchronisation efficace avec d\u2019autres appareils Apple, permettant de recevoir des notifications, contr\u00f4ler la musique et utiliser des applications compatibles \u00e0 tout moment. Gr\u00e2ce \u00e0 son design et ses mat\u00e9riaux soign\u00e9s, l\u2019Apple Watch Series 11 allie performances technologiques et esth\u00e9tique sobre et moderne en tons <b>noir et gris<\/b>, s\u2019adaptant aussi bien \u00e0 un usage quotidien que sportif. Dans l\u2019ensemble, cette montre intelligente repr\u00e9sente une solution compl\u00e8te pour ceux qui souhaitent maintenir un style de vie actif et connect\u00e9 sans renoncer \u00e0 la qualit\u00e9 et au prestige offerts par Apple.<\/p>\n<ul>\n<li>Type de montre: Montre intelligente<\/li>\n<li>Produit \u00e0 brancher: Oui<\/li>\n<li>Bloc d\u2019Alimentation: r\u00e9seau \u00e9lectrique<\/li>\n<li>Couleur:\n<ul>\n<li>Noir<\/li>\n<li>Gris<\/li>\n<\/ul>\n<\/li>\n<li>Taille:\n<ul>\n<li>30 mm<\/li>\n<li>240 mm<\/li>\n<li>42 mm<\/li>\n<li>36 mm<\/li>\n<li>77 mm<\/li>\n<li>M<\/li>\n<li>M\/L<\/li>\n<\/ul>\n<\/li>\n<li>Connectivit\u00e9:\n<ul>\n<li>Bluetooth<\/li>\n<li>Wi-Fi 4 (802.11n)<\/li>\n<li>Wi-Fi<\/li>\n<li>GPS<\/li>\n<li>NFC<\/li>\n<li>Glonass<\/li>\n<li>BeiDou<\/li>\n<li>Galileo<\/li>\n<li>Bluetooth Low Energy<\/li>\n<li>Bluetooth 5.3<\/li>\n<\/ul>\n<\/li>\n<li>Caisse: 42 mm<\/li>\n<li>Poids approx.:\n<ul>\n<li>30 g<\/li>\n<li>300 g<\/li>\n<\/ul>\n<\/li>\n<li>Compatible:\n<ul>\n<li>iOS<\/li>\n<li>Siri<\/li>\n<\/ul>\n<\/li>\n<li>R\u00e9sistant \u00e0 l&#8217;eau: 50 m<\/li>\n<li>Mati\u00e8re:\n<ul>\n<li>Caoutchouc<\/li>\n<li>Aluminium<\/li>\n<\/ul>\n<\/li>\n<li>Caract\u00e9ristiques:\n<ul>\n<li>Acc\u00e9l\u00e9rom\u00e8tre<\/li>\n<li>Haut-parleurs int\u00e9gr\u00e9s<\/li>\n<li>Ecran tactile<\/li>\n<li>Capteur de lumi\u00e8re ambiante<\/li>\n<li>Gyroscope<\/li>\n<li>Altim\u00e8tre<\/li>\n<li>Microphone int\u00e9gr\u00e9<\/li>\n<li>Distance parcourue<\/li>\n<li>Moniteur de Sommeil<\/li>\n<li>Charge magn\u00e9tique<\/li>\n<li>Multisport<\/li>\n<li>Capteur de niveau d&#8217;oxyg\u00e8ne dans le sang<\/li>\n<li>\u00c9cran avec coins arrondis<\/li>\n<\/ul>\n<\/li>\n<li>Fonctions:\n<ul>\n<li>\u00c9cran couleur<\/li>\n<li>Moniteur de Sommeil<\/li>\n<li>Moniteur de fr\u00e9quence cardiaque<\/li>\n<\/ul>\n<\/li>\n<li>Type de batterie:\n<ul>\n<li>Int\u00e9gr\u00e9e<\/li>\n<li>Litio Ion<\/li>\n<\/ul>\n<\/li>\n<li>M\u00e9moire interne: 64 GB<\/li>\n<li>Forme: Rectangulaire<\/li>\n<li>Cam\u00e9ra\/Appareil Photo: Non<\/li>\n<li>Chargeur sans fil: Oui<\/li>\n<li>Radio FM: Non<\/li>\n<li>Technologie: OLED<\/li>\n<li>Connexion USB: Non<\/li>\n<li>Sangle: Amovible<\/li>\n<li>Non Inclus: Connexion au r\u00e9seau mobile<\/li>\n<li>M\u00e9moire Flash: 64 MB<\/li>\n<li>Noyaux: 2 Noyaux<\/li>\n<\/ul>","protected":false},"excerpt":{"rendered":"<p><span class=\"unit-info\">7415.4545 &euro; \/ 1 m<\/span><\/p>","protected":false},"featured_media":37574,"comment_status":"open","ping_status":"closed","template":"","meta":[],"product_brand":[979],"product_cat":[575,65,748],"product_tag":[103,59,566,106],"class_list":{"0":"post-37589","1":"product","2":"type-product","3":"status-publish","4":"has-post-thumbnail","6":"product_brand-brandp_533","7":"product_cat-electronique-telephonie-et-tablettes","8":"product_cat-informatique-electronique","9":"product_cat-smartwatches","10":"product_tag-tag_1261","11":"product_tag-tag_1304","12":"product_tag-tag_547","13":"product_tag-tag_1295","15":"first","16":"instock","17":"taxable","18":"shipping-taxable","19":"purchasable","20":"product-type-simple"},"_links":{"self":[{"href":"https:\/\/bigbuy.tupique.com\/es\/wp-json\/wp\/v2\/product\/37589","targetHints":{"allow":["GET"]}}],"collection":[{"href":"https:\/\/bigbuy.tupique.com\/es\/wp-json\/wp\/v2\/product"}],"about":[{"href":"https:\/\/bigbuy.tupique.com\/es\/wp-json\/wp\/v2\/types\/product"}],"replies":[{"embeddable":true,"href":"https:\/\/bigbuy.tupique.com\/es\/wp-json\/wp\/v2\/comments?post=37589"}],"wp:featuredmedia":[{"embeddable":true,"href":"https:\/\/bigbuy.tupique.com\/es\/wp-json\/wp\/v2\/media\/37574"}],"wp:attachment":[{"href":"https:\/\/bigbuy.tupique.com\/es\/wp-json\/wp\/v2\/media?parent=37589"}],"wp:term":[{"taxonomy":"product_brand","embeddable":true,"href":"https:\/\/bigbuy.tupique.com\/es\/wp-json\/wp\/v2\/product_brand?post=37589"},{"taxonomy":"product_cat","embeddable":true,"href":"https:\/\/bigbuy.tupique.com\/es\/wp-json\/wp\/v2\/product_cat?post=37589"},{"taxonomy":"product_tag","embeddable":true,"href":"https:\/\/bigbuy.tupique.com\/es\/wp-json\/wp\/v2\/product_tag?post=37589"}],"curies":[{"name":"wp","href":"https:\/\/api.w.org\/{rel}","templated":true}]}}