{"id":37524,"date":"2026-03-30T08:59:35","date_gmt":"2026-03-30T07:59:35","guid":{"rendered":"https:\/\/bigbuy.tupique.com\/produto\/laser-level-bosch-grl-650-chvg-1-mm-80-m\/"},"modified":"2026-04-16T16:25:05","modified_gmt":"2026-04-16T15:25:05","slug":"laser-level-bosch-grl-650-chvg-1-mm-80-m","status":"publish","type":"product","link":"https:\/\/bigbuy.tupique.com\/es\/produto\/laser-level-bosch-grl-650-chvg-1-mm-80-m\/","title":{"rendered":"Niveau laser BOSCH GRL 650 CHVG 1 mm 80 m"},"content":{"rendered":"<p>Si vous aimez prendre soin de chaque d\u00e9tail de votre maison et d&#8217;\u00eatre \u00e0 la derni\u00e8re mode en mati\u00e8re de produits qui vous rendront la vie plus facile, achetez <b>Niveau laser BOSCH GRL 650 CHVG 1 mm 80 m<\/b> au meilleur prix.<\/p>\n<ul>\n<li>Couleur: Bleu<\/li>\n<li>Pr\u00e9cision: 1 mm<\/li>\n<li>Mati\u00e8re: Plastique<\/li>\n<li>Pile incluse: Oui<\/li>\n<li>Tension: 18 V<\/li>\n<li>Classification IP: IP68<\/li>\n<li>Inclut: Batterie<\/li>\n<li>Piles incluses: Oui<\/li>\n<li>Nombre de pi\u00e8ces: 7 Pi\u00e8ces<\/li>\n<li>Port\u00e9e: 80 m<\/li>\n<li>Poids approx.: 4,3 kg<\/li>\n<li>Caract\u00e9ristiques: Automatique<\/li>\n<li>Temp\u00e9rature approximative: -20\u00ba \/ 50\u00ba<\/li>\n<li>Type de batterie: Litio Ion<\/li>\n<li>Connexions: USB Type-C<\/li>\n<li>Compatible: Tripode<\/li>\n<\/ul>","protected":false},"excerpt":{"rendered":"<p>Si vous aimez prendre soin de chaque d\u00e9tail de votre maison et d&#8217;\u00eatre \u00e0 la derni\u00e8re mode en mati\u00e8re de produits qui vous rendront la vie plus facile, achetez Niveau laser BOSCH GRL 650 CHVG 1 mm 80 m au meilleur prix. Couleur: Bleu Pr\u00e9cision: 1 mm Mati\u00e8re: Plastique Pile incluse: Oui Tension: 18 V [&hellip;]<\/p>\n","protected":false},"featured_media":37520,"comment_status":"open","ping_status":"closed","template":"","meta":[],"product_brand":[162],"product_cat":[613,239],"product_tag":[59,210],"class_list":{"0":"post-37524","1":"product","2":"type-product","3":"status-publish","4":"has-post-thumbnail","6":"product_brand-brandp_959","7":"product_cat-bricolage-et-materiel","8":"product_cat-maison-jardin","9":"product_tag-tag_1304","10":"product_tag-tag_25","12":"first","13":"instock","14":"taxable","15":"shipping-taxable","16":"purchasable","17":"product-type-simple"},"_links":{"self":[{"href":"https:\/\/bigbuy.tupique.com\/es\/wp-json\/wp\/v2\/product\/37524","targetHints":{"allow":["GET"]}}],"collection":[{"href":"https:\/\/bigbuy.tupique.com\/es\/wp-json\/wp\/v2\/product"}],"about":[{"href":"https:\/\/bigbuy.tupique.com\/es\/wp-json\/wp\/v2\/types\/product"}],"replies":[{"embeddable":true,"href":"https:\/\/bigbuy.tupique.com\/es\/wp-json\/wp\/v2\/comments?post=37524"}],"wp:featuredmedia":[{"embeddable":true,"href":"https:\/\/bigbuy.tupique.com\/es\/wp-json\/wp\/v2\/media\/37520"}],"wp:attachment":[{"href":"https:\/\/bigbuy.tupique.com\/es\/wp-json\/wp\/v2\/media?parent=37524"}],"wp:term":[{"taxonomy":"product_brand","embeddable":true,"href":"https:\/\/bigbuy.tupique.com\/es\/wp-json\/wp\/v2\/product_brand?post=37524"},{"taxonomy":"product_cat","embeddable":true,"href":"https:\/\/bigbuy.tupique.com\/es\/wp-json\/wp\/v2\/product_cat?post=37524"},{"taxonomy":"product_tag","embeddable":true,"href":"https:\/\/bigbuy.tupique.com\/es\/wp-json\/wp\/v2\/product_tag?post=37524"}],"curies":[{"name":"wp","href":"https:\/\/api.w.org\/{rel}","templated":true}]}}