{"id":37512,"date":"2026-03-30T08:50:35","date_gmt":"2026-03-30T07:50:35","guid":{"rendered":"https:\/\/bigbuy.tupique.com\/produto\/laser-level-bosch-2-mm\/"},"modified":"2026-04-16T16:25:06","modified_gmt":"2026-04-16T15:25:06","slug":"laser-level-bosch-2-mm","status":"publish","type":"product","link":"https:\/\/bigbuy.tupique.com\/es\/produto\/laser-level-bosch-2-mm\/","title":{"rendered":"Niveau laser BOSCH 2 mm"},"content":{"rendered":"<p>Si vous aimez prendre soin de chaque d\u00e9tail de votre maison et d&#8217;\u00eatre \u00e0 la derni\u00e8re mode en mati\u00e8re de produits qui vous rendront la vie plus facile, achetez <b>Niveau laser BOSCH 2 mm<\/b> au meilleur prix.<\/p>\n<p>Le <b>niveau laser GCL 25 Professional<\/b> de <b>BOSCH<\/b> est un outil de mesure compact et ergonomique con\u00e7u pour les professionnels exigeant une grande pr\u00e9cision dans leurs projets. Ce <b>niveau \u00e0 bulle<\/b> sans fil se distingue par sa <b>pr\u00e9cision de 2 mm<\/b>, garantissant des r\u00e9sultats fiables en int\u00e9rieur comme en ext\u00e9rieur. Sa construction associe des mat\u00e9riaux robustes tels que le <b>m\u00e9tal et le plastique<\/b>, offrant durabilit\u00e9 sans sacrifier la l\u00e9g\u00e8ret\u00e9, tandis que son design en <b>bleu<\/b> facilite son identification et sa manipulation sur le chantier. Il fonctionne avec une <b>pile 1,5 V<\/b> alcaline, assurant une autonomie suffisante pour de longues journ\u00e9es sans interruptions impr\u00e9vues. De plus, la technologie sans fil \u00e9limine le besoin de c\u00e2bles, permettant une plus grande libert\u00e9 de mouvement et une rapidit\u00e9 accrue lors des v\u00e9rifications de niveau. L\u2019ergonomie de l\u2019appareil s\u2019adapte confortablement \u00e0 la main, am\u00e9liorant le contr\u00f4le et la pr\u00e9cision pendant l\u2019utilisation, ce qui est particuli\u00e8rement appr\u00e9ci\u00e9 dans les travaux de construction, de menuiserie ou d\u2019installation o\u00f9 l\u2019exactitude est essentielle. Avec la qualit\u00e9 reconnue de BOSCH, ce niveau laser allie facilit\u00e9 d\u2019usage et fiabilit\u00e9 technique, constituant un outil indispensable pour les professionnels qui exigent des mesures pr\u00e9cises et rapides au quotidien. En r\u00e9sum\u00e9, le GCL 25 Professional repr\u00e9sente une solution technique efficace et pratique dans la gamme professionnelle de niveaux laser disponibles sur le march\u00e9.<\/p>\n<ul>\n<li>Couleur:\n<ul>\n<li>rouge<\/li>\n<li>Bleu<\/li>\n<\/ul>\n<\/li>\n<li>Pr\u00e9cision: 2 mm<\/li>\n<li>Tension: 1,5 V<\/li>\n<li>Inclut: Batterie<\/li>\n<li>Piles incluses: Oui<\/li>\n<li>Type de batterie: Piles Alcalines<\/li>\n<li>Mati\u00e8re: M\u00e9tal\/Plastique<\/li>\n<\/ul>","protected":false},"excerpt":{"rendered":"<p><span class=\"unit-info\">33.1990 &euro; \/ 1 m<\/span><\/p>","protected":false},"featured_media":37500,"comment_status":"open","ping_status":"closed","template":"","meta":[],"product_brand":[162],"product_cat":[613,239],"product_tag":[59,210],"class_list":{"0":"post-37512","1":"product","2":"type-product","3":"status-publish","4":"has-post-thumbnail","6":"product_brand-brandp_959","7":"product_cat-bricolage-et-materiel","8":"product_cat-maison-jardin","9":"product_tag-tag_1304","10":"product_tag-tag_25","12":"first","13":"instock","14":"taxable","15":"shipping-taxable","16":"purchasable","17":"product-type-simple"},"_links":{"self":[{"href":"https:\/\/bigbuy.tupique.com\/es\/wp-json\/wp\/v2\/product\/37512","targetHints":{"allow":["GET"]}}],"collection":[{"href":"https:\/\/bigbuy.tupique.com\/es\/wp-json\/wp\/v2\/product"}],"about":[{"href":"https:\/\/bigbuy.tupique.com\/es\/wp-json\/wp\/v2\/types\/product"}],"replies":[{"embeddable":true,"href":"https:\/\/bigbuy.tupique.com\/es\/wp-json\/wp\/v2\/comments?post=37512"}],"wp:featuredmedia":[{"embeddable":true,"href":"https:\/\/bigbuy.tupique.com\/es\/wp-json\/wp\/v2\/media\/37500"}],"wp:attachment":[{"href":"https:\/\/bigbuy.tupique.com\/es\/wp-json\/wp\/v2\/media?parent=37512"}],"wp:term":[{"taxonomy":"product_brand","embeddable":true,"href":"https:\/\/bigbuy.tupique.com\/es\/wp-json\/wp\/v2\/product_brand?post=37512"},{"taxonomy":"product_cat","embeddable":true,"href":"https:\/\/bigbuy.tupique.com\/es\/wp-json\/wp\/v2\/product_cat?post=37512"},{"taxonomy":"product_tag","embeddable":true,"href":"https:\/\/bigbuy.tupique.com\/es\/wp-json\/wp\/v2\/product_tag?post=37512"}],"curies":[{"name":"wp","href":"https:\/\/api.w.org\/{rel}","templated":true}]}}