{"id":37499,"date":"2026-03-30T08:49:59","date_gmt":"2026-03-30T07:49:59","guid":{"rendered":"https:\/\/bigbuy.tupique.com\/produto\/laser-level-openfield-2\/"},"modified":"2026-05-11T20:02:03","modified_gmt":"2026-05-11T18:02:03","slug":"laser-level-openfield-2","status":"publish","type":"product","link":"https:\/\/bigbuy.tupique.com\/es\/produto\/laser-level-openfield-2\/","title":{"rendered":"Niveau laser Openfield"},"content":{"rendered":"<p>Si vous \u00eates \u00e0 la recherche de nouvelles tendances sur le march\u00e9, nous vous pr\u00e9sentons <b>Niveau laser Openfield<\/b> !<\/p>\n<ul>\n<li>Couleur: Bleu<\/li>\n<li>Bloc d\u2019Alimentation: Batterie<\/li>\n<li>Inclut: Batterie<\/li>\n<li>Piles incluses: Oui<\/li>\n<li>Type de batterie: Piles Alcalines<\/li>\n<\/ul>","protected":false},"excerpt":{"rendered":"<p>Si vous \u00eates \u00e0 la recherche de nouvelles tendances sur le march\u00e9, nous vous pr\u00e9sentons Niveau laser Openfield ! Couleur: Bleu Bloc d\u2019Alimentation: Batterie Inclut: Batterie Piles incluses: Oui Type de batterie: Piles Alcalines<\/p>","protected":false},"featured_media":37493,"comment_status":"open","ping_status":"closed","template":"","meta":[],"product_brand":[1347],"product_cat":[613,239],"product_tag":[59,210],"class_list":{"0":"post-37499","1":"product","2":"type-product","3":"status-publish","4":"has-post-thumbnail","6":"product_brand-brandp_10787","7":"product_cat-bricolage-et-materiel","8":"product_cat-maison-jardin","9":"product_tag-tag_1304","10":"product_tag-tag_25","12":"first","13":"instock","14":"taxable","15":"shipping-taxable","16":"purchasable","17":"product-type-simple"},"_links":{"self":[{"href":"https:\/\/bigbuy.tupique.com\/es\/wp-json\/wp\/v2\/product\/37499","targetHints":{"allow":["GET"]}}],"collection":[{"href":"https:\/\/bigbuy.tupique.com\/es\/wp-json\/wp\/v2\/product"}],"about":[{"href":"https:\/\/bigbuy.tupique.com\/es\/wp-json\/wp\/v2\/types\/product"}],"replies":[{"embeddable":true,"href":"https:\/\/bigbuy.tupique.com\/es\/wp-json\/wp\/v2\/comments?post=37499"}],"wp:featuredmedia":[{"embeddable":true,"href":"https:\/\/bigbuy.tupique.com\/es\/wp-json\/wp\/v2\/media\/37493"}],"wp:attachment":[{"href":"https:\/\/bigbuy.tupique.com\/es\/wp-json\/wp\/v2\/media?parent=37499"}],"wp:term":[{"taxonomy":"product_brand","embeddable":true,"href":"https:\/\/bigbuy.tupique.com\/es\/wp-json\/wp\/v2\/product_brand?post=37499"},{"taxonomy":"product_cat","embeddable":true,"href":"https:\/\/bigbuy.tupique.com\/es\/wp-json\/wp\/v2\/product_cat?post=37499"},{"taxonomy":"product_tag","embeddable":true,"href":"https:\/\/bigbuy.tupique.com\/es\/wp-json\/wp\/v2\/product_tag?post=37499"}],"curies":[{"name":"wp","href":"https:\/\/api.w.org\/{rel}","templated":true}]}}