{"id":37469,"date":"2026-03-30T08:48:51","date_gmt":"2026-03-30T07:48:51","guid":{"rendered":"https:\/\/bigbuy.tupique.com\/produto\/stud-detector-bosch-d-tect-200-c-2\/"},"modified":"2026-04-16T16:25:07","modified_gmt":"2026-04-16T15:25:07","slug":"stud-detector-bosch-d-tect-200-c-2","status":"publish","type":"product","link":"https:\/\/bigbuy.tupique.com\/es\/produto\/stud-detector-bosch-d-tect-200-c-2\/","title":{"rendered":"D\u00e9tecteur de c\u00e2bles et canalisations BOSCH D-Tect 200 C"},"content":{"rendered":"<p>Si vous aimez prendre soin de chaque d\u00e9tail de votre maison et d&#8217;\u00eatre \u00e0 la derni\u00e8re mode en mati\u00e8re de produits qui vous rendront la vie plus facile, achetez <b>D\u00e9tecteur de c\u00e2bles et canalisations BOSCH D-Tect 200 C<\/b> au meilleur prix.<\/p>\n<p>Le <b>d\u00e9tecteur de mur Bosch Professional D-Tect 200 C<\/b> est un outil avanc\u00e9 con\u00e7u pour les professionnels qui exigent pr\u00e9cision et fiabilit\u00e9 dans la d\u00e9tection de mat\u00e9riaux \u00e0 l\u2019int\u00e9rieur des murs et structures. Cet appareil, de la marque reconnue <b>BOSCH<\/b>, associe une technologie de d\u00e9tection sophistiqu\u00e9e \u00e0 une <b>cam\u00e9ra int\u00e9gr\u00e9e<\/b> permettant de visualiser clairement la position des c\u00e2bles, tuyaux ou autres objets cach\u00e9s, facilitant un travail plus s\u00fbr et efficace. Fabriqu\u00e9 en <b>plastique r\u00e9sistant<\/b> et arborant une couleur <b>bleue<\/b> distinctive, le D-Tect 200 C se distingue par son autonomie gr\u00e2ce \u00e0 une <b>batterie rechargeable 12 V<\/b> offrant une dur\u00e9e optimale pour de longues journ\u00e9es sur chantier ou installation. Il inclut \u00e9galement un chargeur et un c\u00e2ble USB-C pour une recharge pratique et rapide. Son design ergonomique et fonctionnel est compl\u00e9t\u00e9 par un bracelet pratique assurant une prise en main s\u00fbre et confortable lors d\u2019une utilisation prolong\u00e9e. Ce d\u00e9tecteur est livr\u00e9 dans une mallette de type <b>L-Boxx<\/b>, offrant une solution compacte et organis\u00e9e pour le transport et le stockage. Dans l\u2019ensemble, cet appareil professionnel combine fonctionnalit\u00e9, durabilit\u00e9 et technologie avanc\u00e9e pour la d\u00e9tection dans diverses applications de construction ou maintenance, se positionnant comme un outil fiable pour les utilisateurs recherchant une grande pr\u00e9cision technique dans leurs projets.<\/p>\n<ul>\n<li>Type: Cam\u00e9ra\/Appareil Photo<\/li>\n<li>Couleur: Bleu<\/li>\n<li>Mati\u00e8re: Plastique<\/li>\n<li>Tension: 12 V<\/li>\n<li>Bloc d\u2019Alimentation: Batterie<\/li>\n<li>Piles incluses: Oui<\/li>\n<li>Type de batterie: Litio Ion<\/li>\n<\/ul>","protected":false},"excerpt":{"rendered":"<p>Si vous aimez prendre soin de chaque d\u00e9tail de votre maison et d&#8217;\u00eatre \u00e0 la derni\u00e8re mode en mati\u00e8re de produits qui vous rendront la vie plus facile, achetez D\u00e9tecteur de c\u00e2bles et canalisations BOSCH D-Tect 200 C au meilleur prix. Le d\u00e9tecteur de mur Bosch Professional D-Tect 200 C est un outil avanc\u00e9 con\u00e7u [&hellip;]<\/p>\n","protected":false},"featured_media":191171,"comment_status":"open","ping_status":"closed","template":"","meta":[],"product_brand":[162],"product_cat":[613,239],"product_tag":[59,210],"class_list":{"0":"post-37469","1":"product","2":"type-product","3":"status-publish","4":"has-post-thumbnail","6":"product_brand-brandp_959","7":"product_cat-bricolage-et-materiel","8":"product_cat-maison-jardin","9":"product_tag-tag_1304","10":"product_tag-tag_25","12":"first","13":"instock","14":"taxable","15":"shipping-taxable","16":"purchasable","17":"product-type-simple"},"_links":{"self":[{"href":"https:\/\/bigbuy.tupique.com\/es\/wp-json\/wp\/v2\/product\/37469","targetHints":{"allow":["GET"]}}],"collection":[{"href":"https:\/\/bigbuy.tupique.com\/es\/wp-json\/wp\/v2\/product"}],"about":[{"href":"https:\/\/bigbuy.tupique.com\/es\/wp-json\/wp\/v2\/types\/product"}],"replies":[{"embeddable":true,"href":"https:\/\/bigbuy.tupique.com\/es\/wp-json\/wp\/v2\/comments?post=37469"}],"wp:featuredmedia":[{"embeddable":true,"href":"https:\/\/bigbuy.tupique.com\/es\/wp-json\/wp\/v2\/media\/191171"}],"wp:attachment":[{"href":"https:\/\/bigbuy.tupique.com\/es\/wp-json\/wp\/v2\/media?parent=37469"}],"wp:term":[{"taxonomy":"product_brand","embeddable":true,"href":"https:\/\/bigbuy.tupique.com\/es\/wp-json\/wp\/v2\/product_brand?post=37469"},{"taxonomy":"product_cat","embeddable":true,"href":"https:\/\/bigbuy.tupique.com\/es\/wp-json\/wp\/v2\/product_cat?post=37469"},{"taxonomy":"product_tag","embeddable":true,"href":"https:\/\/bigbuy.tupique.com\/es\/wp-json\/wp\/v2\/product_tag?post=37469"}],"curies":[{"name":"wp","href":"https:\/\/api.w.org\/{rel}","templated":true}]}}