{"id":37465,"date":"2026-03-30T08:48:44","date_gmt":"2026-03-30T07:48:44","guid":{"rendered":"https:\/\/bigbuy.tupique.com\/produto\/stabiliser-for-support-compulocks-uclgmcrstdw\/"},"modified":"2026-04-16T09:01:08","modified_gmt":"2026-04-16T08:01:08","slug":"stabiliser-for-support-compulocks-uclgmcrstdw","status":"publish","type":"product","link":"https:\/\/bigbuy.tupique.com\/es\/produto\/stabiliser-for-support-compulocks-uclgmcrstdw\/","title":{"rendered":"Stabilisateur de soutien Compulocks UCLGMCRSTDW"},"content":{"rendered":"<p>Si vous \u00eates passionn\u00e9 d&#8217;<b>informatique et d&#8217;\u00e9lectronique<\/b>, si vous \u00eates \u00e0 la pointe de la technologie et qu&#8217;aucun d\u00e9tail ne vous \u00e9chappe, achetez <b>Stabilisateur de soutien Compulocks UCLGMCRSTDW<\/b> au meilleur prix.<\/p>\n<ul>\n<li>Type: Stabilisateur de soutien<\/li>\n<li>Couleur: Blanc<\/li>\n<li>Caract\u00e9ristiques: R\u00e9glable<\/li>\n<li>Pouces: 13&#8243;<\/li>\n<\/ul>","protected":false},"excerpt":{"rendered":"<p>Si vous \u00eates passionn\u00e9 d&#8217;informatique et d&#8217;\u00e9lectronique, si vous \u00eates \u00e0 la pointe de la technologie et qu&#8217;aucun d\u00e9tail ne vous \u00e9chappe, achetez Stabilisateur de soutien Compulocks UCLGMCRSTDW au meilleur prix. Type: Stabilisateur de soutien Couleur: Blanc Caract\u00e9ristiques: R\u00e9glable Pouces: 13&#8243;<\/p>","protected":false},"featured_media":37461,"comment_status":"open","ping_status":"closed","template":"","meta":[],"product_brand":[999],"product_cat":[601,600,65],"product_tag":[571,210],"class_list":{"0":"post-37465","1":"product","2":"type-product","3":"status-publish","4":"has-post-thumbnail","6":"product_brand-brandp_4787","7":"product_cat-accessoires-pour-appareils-photo-et-camescopes","8":"product_cat-electronique-photo-et-video","9":"product_cat-informatique-electronique","10":"product_tag-tag_27","11":"product_tag-tag_25","13":"first","14":"instock","15":"taxable","16":"shipping-taxable","17":"purchasable","18":"product-type-simple"},"_links":{"self":[{"href":"https:\/\/bigbuy.tupique.com\/es\/wp-json\/wp\/v2\/product\/37465","targetHints":{"allow":["GET"]}}],"collection":[{"href":"https:\/\/bigbuy.tupique.com\/es\/wp-json\/wp\/v2\/product"}],"about":[{"href":"https:\/\/bigbuy.tupique.com\/es\/wp-json\/wp\/v2\/types\/product"}],"replies":[{"embeddable":true,"href":"https:\/\/bigbuy.tupique.com\/es\/wp-json\/wp\/v2\/comments?post=37465"}],"wp:featuredmedia":[{"embeddable":true,"href":"https:\/\/bigbuy.tupique.com\/es\/wp-json\/wp\/v2\/media\/37461"}],"wp:attachment":[{"href":"https:\/\/bigbuy.tupique.com\/es\/wp-json\/wp\/v2\/media?parent=37465"}],"wp:term":[{"taxonomy":"product_brand","embeddable":true,"href":"https:\/\/bigbuy.tupique.com\/es\/wp-json\/wp\/v2\/product_brand?post=37465"},{"taxonomy":"product_cat","embeddable":true,"href":"https:\/\/bigbuy.tupique.com\/es\/wp-json\/wp\/v2\/product_cat?post=37465"},{"taxonomy":"product_tag","embeddable":true,"href":"https:\/\/bigbuy.tupique.com\/es\/wp-json\/wp\/v2\/product_tag?post=37465"}],"curies":[{"name":"wp","href":"https:\/\/api.w.org\/{rel}","templated":true}]}}