{"id":37434,"date":"2026-03-30T08:47:34","date_gmt":"2026-03-30T07:47:34","guid":{"rendered":"https:\/\/bigbuy.tupique.com\/produto\/usb-hub-startech-150ue-usb4docktriple-grey\/"},"modified":"2026-04-16T10:11:16","modified_gmt":"2026-04-16T09:11:16","slug":"usb-hub-startech-150ue-usb4docktriple-grey","status":"publish","type":"product","link":"https:\/\/bigbuy.tupique.com\/es\/produto\/usb-hub-startech-150ue-usb4docktriple-grey\/","title":{"rendered":"Hub USB Startech 150UE-USB4DOCKTRIPLE Gris"},"content":{"rendered":"<p>Si vous \u00eates \u00e0 la recherche de nouvelles tendances sur le march\u00e9, nous vous pr\u00e9sentons <b>Hub USB Startech 150UE-USB4DOCKTRIPLE Gris<\/b> !<\/p>\n<ul>\n<li>Type:\n<ul>\n<li>Hub USB<\/li>\n<li>Avec fil<\/li>\n<\/ul>\n<\/li>\n<li>Couleur: Gris<\/li>\n<li>Connexions:\n<ul>\n<li>RJ45<\/li>\n<li>3<\/li>\n<li>USB-C 3.2 Gen 1 (3.1 Gen 1) x 2<\/li>\n<\/ul>\n<\/li>\n<li>R\u00e9solution: 4K Ultra HD<\/li>\n<li>vitesse: 40 Gbit\/s<\/li>\n<li>Tension: 100-240 V<\/li>\n<li>Tension de sortie: 20 V<\/li>\n<li>Inclut: C\u00e2ble USB-C<\/li>\n<li>R\u00e9solution (px): 3840 x 2160 px<\/li>\n<li>Ports: 6<\/li>\n<\/ul>","protected":false},"excerpt":{"rendered":"<p>Si vous \u00eates \u00e0 la recherche de nouvelles tendances sur le march\u00e9, nous vous pr\u00e9sentons Hub USB Startech 150UE-USB4DOCKTRIPLE Gris ! Type: Hub USB Avec fil Couleur: Gris Connexions: RJ45 3 USB-C 3.2 Gen 1 (3.1 Gen 1) x 2 R\u00e9solution: 4K Ultra HD vitesse: 40 Gbit\/s Tension: 100-240 V Tension de sortie: 20 V [&hellip;]<\/p>\n","protected":false},"featured_media":37424,"comment_status":"open","ping_status":"closed","template":"","meta":[],"product_brand":[634],"product_cat":[611,65,584],"product_tag":[106],"class_list":{"0":"post-37434","1":"product","2":"type-product","3":"status-publish","4":"has-post-thumbnail","6":"product_brand-brandp_4771","7":"product_cat-hub-usb","8":"product_cat-informatique-electronique","9":"product_cat-informatique-reseaux-et-composants","10":"product_tag-tag_1295","12":"first","13":"instock","14":"taxable","15":"shipping-taxable","16":"purchasable","17":"product-type-simple"},"_links":{"self":[{"href":"https:\/\/bigbuy.tupique.com\/es\/wp-json\/wp\/v2\/product\/37434","targetHints":{"allow":["GET"]}}],"collection":[{"href":"https:\/\/bigbuy.tupique.com\/es\/wp-json\/wp\/v2\/product"}],"about":[{"href":"https:\/\/bigbuy.tupique.com\/es\/wp-json\/wp\/v2\/types\/product"}],"replies":[{"embeddable":true,"href":"https:\/\/bigbuy.tupique.com\/es\/wp-json\/wp\/v2\/comments?post=37434"}],"wp:featuredmedia":[{"embeddable":true,"href":"https:\/\/bigbuy.tupique.com\/es\/wp-json\/wp\/v2\/media\/37424"}],"wp:attachment":[{"href":"https:\/\/bigbuy.tupique.com\/es\/wp-json\/wp\/v2\/media?parent=37434"}],"wp:term":[{"taxonomy":"product_brand","embeddable":true,"href":"https:\/\/bigbuy.tupique.com\/es\/wp-json\/wp\/v2\/product_brand?post=37434"},{"taxonomy":"product_cat","embeddable":true,"href":"https:\/\/bigbuy.tupique.com\/es\/wp-json\/wp\/v2\/product_cat?post=37434"},{"taxonomy":"product_tag","embeddable":true,"href":"https:\/\/bigbuy.tupique.com\/es\/wp-json\/wp\/v2\/product_tag?post=37434"}],"curies":[{"name":"wp","href":"https:\/\/api.w.org\/{rel}","templated":true}]}}