{"id":37309,"date":"2026-03-30T08:42:38","date_gmt":"2026-03-30T07:42:38","guid":{"rendered":"https:\/\/bigbuy.tupique.com\/produto\/tablet-apple-11-m3-8-gb-ram-512-gb-blue\/"},"modified":"2026-05-11T20:01:35","modified_gmt":"2026-05-11T18:01:35","slug":"tablet-apple-11-m3-8-gb-ram-512-gb-blue","status":"publish","type":"product","link":"https:\/\/bigbuy.tupique.com\/es\/produto\/tablet-apple-11-m3-8-gb-ram-512-gb-blue\/","title":{"rendered":"Tablette Apple 11&#8243; M3 8 GB RAM 512 GB Bleu"},"content":{"rendered":"<p>Si vous \u00eates passionn\u00e9 d&#8217;<b>informatique et d&#8217;\u00e9lectronique<\/b>, si vous \u00eates \u00e0 la pointe de la technologie et qu&#8217;aucun d\u00e9tail ne vous \u00e9chappe, achetez <b>Tablette Apple 11&#8243; M3 8 GB RAM 512 GB Bleu<\/b> au meilleur prix.<\/p>\n<p>L\u2019<b>iPad Air<\/b> d\u2019Apple est une <b>tablette<\/b> con\u00e7ue pour offrir un \u00e9quilibre id\u00e9al entre puissance, portabilit\u00e9 et design. \u00c9quip\u00e9 de <b>8 Go de m\u00e9moire RAM<\/b>, cet appareil garantit des performances fluides et efficaces en multit\u00e2che et applications exigeantes, adapt\u00e9 aux utilisateurs recherchant polyvalence pour loisirs et travail. Son <b>\u00e9cran de 11 pouces<\/b> offre un format large et net, parfait pour visualiser des contenus en d\u00e9tail, du graphisme aux s\u00e9ries et films. Disponible en couleurs <b>bleu<\/b> et <b>gris<\/b>, l\u2019iPad Air allie \u00e9l\u00e9gance et sobri\u00e9t\u00e9, avec un bo\u00eetier en <b>aluminium<\/b> assurant r\u00e9sistance et l\u00e9g\u00e8ret\u00e9. Il dispose d\u2019une grande <b>capacit\u00e9 de stockage de 512 Go<\/b>, id\u00e9ale pour conserver de nombreux fichiers, documents, photos et applications, sans souci d\u2019espace. C\u00f4t\u00e9 connectivit\u00e9, il prend en charge le <b>Wi-Fi + Cellular<\/b> et la technologie <b>Bluetooth<\/b>, facilitant la connexion aux r\u00e9seaux mobiles et aux p\u00e9riph\u00e9riques externes comme casques ou claviers, pour une exp\u00e9rience compl\u00e8te. La pr\u00e9sence d\u2019une <b>cam\u00e9ra frontale<\/b> permet des appels vid\u00e9o de haute qualit\u00e9 et la capture d\u2019autoportraits, r\u00e9pondant aux besoins actuels de communication num\u00e9rique. Ce mod\u00e8le illustre l\u2019engagement d\u2019Apple \u00e0 int\u00e9grer des composants haut de gamme garantissant rapidit\u00e9, efficacit\u00e9 \u00e9nerg\u00e9tique et une exp\u00e9rience utilisateur intuitive et raffin\u00e9e. En r\u00e9sum\u00e9, l\u2019iPad Air est une solution technologique avanc\u00e9e pour ceux qui cherchent une tablette \u00e9quilibr\u00e9e, puissante et polyvalente, adapt\u00e9e tant \u00e0 un usage professionnel que personnel.<\/p>\n<ul>\n<li>Type:\n<ul>\n<li>Tablette<\/li>\n<li>Flash<\/li>\n<\/ul>\n<\/li>\n<li>Type de prise: Prise EU<\/li>\n<li>Produit \u00e0 brancher: Oui<\/li>\n<li>Diagonale de l&#8217;\u00e9cran (cm): 27,9 cm<\/li>\n<li>Connectivit\u00e9:\n<ul>\n<li>Wi-Fi<\/li>\n<li>Bluetooth<\/li>\n<li>GPS<\/li>\n<li>5G<\/li>\n<li>eSIM<\/li>\n<li>Wi-Fi 6 GHz<\/li>\n<li>Bluetooth 5.3<\/li>\n<\/ul>\n<\/li>\n<li>Syst\u00e8me d&#8217;exploitation:\n<ul>\n<li>iPadOS<\/li>\n<li>iOS<\/li>\n<\/ul>\n<\/li>\n<li>Couleur:\n<ul>\n<li>Gris<\/li>\n<li>Bleu<\/li>\n<\/ul>\n<\/li>\n<li>Formats: AAC<\/li>\n<li>Caract\u00e9ristiques:\n<ul>\n<li>Capteur de lumi\u00e8re ambiante<\/li>\n<li>eSIM<\/li>\n<li>Contr\u00f4le vocal<\/li>\n<li>Cam\u00e9ra frontale<\/li>\n<li>Microphone int\u00e9gr\u00e9<\/li>\n<li>Autofocus<\/li>\n<li>2 Haut-parleurs<\/li>\n<li>4 Haut-parleurs<\/li>\n<li>Lecteur d&#8217;empreintes<\/li>\n<li>Connexion au r\u00e9seau mobile<\/li>\n<li>Boussole \u00e9lectronique<\/li>\n<li>\u00c9cran avec coins arrondis<\/li>\n<\/ul>\n<\/li>\n<li>Bloc d\u2019Alimentation:\n<ul>\n<li>r\u00e9seau \u00e9lectrique<\/li>\n<li>USB<\/li>\n<\/ul>\n<\/li>\n<li>Cam\u00e9ra\/Appareil Photo:\n<ul>\n<li>12 MP<\/li>\n<li>Arri\u00e8re<\/li>\n<\/ul>\n<\/li>\n<li>R\u00e9solution:\n<ul>\n<li>12 MP<\/li>\n<li>2360 x 1640 px<\/li>\n<\/ul>\n<\/li>\n<li>Classification \u00e9nerg\u00e9tique: G<\/li>\n<li>Technologie:\n<ul>\n<li>IPS<\/li>\n<li>LED<\/li>\n<li>Mime<\/li>\n<\/ul>\n<\/li>\n<li>Mati\u00e8re: Aluminium<\/li>\n<li>Connexions:\n<ul>\n<li>USB-C<\/li>\n<li>USB-C 3.2 Gen 2 (3.1 Gen 2)<\/li>\n<\/ul>\n<\/li>\n<li>Fonctions:\n<ul>\n<li>Barom\u00e8tre<\/li>\n<li>Acc\u00e9l\u00e9rom\u00e8tre<\/li>\n<li>G\u00e9olocalisation<\/li>\n<\/ul>\n<\/li>\n<li>Ouverture: F\/1,8<\/li>\n<li>M\u00e9moire RAM: 8 GB RAM<\/li>\n<li>Brille: 500 cd\/m2<\/li>\n<li>Non Inclus: Adaptateur AC<\/li>\n<li>Ecran: 11&#8243;<\/li>\n<li>M\u00e9moire interne: 512 GB<\/li>\n<li>Certificat: Certification ENERGY STAR<\/li>\n<li>Compatible: iPadOS<\/li>\n<li>Type de batterie: Litio Ion<\/li>\n<li>Noyaux:\n<ul>\n<li>8 Noyaux<\/li>\n<li>16 Noyaux<\/li>\n<\/ul>\n<\/li>\n<li>R\u00e9solution (px):\n<ul>\n<li>3840 x 2160 px<\/li>\n<li>2160 px<\/li>\n<\/ul>\n<\/li>\n<li>Autonomie approx.: 10 heures<\/li>\n<li>Processeur: M3<\/li>\n<li>Dispositif intelligent: Apple Intelligence<\/li>\n<\/ul>","protected":false},"excerpt":{"rendered":"<p>Si vous \u00eates passionn\u00e9 d&#8217;informatique et d&#8217;\u00e9lectronique, si vous \u00eates \u00e0 la pointe de la technologie et qu&#8217;aucun d\u00e9tail ne vous \u00e9chappe, achetez Tablette Apple 11&#8243; M3 8 GB RAM 512 GB Bleu au meilleur prix. L\u2019iPad Air d\u2019Apple est une tablette con\u00e7ue pour offrir un \u00e9quilibre id\u00e9al entre puissance, portabilit\u00e9 et design. \u00c9quip\u00e9 de [&hellip;]<\/p>\n","protected":false},"featured_media":37297,"comment_status":"open","ping_status":"closed","template":"","meta":[],"product_brand":[979],"product_cat":[575,65,1052],"product_tag":[59,566,106],"class_list":{"0":"post-37309","1":"product","2":"type-product","3":"status-publish","4":"has-post-thumbnail","6":"product_brand-brandp_533","7":"product_cat-electronique-telephonie-et-tablettes","8":"product_cat-informatique-electronique","9":"product_cat-tablettes","10":"product_tag-tag_1304","11":"product_tag-tag_547","12":"product_tag-tag_1295","14":"first","15":"instock","16":"taxable","17":"shipping-taxable","18":"purchasable","19":"product-type-simple"},"_links":{"self":[{"href":"https:\/\/bigbuy.tupique.com\/es\/wp-json\/wp\/v2\/product\/37309","targetHints":{"allow":["GET"]}}],"collection":[{"href":"https:\/\/bigbuy.tupique.com\/es\/wp-json\/wp\/v2\/product"}],"about":[{"href":"https:\/\/bigbuy.tupique.com\/es\/wp-json\/wp\/v2\/types\/product"}],"replies":[{"embeddable":true,"href":"https:\/\/bigbuy.tupique.com\/es\/wp-json\/wp\/v2\/comments?post=37309"}],"wp:featuredmedia":[{"embeddable":true,"href":"https:\/\/bigbuy.tupique.com\/es\/wp-json\/wp\/v2\/media\/37297"}],"wp:attachment":[{"href":"https:\/\/bigbuy.tupique.com\/es\/wp-json\/wp\/v2\/media?parent=37309"}],"wp:term":[{"taxonomy":"product_brand","embeddable":true,"href":"https:\/\/bigbuy.tupique.com\/es\/wp-json\/wp\/v2\/product_brand?post=37309"},{"taxonomy":"product_cat","embeddable":true,"href":"https:\/\/bigbuy.tupique.com\/es\/wp-json\/wp\/v2\/product_cat?post=37309"},{"taxonomy":"product_tag","embeddable":true,"href":"https:\/\/bigbuy.tupique.com\/es\/wp-json\/wp\/v2\/product_tag?post=37309"}],"curies":[{"name":"wp","href":"https:\/\/api.w.org\/{rel}","templated":true}]}}