{"id":36911,"date":"2026-03-30T08:07:22","date_gmt":"2026-03-30T07:07:22","guid":{"rendered":"https:\/\/bigbuy.tupique.com\/produto\/monitor-xiaomi-g34wqi-wide-quad-hd-34\/"},"modified":"2026-04-16T21:55:24","modified_gmt":"2026-04-16T20:55:24","slug":"monitor-xiaomi-g34wqi-wide-quad-hd-34","status":"publish","type":"product","link":"https:\/\/bigbuy.tupique.com\/es\/produto\/monitor-xiaomi-g34wqi-wide-quad-hd-34\/","title":{"rendered":"\u00c9cran Xiaomi G34WQi Wide Quad HD 34&#8243;"},"content":{"rendered":"<p>Si vous \u00eates passionn\u00e9 d&#8217;<b>informatique et d&#8217;\u00e9lectronique<\/b>, si vous \u00eates \u00e0 la pointe de la technologie et qu&#8217;aucun d\u00e9tail ne vous \u00e9chappe, achetez <b>\u00c9cran Xiaomi G34WQi Wide Quad HD 34&#8243;<\/b> au meilleur prix.<\/p>\n<p>Le <b>moniteur<\/b> <b>Xiaomi G34WQi<\/b> est une solution avanc\u00e9e pour les utilisateurs exigeants recherchant une exp\u00e9rience visuelle immersive et pr\u00e9cise. Avec un <b>\u00e9cran incurv\u00e9 de 34 pouces<\/b> et une r\u00e9solution <b>Wide Quad HD (WQHD)<\/b>, il offre un large champ de vision et une nettet\u00e9 \u00e9lev\u00e9e, facilitant la productivit\u00e9 multit\u00e2che ainsi que le visionnage de contenus multim\u00e9dias d\u00e9taill\u00e9s. Son panneau <b>LED<\/b> garantit une reproduction des couleurs vive et un contraste \u00e9quilibr\u00e9, id\u00e9al pour les environnements gaming et professionnels. Le temps de r\u00e9ponse ultra-rapide de <b>1 ms<\/b> r\u00e9duit le retard et les images fant\u00f4mes, assurant une exp\u00e9rience fluide lors de sessions de jeu intenses ou d\u2019activit\u00e9s n\u00e9cessitant une grande pr\u00e9cision visuelle. De plus, il dispose d\u2019un taux de rafra\u00eechissement \u00e9lev\u00e9 de <b>180 Hz<\/b>, permettant une visualisation plus fluide et limitant le flou lors des mouvements rapides, essentiel pour les jeux d\u2019action et comp\u00e9titifs. Son design en <b>noir<\/b> offre une finition sobre et professionnelle, compl\u00e9t\u00e9 par des fonctions ergonomiques telles que la possibilit\u00e9 de <b>r\u00e9glage de l\u2019inclinaison et de rotation du panneau<\/b>, favorisant une posture confortable et adaptable \u00e0 diff\u00e9rents espaces de travail ou de loisirs. Pour faciliter la connectivit\u00e9, il int\u00e8gre des ports <b>HDMI<\/b>, assurant la compatibilit\u00e9 avec plusieurs appareils et consoles. En r\u00e9sum\u00e9, le <b>Xiaomi Curved Gaming Monitor G34WQi<\/b> se positionne comme une solution \u00e9quilibr\u00e9e alliant technologie avanc\u00e9e et fonctionnalit\u00e9, adapt\u00e9e aux joueurs et professionnels recherchant une qualit\u00e9 visuelle sans compromis sur le confort et la performance.<\/p>\n<ul>\n<li>Type:\n<ul>\n<li>\u00c9cran<\/li>\n<li>Courbe<\/li>\n<\/ul>\n<\/li>\n<li>Classification \u00e9nerg\u00e9tique: F<\/li>\n<li>Type de prise: Prise EU<\/li>\n<li>Produit \u00e0 brancher: Oui<\/li>\n<li>Diagonale de l&#8217;\u00e9cran (cm): 86,4 cm<\/li>\n<li>Connexions:\n<ul>\n<li>Jack 3.5 mm<\/li>\n<li>DisplayPort<\/li>\n<li>HDMI<\/li>\n<li>2<\/li>\n<li>DisplayPort x 2<\/li>\n<li>HDMI 2.0<\/li>\n<li>DisplayPort 1.4<\/li>\n<li>HDMI x 2<\/li>\n<\/ul>\n<\/li>\n<li>Compatible: VESA<\/li>\n<li>Technologie:\n<ul>\n<li>AMD FreeSync<\/li>\n<li>WLED<\/li>\n<li>LED<\/li>\n<li>HDR10<\/li>\n<li>VA<\/li>\n<\/ul>\n<\/li>\n<li>Brille:\n<ul>\n<li>350 cd\/m\u00b2<\/li>\n<li>350 lm ANSI<\/li>\n<\/ul>\n<\/li>\n<li>Couleur:\n<ul>\n<li>sRGB<\/li>\n<li>#100<\/li>\n<li>Noir<\/li>\n<\/ul>\n<\/li>\n<li>R\u00e9solution:\n<ul>\n<li>Quad HD<\/li>\n<li>Wide Quad HD<\/li>\n<\/ul>\n<\/li>\n<li>Bloc d\u2019Alimentation: r\u00e9seau \u00e9lectrique<\/li>\n<li>Largeur: 21 cm<\/li>\n<li>Rapport d&#8217;aspect: 21:9<\/li>\n<li>\u00c9lev\u00e9: 46 cm<\/li>\n<li>Temps de r\u00e9ponse:\n<ul>\n<li>4 ms<\/li>\n<li>1 ms<\/li>\n<\/ul>\n<\/li>\n<li>Caract\u00e9ristiques:\n<ul>\n<li>R\u00e9glable<\/li>\n<li>Plaque Tournante<\/li>\n<li>Inclinaison r\u00e9glable<\/li>\n<\/ul>\n<\/li>\n<li>Rapport de contraste: 4000:1<\/li>\n<li>Ecran: 34&#8243;<\/li>\n<li>Design: Courbe<\/li>\n<li>VESA: 7,5 x 7,5 cm<\/li>\n<li>Utilisation recommand\u00e9e: Jeux<\/li>\n<li>consommation d&#8217;\u00e9nergie: 65 kWh<\/li>\n<li>Ecran tactile: Non<\/li>\n<li>Fr\u00e9quence: 180 Hz<\/li>\n<li>Inclut: Sortie d&#8217;\u00e9couteurs<\/li>\n<li>Angle: 178\u00ba<\/li>\n<li>Montage: VESA<\/li>\n<li>R\u00e9solution (px): 3440 x 1440 px<\/li>\n<\/ul>","protected":false},"excerpt":{"rendered":"<p>Si vous \u00eates passionn\u00e9 d&#8217;informatique et d&#8217;\u00e9lectronique, si vous \u00eates \u00e0 la pointe de la technologie et qu&#8217;aucun d\u00e9tail ne vous \u00e9chappe, achetez \u00c9cran Xiaomi G34WQi Wide Quad HD 34&#8243; au meilleur prix. Le moniteur Xiaomi G34WQi est une solution avanc\u00e9e pour les utilisateurs exigeants recherchant une exp\u00e9rience visuelle immersive et pr\u00e9cise. Avec un \u00e9cran [&hellip;]<\/p>\n","protected":false},"featured_media":36877,"comment_status":"open","ping_status":"closed","template":"","meta":[],"product_brand":[525],"product_cat":[65,581,616],"product_tag":[213,59,106],"class_list":{"0":"post-36911","1":"product","2":"type-product","3":"status-publish","4":"has-post-thumbnail","6":"product_brand-brandp_1269","7":"product_cat-informatique-electronique","8":"product_cat-informatique-peripheriques-et-consommables","9":"product_cat-moniteurs","10":"product_tag-tag_933","11":"product_tag-tag_1304","12":"product_tag-tag_1295","14":"first","15":"instock","16":"taxable","17":"shipping-taxable","18":"purchasable","19":"product-type-simple"},"_links":{"self":[{"href":"https:\/\/bigbuy.tupique.com\/es\/wp-json\/wp\/v2\/product\/36911","targetHints":{"allow":["GET"]}}],"collection":[{"href":"https:\/\/bigbuy.tupique.com\/es\/wp-json\/wp\/v2\/product"}],"about":[{"href":"https:\/\/bigbuy.tupique.com\/es\/wp-json\/wp\/v2\/types\/product"}],"replies":[{"embeddable":true,"href":"https:\/\/bigbuy.tupique.com\/es\/wp-json\/wp\/v2\/comments?post=36911"}],"wp:featuredmedia":[{"embeddable":true,"href":"https:\/\/bigbuy.tupique.com\/es\/wp-json\/wp\/v2\/media\/36877"}],"wp:attachment":[{"href":"https:\/\/bigbuy.tupique.com\/es\/wp-json\/wp\/v2\/media?parent=36911"}],"wp:term":[{"taxonomy":"product_brand","embeddable":true,"href":"https:\/\/bigbuy.tupique.com\/es\/wp-json\/wp\/v2\/product_brand?post=36911"},{"taxonomy":"product_cat","embeddable":true,"href":"https:\/\/bigbuy.tupique.com\/es\/wp-json\/wp\/v2\/product_cat?post=36911"},{"taxonomy":"product_tag","embeddable":true,"href":"https:\/\/bigbuy.tupique.com\/es\/wp-json\/wp\/v2\/product_tag?post=36911"}],"curies":[{"name":"wp","href":"https:\/\/api.w.org\/{rel}","templated":true}]}}