{"id":36417,"date":"2026-03-30T07:37:18","date_gmt":"2026-03-30T06:37:18","guid":{"rendered":"https:\/\/bigbuy.tupique.com\/produto\/mens-watch-lucien-rochat-o-41-mm\/"},"modified":"2026-05-11T20:03:16","modified_gmt":"2026-05-11T18:03:16","slug":"mens-watch-lucien-rochat-o-41-mm","status":"publish","type":"product","link":"https:\/\/bigbuy.tupique.com\/es\/produto\/mens-watch-lucien-rochat-o-41-mm\/","title":{"rendered":"Montre Homme Lucien Rochat (\u00d8 41 mm)"},"content":{"rendered":"<p>Si vous \u00eates \u00e0 la recherche de nouvelles tendances sur le march\u00e9, nous vous pr\u00e9sentons <b>Montre Homme Lucien Rochat (\u00d8 41 mm)<\/b> !<\/p>\n<ul>\n<li>Liens suppl\u00e9mentaires: Non<\/li>\n<li>Type de montre: Montre-bracelet<\/li>\n<li>Mati\u00e8re: Argent<\/li>\n<li>Genre: Homme<\/li>\n<li>Verre: Saphir<\/li>\n<li>Type de mouvement: Automatique<\/li>\n<li>Diam\u00e8tre du bo\u00eetier de la montre: \u00d8 41 mm<\/li>\n<li>Fonctionne \u00e0 piles: AAA x 1, incluses<\/li>\n<\/ul>","protected":false},"excerpt":{"rendered":"<p>Si vous \u00eates \u00e0 la recherche de nouvelles tendances sur le march\u00e9, nous vous pr\u00e9sentons Montre Homme Lucien Rochat (\u00d8 41 mm) ! Liens suppl\u00e9mentaires: Non Type de montre: Montre-bracelet Mati\u00e8re: Argent Genre: Homme Verre: Saphir Type de mouvement: Automatique Diam\u00e8tre du bo\u00eetier de la montre: \u00d8 41 mm Fonctionne \u00e0 piles: AAA x 1, [&hellip;]<\/p>\n","protected":false},"featured_media":36408,"comment_status":"open","ping_status":"closed","template":"","meta":[],"product_brand":[1344],"product_cat":[544,574,545],"product_tag":[103,543],"class_list":{"0":"post-36417","1":"product","2":"type-product","3":"status-publish","4":"has-post-thumbnail","6":"product_brand-brandp_9620","7":"product_cat-mode-accessoires","8":"product_cat-montres-homme","9":"product_cat-montres-bracelets","10":"product_tag-tag_1261","11":"product_tag-tag_61","13":"first","14":"instock","15":"taxable","16":"shipping-taxable","17":"purchasable","18":"product-type-simple"},"_links":{"self":[{"href":"https:\/\/bigbuy.tupique.com\/es\/wp-json\/wp\/v2\/product\/36417","targetHints":{"allow":["GET"]}}],"collection":[{"href":"https:\/\/bigbuy.tupique.com\/es\/wp-json\/wp\/v2\/product"}],"about":[{"href":"https:\/\/bigbuy.tupique.com\/es\/wp-json\/wp\/v2\/types\/product"}],"replies":[{"embeddable":true,"href":"https:\/\/bigbuy.tupique.com\/es\/wp-json\/wp\/v2\/comments?post=36417"}],"wp:featuredmedia":[{"embeddable":true,"href":"https:\/\/bigbuy.tupique.com\/es\/wp-json\/wp\/v2\/media\/36408"}],"wp:attachment":[{"href":"https:\/\/bigbuy.tupique.com\/es\/wp-json\/wp\/v2\/media?parent=36417"}],"wp:term":[{"taxonomy":"product_brand","embeddable":true,"href":"https:\/\/bigbuy.tupique.com\/es\/wp-json\/wp\/v2\/product_brand?post=36417"},{"taxonomy":"product_cat","embeddable":true,"href":"https:\/\/bigbuy.tupique.com\/es\/wp-json\/wp\/v2\/product_cat?post=36417"},{"taxonomy":"product_tag","embeddable":true,"href":"https:\/\/bigbuy.tupique.com\/es\/wp-json\/wp\/v2\/product_tag?post=36417"}],"curies":[{"name":"wp","href":"https:\/\/api.w.org\/{rel}","templated":true}]}}