{"id":35857,"date":"2026-03-30T07:11:49","date_gmt":"2026-03-30T06:11:49","guid":{"rendered":"https:\/\/bigbuy.tupique.com\/produto\/tablet-apple-ipad-air-m3-11-octa-core-8-gb-ram-256-gb-purple\/"},"modified":"2026-05-11T19:55:37","modified_gmt":"2026-05-11T17:55:37","slug":"tablet-apple-ipad-air-m3-11-octa-core-8-gb-ram-256-gb-purple","status":"publish","type":"product","link":"https:\/\/bigbuy.tupique.com\/es\/produto\/tablet-apple-ipad-air-m3-11-octa-core-8-gb-ram-256-gb-purple\/","title":{"rendered":"Tablette Apple iPad Air M3 11&#8243; Octa Core 8 GB RAM 256 GB Pourpre"},"content":{"rendered":"<p>Si vous \u00eates passionn\u00e9 d&#8217;<b>informatique et d&#8217;\u00e9lectronique<\/b>, si vous \u00eates \u00e0 la pointe de la technologie et qu&#8217;aucun d\u00e9tail ne vous \u00e9chappe, achetez <b>Tablette Apple iPad Air M3 11&#8243; Octa Core 8 GB RAM 256 GB Pourpre<\/b> au meilleur prix.<\/p>\n<p>L\u2019<b>iPad Air<\/b> d\u2019Apple est une <b>tablette<\/b> de derni\u00e8re g\u00e9n\u00e9ration qui allie puissance, portabilit\u00e9 et design \u00e9l\u00e9gant pour r\u00e9pondre aux besoins de productivit\u00e9 et de divertissement. Cette version dispose d\u2019un <b>\u00e9cran de 11 pouces<\/b> offrant une r\u00e9solution nette, id\u00e9ale pour profiter de contenus multim\u00e9dias, r\u00e9aliser des t\u00e2ches cr\u00e9atives ou travailler confortablement partout. Sa conception en <b>aluminium<\/b> assure une finition haut de gamme et une grande durabilit\u00e9, disponible dans des couleurs attrayantes comme le <b>gris<\/b> et le <b>violet<\/b> pour s\u2019adapter \u00e0 tous les go\u00fbts. Dot\u00e9e de <b>8 Go de m\u00e9moire RAM<\/b>, elle garantit des performances fluides et efficaces en multit\u00e2che, permettant d\u2019ex\u00e9cuter des applications exigeantes et de passer de l\u2019une \u00e0 l\u2019autre sans interruption. Le <b>stockage interne de 256 Go<\/b> offre un espace suffisant pour conserver documents, photos, applications et vid\u00e9os de haute qualit\u00e9. C\u00f4t\u00e9 photo, elle int\u00e8gre un <b>appareil photo arri\u00e8re de 12 MP<\/b> et une <b>cam\u00e9ra frontale<\/b>, id\u00e9ales pour capturer des images d\u00e9taill\u00e9es ou passer des appels vid\u00e9o clairs, tandis que le <b>microphone int\u00e9gr\u00e9<\/b> assure une communication nette. Elle inclut des fonctions pratiques comme le <b>flash<\/b>, qui am\u00e9liore la prise de vue en conditions de faible luminosit\u00e9. Ce mod\u00e8le permet de profiter de l\u2019exp\u00e9rience Apple, se distinguant par l\u2019int\u00e9gration du mat\u00e9riel et du logiciel, ainsi que par la qualit\u00e9 visuelle et sonore dans un format compact. En somme, l\u2019iPad Air est une option polyvalente et moderne dans le segment des tablettes, pens\u00e9e pour ceux qui recherchent un \u00e9quilibre entre puissance et design contemporain.<\/p>\n<ul>\n<li>Type:\n<ul>\n<li>Tablette<\/li>\n<li>Flash<\/li>\n<\/ul>\n<\/li>\n<li>Type de prise: Prise EU<\/li>\n<li>Produit \u00e0 brancher: Oui<\/li>\n<li>Couleur:\n<ul>\n<li>Gris<\/li>\n<li>Violet<\/li>\n<li>Mauve<\/li>\n<li>Pourpre<\/li>\n<\/ul>\n<\/li>\n<li>Formats: AAC<\/li>\n<li>Syst\u00e8me d&#8217;exploitation:\n<ul>\n<li>iPadOS<\/li>\n<li>iOS<\/li>\n<\/ul>\n<\/li>\n<li>Caract\u00e9ristiques:\n<ul>\n<li>Wi-Fi<\/li>\n<li>Capteur de lumi\u00e8re ambiante<\/li>\n<li>eSIM<\/li>\n<li>Contr\u00f4le vocal<\/li>\n<li>Cam\u00e9ra frontale<\/li>\n<li>Microphone int\u00e9gr\u00e9<\/li>\n<li>Autofocus<\/li>\n<li>2 Haut-parleurs<\/li>\n<li>4 Haut-parleurs<\/li>\n<li>Lecteur d&#8217;empreintes<\/li>\n<li>Boussole \u00e9lectronique<\/li>\n<li>\u00c9cran avec coins arrondis<\/li>\n<\/ul>\n<\/li>\n<li>Interface: Wi-Fi<\/li>\n<li>R\u00e9solution:\n<ul>\n<li>12 MP<\/li>\n<li>2360 x 1640 px<\/li>\n<\/ul>\n<\/li>\n<li>Bloc d\u2019Alimentation:\n<ul>\n<li>r\u00e9seau \u00e9lectrique<\/li>\n<li>USB<\/li>\n<\/ul>\n<\/li>\n<li>Technologie:\n<ul>\n<li>LED<\/li>\n<li>IPS<\/li>\n<li>Mime<\/li>\n<\/ul>\n<\/li>\n<li>Dimensions approx.: 36 x 7 x 27 cm<\/li>\n<li>Connexions:\n<ul>\n<li>USB-C<\/li>\n<li>USB-C 3.2 Gen 2 (3.1 Gen 2)<\/li>\n<\/ul>\n<\/li>\n<li>Cam\u00e9ra\/Appareil Photo:\n<ul>\n<li>12 mpx<\/li>\n<li>12 MP<\/li>\n<li>Arri\u00e8re<\/li>\n<\/ul>\n<\/li>\n<li>Connectivit\u00e9:\n<ul>\n<li>Wi-Fi<\/li>\n<li>Bluetooth<\/li>\n<li>GPS<\/li>\n<li>Wi-Fi 6 GHz<\/li>\n<li>Bluetooth 5.3<\/li>\n<\/ul>\n<\/li>\n<li>Ecran: 11&#8243;<\/li>\n<li>Processeur:\n<ul>\n<li>Octa Core<\/li>\n<li>M3<\/li>\n<\/ul>\n<\/li>\n<li>M\u00e9moire RAM: 8 GB RAM<\/li>\n<li>M\u00e9moire interne: 256 GB<\/li>\n<li>Mati\u00e8re: Aluminium<\/li>\n<li>Fonctions:\n<ul>\n<li>Barom\u00e8tre<\/li>\n<li>Acc\u00e9l\u00e9rom\u00e8tre<\/li>\n<li>G\u00e9olocalisation<\/li>\n<\/ul>\n<\/li>\n<li>Classification \u00e9nerg\u00e9tique: G<\/li>\n<li>Ouverture: F\/1,8<\/li>\n<li>Brille: 500 cd\/m2<\/li>\n<li>Non Inclus:\n<ul>\n<li>Adaptateur AC<\/li>\n<li>Connexion au r\u00e9seau mobile<\/li>\n<\/ul>\n<\/li>\n<li>Certificat: Certification ENERGY STAR<\/li>\n<li>Compatible: iPadOS<\/li>\n<li>Type de batterie: Litio Ion<\/li>\n<li>Noyaux:\n<ul>\n<li>8 Noyaux<\/li>\n<li>16 Noyaux<\/li>\n<\/ul>\n<\/li>\n<li>R\u00e9solution (px):\n<ul>\n<li>3840 x 2160 px<\/li>\n<li>2160 px<\/li>\n<\/ul>\n<\/li>\n<li>Diagonale de l&#8217;\u00e9cran (cm): 27,9 cm<\/li>\n<li>Autonomie approx.: 10 heures<\/li>\n<li>Dispositif intelligent: Apple Intelligence<\/li>\n<\/ul>","protected":false},"excerpt":{"rendered":"<p>Si vous \u00eates passionn\u00e9 d&#8217;informatique et d&#8217;\u00e9lectronique, si vous \u00eates \u00e0 la pointe de la technologie et qu&#8217;aucun d\u00e9tail ne vous \u00e9chappe, achetez Tablette Apple iPad Air M3 11&#8243; Octa Core 8 GB RAM 256 GB Pourpre au meilleur prix. L\u2019iPad Air d\u2019Apple est une tablette de derni\u00e8re g\u00e9n\u00e9ration qui allie puissance, portabilit\u00e9 et design [&hellip;]<\/p>\n","protected":false},"featured_media":35836,"comment_status":"open","ping_status":"closed","template":"","meta":[],"product_brand":[979],"product_cat":[575,65,1052],"product_tag":[566,106],"class_list":{"0":"post-35857","1":"product","2":"type-product","3":"status-publish","4":"has-post-thumbnail","6":"product_brand-brandp_533","7":"product_cat-electronique-telephonie-et-tablettes","8":"product_cat-informatique-electronique","9":"product_cat-tablettes","10":"product_tag-tag_547","11":"product_tag-tag_1295","13":"first","14":"instock","15":"taxable","16":"shipping-taxable","17":"purchasable","18":"product-type-simple"},"_links":{"self":[{"href":"https:\/\/bigbuy.tupique.com\/es\/wp-json\/wp\/v2\/product\/35857","targetHints":{"allow":["GET"]}}],"collection":[{"href":"https:\/\/bigbuy.tupique.com\/es\/wp-json\/wp\/v2\/product"}],"about":[{"href":"https:\/\/bigbuy.tupique.com\/es\/wp-json\/wp\/v2\/types\/product"}],"replies":[{"embeddable":true,"href":"https:\/\/bigbuy.tupique.com\/es\/wp-json\/wp\/v2\/comments?post=35857"}],"wp:featuredmedia":[{"embeddable":true,"href":"https:\/\/bigbuy.tupique.com\/es\/wp-json\/wp\/v2\/media\/35836"}],"wp:attachment":[{"href":"https:\/\/bigbuy.tupique.com\/es\/wp-json\/wp\/v2\/media?parent=35857"}],"wp:term":[{"taxonomy":"product_brand","embeddable":true,"href":"https:\/\/bigbuy.tupique.com\/es\/wp-json\/wp\/v2\/product_brand?post=35857"},{"taxonomy":"product_cat","embeddable":true,"href":"https:\/\/bigbuy.tupique.com\/es\/wp-json\/wp\/v2\/product_cat?post=35857"},{"taxonomy":"product_tag","embeddable":true,"href":"https:\/\/bigbuy.tupique.com\/es\/wp-json\/wp\/v2\/product_tag?post=35857"}],"curies":[{"name":"wp","href":"https:\/\/api.w.org\/{rel}","templated":true}]}}