{"id":35695,"date":"2026-03-30T07:00:51","date_gmt":"2026-03-30T06:00:51","guid":{"rendered":"https:\/\/bigbuy.tupique.com\/produto\/tablet-apple-grey-11-m4-512-gb\/"},"modified":"2026-04-16T19:51:32","modified_gmt":"2026-04-16T18:51:32","slug":"tablet-apple-grey-11-m4-512-gb","status":"publish","type":"product","link":"https:\/\/bigbuy.tupique.com\/es\/produto\/tablet-apple-grey-11-m4-512-gb\/","title":{"rendered":"Tablette Apple Gris 11&#8243; M4 512 GB"},"content":{"rendered":"<p>Si vous \u00eates passionn\u00e9 d&#8217;<b>informatique et d&#8217;\u00e9lectronique<\/b>, si vous \u00eates \u00e0 la pointe de la technologie et qu&#8217;aucun d\u00e9tail ne vous \u00e9chappe, achetez <b>Tablette Apple Gris 11&#8243; M4 512 GB<\/b> au meilleur prix.<\/p>\n<p>La <b>tablet Apple<\/b> en color <b>plateado<\/b> cuenta con una <b>pantalla de 11 pulgadas<\/b> que ofrece una experiencia visual n\u00edtida y detallada, ideal para multimedia, trabajo o navegaci\u00f3n. Con una amplia <b>capacidad de almacenamiento de 512 GB<\/b>, est\u00e1 dise\u00f1ada para usuarios que necesitan espacio para aplicaciones, documentos, fotos y v\u00eddeos sin preocuparse por el l\u00edmite. Incluye conectividad avanzada con soporte para <b>red m\u00f3vil 5G<\/b>, que garantiza una conexi\u00f3n r\u00e1pida y estable en movilidad, adem\u00e1s de <b>Bluetooth<\/b> para enlazar perif\u00e9ricos y otros dispositivos compatibles. La conexi\u00f3n f\u00edsica se realiza a trav\u00e9s de un <b>puerto USB-C<\/b>, vers\u00e1til y compatible con cargadores, accesorios y transferencias de datos r\u00e1pidas. En cuanto a compatibilidad multimedia, soporta formatos de audio de alta calidad como <b>AAC, ALAC, FLAC y MP3<\/b>, as\u00ed como formatos de v\u00eddeo como <b>H.264 y HEVC<\/b>, proporcionando una reproducci\u00f3n fluida y clara. Estas caracter\u00edsticas posicionan a esta tablet como una opci\u00f3n s\u00f3lida para usuarios que buscan un dispositivo moderno, potente y con gran capacidad para disfrutar y trabajar en cualquier lugar con conectividad avanzada y amplio almacenamiento.<\/p>\n<ul>\n<li>Type:\n<ul>\n<li>Tablette<\/li>\n<li>Flash<\/li>\n<\/ul>\n<\/li>\n<li>Type de prise: Prise EU<\/li>\n<li>Produit \u00e0 brancher: Oui<\/li>\n<li>Connectivit\u00e9:\n<ul>\n<li>Wi-Fi<\/li>\n<li>Bluetooth<\/li>\n<li>GPS<\/li>\n<li>5G<\/li>\n<li>eSIM<\/li>\n<li>Wi-Fi 6 GHz<\/li>\n<li>Bluetooth 5.3<\/li>\n<\/ul>\n<\/li>\n<li>M\u00e9moire RAM: 128 GB<\/li>\n<li>Formats: AAC<\/li>\n<li>M\u00e9moire interne:\n<ul>\n<li>128 GB<\/li>\n<li>512 GB<\/li>\n<\/ul>\n<\/li>\n<li>Syst\u00e8me d&#8217;exploitation:\n<ul>\n<li>iPadOS<\/li>\n<li>iOS<\/li>\n<\/ul>\n<\/li>\n<li>Caract\u00e9ristiques:\n<ul>\n<li>Capteur de lumi\u00e8re ambiante<\/li>\n<li>eSIM<\/li>\n<li>Contr\u00f4le vocal<\/li>\n<li>Cam\u00e9ra frontale<\/li>\n<li>Microphone int\u00e9gr\u00e9<\/li>\n<li>Autofocus<\/li>\n<li>Pile incluse<\/li>\n<li>Stabilisateur d&#8217;image<\/li>\n<li>2 Haut-parleurs<\/li>\n<li>Lecteur d&#8217;empreintes<\/li>\n<li>Connexion au r\u00e9seau mobile<\/li>\n<li>Boussole \u00e9lectronique<\/li>\n<li>\u00c9cran avec coins arrondis<\/li>\n<\/ul>\n<\/li>\n<li>Couleur:\n<ul>\n<li>Gris<\/li>\n<li>Argent\u00e9<\/li>\n<\/ul>\n<\/li>\n<li>Mati\u00e8re: Aluminium<\/li>\n<li>Connexions:\n<ul>\n<li>USB-C<\/li>\n<li>USB-C 2.0<\/li>\n<\/ul>\n<\/li>\n<li>Fonctions:\n<ul>\n<li>Barom\u00e8tre<\/li>\n<li>Acc\u00e9l\u00e9rom\u00e8tre<\/li>\n<li>G\u00e9olocalisation<\/li>\n<\/ul>\n<\/li>\n<li>Ouverture: F\/1,8<\/li>\n<li>Technologie:\n<ul>\n<li>LED<\/li>\n<li>IPS<\/li>\n<li>Mime<\/li>\n<li>Capacitive<\/li>\n<\/ul>\n<\/li>\n<li>Brille: 500 cd\/m2<\/li>\n<li>Cam\u00e9ra\/Appareil Photo:\n<ul>\n<li>12 MP<\/li>\n<li>Arri\u00e8re<\/li>\n<\/ul>\n<\/li>\n<li>Non Inclus: Adaptateur AC<\/li>\n<li>Ecran: 11&#8243;<\/li>\n<li>Certificat: Certification ENERGY STAR<\/li>\n<li>Compatible: iPadOS<\/li>\n<li>Type de batterie: Litio Ion<\/li>\n<li>R\u00e9solution: 2360 x 1640 px<\/li>\n<li>Noyaux: 16 Noyaux<\/li>\n<li>R\u00e9solution (px):\n<ul>\n<li>3840 x 2160 px<\/li>\n<li>2160 px<\/li>\n<\/ul>\n<\/li>\n<li>Diagonale de l&#8217;\u00e9cran (cm): 27,9 cm<\/li>\n<li>Autonomie approx.: 10 heures<\/li>\n<li>Type de stockage: Flash<\/li>\n<li>Processeur: M4<\/li>\n<\/ul>","protected":false},"excerpt":{"rendered":"<p>Si vous \u00eates passionn\u00e9 d&#8217;informatique et d&#8217;\u00e9lectronique, si vous \u00eates \u00e0 la pointe de la technologie et qu&#8217;aucun d\u00e9tail ne vous \u00e9chappe, achetez Tablette Apple Gris 11&#8243; M4 512 GB au meilleur prix. La tablet Apple en color plateado cuenta con una pantalla de 11 pulgadas que ofrece una experiencia visual n\u00edtida y detallada, ideal [&hellip;]<\/p>\n","protected":false},"featured_media":35687,"comment_status":"open","ping_status":"closed","template":"","meta":[],"product_brand":[979],"product_cat":[575,65,1052],"product_tag":[59,566,106],"class_list":{"0":"post-35695","1":"product","2":"type-product","3":"status-publish","4":"has-post-thumbnail","6":"product_brand-brandp_533","7":"product_cat-electronique-telephonie-et-tablettes","8":"product_cat-informatique-electronique","9":"product_cat-tablettes","10":"product_tag-tag_1304","11":"product_tag-tag_547","12":"product_tag-tag_1295","14":"first","15":"instock","16":"taxable","17":"shipping-taxable","18":"purchasable","19":"product-type-simple"},"_links":{"self":[{"href":"https:\/\/bigbuy.tupique.com\/es\/wp-json\/wp\/v2\/product\/35695","targetHints":{"allow":["GET"]}}],"collection":[{"href":"https:\/\/bigbuy.tupique.com\/es\/wp-json\/wp\/v2\/product"}],"about":[{"href":"https:\/\/bigbuy.tupique.com\/es\/wp-json\/wp\/v2\/types\/product"}],"replies":[{"embeddable":true,"href":"https:\/\/bigbuy.tupique.com\/es\/wp-json\/wp\/v2\/comments?post=35695"}],"wp:featuredmedia":[{"embeddable":true,"href":"https:\/\/bigbuy.tupique.com\/es\/wp-json\/wp\/v2\/media\/35687"}],"wp:attachment":[{"href":"https:\/\/bigbuy.tupique.com\/es\/wp-json\/wp\/v2\/media?parent=35695"}],"wp:term":[{"taxonomy":"product_brand","embeddable":true,"href":"https:\/\/bigbuy.tupique.com\/es\/wp-json\/wp\/v2\/product_brand?post=35695"},{"taxonomy":"product_cat","embeddable":true,"href":"https:\/\/bigbuy.tupique.com\/es\/wp-json\/wp\/v2\/product_cat?post=35695"},{"taxonomy":"product_tag","embeddable":true,"href":"https:\/\/bigbuy.tupique.com\/es\/wp-json\/wp\/v2\/product_tag?post=35695"}],"curies":[{"name":"wp","href":"https:\/\/api.w.org\/{rel}","templated":true}]}}