{"id":35564,"date":"2026-03-30T06:57:00","date_gmt":"2026-03-30T05:57:00","guid":{"rendered":"https:\/\/bigbuy.tupique.com\/produto\/smartphone-honor-5109buss-67-octa-core-12-gb-ram-512-gb-black\/"},"modified":"2026-05-11T19:55:41","modified_gmt":"2026-05-11T17:55:41","slug":"smartphone-honor-5109buss-67-octa-core-12-gb-ram-512-gb-black","status":"publish","type":"product","link":"https:\/\/bigbuy.tupique.com\/es\/produto\/smartphone-honor-5109buss-67-octa-core-12-gb-ram-512-gb-black\/","title":{"rendered":"Smartphone Honor 5109BUSS 6,7&#8243; Octa Core 12 GB RAM 512 GB Noir"},"content":{"rendered":"<p>Si vous \u00eates \u00e0 la recherche de nouvelles tendances sur le march\u00e9, nous vous pr\u00e9sentons <b>Smartphone Honor 5109BUSS 6,7&#8243; Octa Core 12 GB RAM 512 GB Noir<\/b> !<\/p>\n<p>Le <b>Honor 5109BUSS<\/b> est un <b>smartphone<\/b> de derni\u00e8re g\u00e9n\u00e9ration qui propose une combinaison attrayante de technologie avanc\u00e9e et de design sophistiqu\u00e9, notamment avec sa finition \u00e9l\u00e9gante en <b>noir Midnight Black<\/b>. Il dispose d\u2019un large <b>\u00e9cran tactile de 6,7 pouces<\/b> offrant une exp\u00e9rience visuelle panoramique, id\u00e9ale pour le visionnage de contenus multim\u00e9dias et une navigation fluide sur les applications et r\u00e9seaux sociaux. Ce mod\u00e8le est disponible avec <b>8 Go ou 12 Go de RAM<\/b>, garantissant des performances rapides et un multit\u00e2che efficace, m\u00eame avec les applications les plus exigeantes. Sa <b>capacit\u00e9 interne de 512 Go<\/b> permet de stocker photos, vid\u00e9os, documents et applications sans souci d\u2019espace. Fabriqu\u00e9 en Chine, cet appareil int\u00e8gre une <b>technologie de r\u00e9sistance \u00e0 l\u2019eau<\/b>, ajoutant une protection suppl\u00e9mentaire et une fiabilit\u00e9 accrue pour un usage quotidien. Il comprend un <b>syst\u00e8me de reconnaissance faciale<\/b> pour un d\u00e9verrouillage rapide et s\u00e9curis\u00e9, et le <b>GPS int\u00e9gr\u00e9<\/b> assure une navigation pr\u00e9cise dans tous les environnements. L\u2019association de ces caract\u00e9ristiques, alli\u00e9e \u00e0 la qualit\u00e9 de la marque Honor, fait de ce smartphone un choix polyvalent pour les utilisateurs recherchant puissance technique, s\u00e9curit\u00e9 et confort dans leur appareil mobile. En r\u00e9sum\u00e9, le Honor 5109BUSS s\u2019impose comme une option \u00e9quilibr\u00e9e et moderne dans la gamme des smartphones haut de gamme.<\/p>\n<ul>\n<li>Type: Smartphone<\/li>\n<li>Produit \u00e0 brancher: Oui<\/li>\n<li>Connectivit\u00e9:\n<ul>\n<li>BeiDou<\/li>\n<li>Bluetooth<\/li>\n<li>Wi-Fi<\/li>\n<li>NFC<\/li>\n<li>GPS<\/li>\n<li>4G<\/li>\n<li>Fonction de GPS assist\u00e9e (A-GPS)<\/li>\n<li>Wi-Fi 5 GHz<\/li>\n<li>Bluetooth 5.4<\/li>\n<li>5G<\/li>\n<\/ul>\n<\/li>\n<li>Zoom Optique: 3x<\/li>\n<li>Noyaux: 8<\/li>\n<li>GPS: Oui<\/li>\n<li>Caract\u00e9ristiques:\n<ul>\n<li>Lecteur d&#8217;empreintes<\/li>\n<li>Chargement rapide<\/li>\n<li>HDR<\/li>\n<li>Boussole \u00e9lectronique<\/li>\n<li>Reconnaissance faciale<\/li>\n<li>R\u00e9sistant \u00e0 l&#8217;eau<\/li>\n<li>GPS<\/li>\n<li>Ecran tactile<\/li>\n<li>Chargement rapide et fiable<\/li>\n<li>\u00c9cran plat<\/li>\n<\/ul>\n<\/li>\n<li>Glonass: Oui<\/li>\n<li>Connexions:\n<ul>\n<li>Dual SIM<\/li>\n<li>nano SIM<\/li>\n<li>USB-C<\/li>\n<\/ul>\n<\/li>\n<li>R\u00e9solution (px):\n<ul>\n<li>3840 x 2160 px<\/li>\n<li>2400 X 1080 PX<\/li>\n<li>8192 X 6144 PX<\/li>\n<\/ul>\n<\/li>\n<li>Inclut: C\u00e2ble USB-C<\/li>\n<li>Diagonale de l&#8217;\u00e9cran (cm): 17 cm<\/li>\n<li>Couleur:\n<ul>\n<li>Midnight black<\/li>\n<li>Noir<\/li>\n<\/ul>\n<\/li>\n<li>Poids approx.: 205 G<\/li>\n<li>\u00c9lev\u00e9: 0,8 cm<\/li>\n<li>Processeur:\n<ul>\n<li>SNAPDRAGON 8 gen 3<\/li>\n<li>Octa Core<\/li>\n<\/ul>\n<\/li>\n<li>Quantit\u00e9: 1<\/li>\n<li>R\u00e9sistant \u00e0 l&#8217;eau: Oui<\/li>\n<li>Long: 16,1 cm<\/li>\n<li>Type de prise: Prise EU<\/li>\n<li>Bloc d\u2019Alimentation: r\u00e9seau \u00e9lectrique<\/li>\n<li>Technologie: AMOLED<\/li>\n<li>Capacit\u00e9 de la batterie: 5300 mAh<\/li>\n<li>Ecran: 6,7&#8243;<\/li>\n<li>Syst\u00e8me d&#8217;exploitation: Android<\/li>\n<li>puissance: 100 W<\/li>\n<li>M\u00e9moire RAM:\n<ul>\n<li>12 GB RAM<\/li>\n<li>8 GB RAM<\/li>\n<\/ul>\n<\/li>\n<li>M\u00e9moire interne: 512 GB<\/li>\n<li>Classification \u00e9nerg\u00e9tique: A<\/li>\n<li>R\u00e9solution:\n<ul>\n<li>1080 p<\/li>\n<li>2400 x 1080 px<\/li>\n<\/ul>\n<\/li>\n<li>Fr\u00e9quence: 120 Hz<\/li>\n<li>Famille de processeurs: Qualcomm Snapdragon<\/li>\n<\/ul>","protected":false},"excerpt":{"rendered":"<p>Si vous \u00eates \u00e0 la recherche de nouvelles tendances sur le march\u00e9, nous vous pr\u00e9sentons Smartphone Honor 5109BUSS 6,7&#8243; Octa Core 12 GB RAM 512 GB Noir ! Le Honor 5109BUSS est un smartphone de derni\u00e8re g\u00e9n\u00e9ration qui propose une combinaison attrayante de technologie avanc\u00e9e et de design sophistiqu\u00e9, notamment avec sa finition \u00e9l\u00e9gante en [&hellip;]<\/p>\n","protected":false},"featured_media":171317,"comment_status":"open","ping_status":"closed","template":"","meta":[],"product_brand":[1155],"product_cat":[575,65,960],"product_tag":[213,566,106],"class_list":{"0":"post-35564","1":"product","2":"type-product","3":"status-publish","4":"has-post-thumbnail","6":"product_brand-brandp_1272","7":"product_cat-electronique-telephonie-et-tablettes","8":"product_cat-informatique-electronique","9":"product_cat-telephones-portables","10":"product_tag-tag_933","11":"product_tag-tag_547","12":"product_tag-tag_1295","14":"first","15":"instock","16":"taxable","17":"shipping-taxable","18":"purchasable","19":"product-type-simple"},"_links":{"self":[{"href":"https:\/\/bigbuy.tupique.com\/es\/wp-json\/wp\/v2\/product\/35564","targetHints":{"allow":["GET"]}}],"collection":[{"href":"https:\/\/bigbuy.tupique.com\/es\/wp-json\/wp\/v2\/product"}],"about":[{"href":"https:\/\/bigbuy.tupique.com\/es\/wp-json\/wp\/v2\/types\/product"}],"replies":[{"embeddable":true,"href":"https:\/\/bigbuy.tupique.com\/es\/wp-json\/wp\/v2\/comments?post=35564"}],"wp:featuredmedia":[{"embeddable":true,"href":"https:\/\/bigbuy.tupique.com\/es\/wp-json\/wp\/v2\/media\/171317"}],"wp:attachment":[{"href":"https:\/\/bigbuy.tupique.com\/es\/wp-json\/wp\/v2\/media?parent=35564"}],"wp:term":[{"taxonomy":"product_brand","embeddable":true,"href":"https:\/\/bigbuy.tupique.com\/es\/wp-json\/wp\/v2\/product_brand?post=35564"},{"taxonomy":"product_cat","embeddable":true,"href":"https:\/\/bigbuy.tupique.com\/es\/wp-json\/wp\/v2\/product_cat?post=35564"},{"taxonomy":"product_tag","embeddable":true,"href":"https:\/\/bigbuy.tupique.com\/es\/wp-json\/wp\/v2\/product_tag?post=35564"}],"curies":[{"name":"wp","href":"https:\/\/api.w.org\/{rel}","templated":true}]}}