{"id":35416,"date":"2026-03-30T06:47:27","date_gmt":"2026-03-30T05:47:27","guid":{"rendered":"https:\/\/bigbuy.tupique.com\/produto\/liquid-refrigeration-kit-nzxt-rl-kr360-w2-kraken-plus-360-rgb\/"},"modified":"2026-05-11T20:01:54","modified_gmt":"2026-05-11T18:01:54","slug":"liquid-refrigeration-kit-nzxt-rl-kr360-w2-kraken-plus-360-rgb","status":"publish","type":"product","link":"https:\/\/bigbuy.tupique.com\/es\/produto\/liquid-refrigeration-kit-nzxt-rl-kr360-w2-kraken-plus-360-rgb\/","title":{"rendered":"Kit de refroidissement liquide NZXT RL-KR360-W2 Kraken Plus 360 RGB"},"content":{"rendered":"<p>Si vous \u00eates passionn\u00e9 d&#8217;<b>informatique et d&#8217;\u00e9lectronique<\/b>, si vous \u00eates \u00e0 la pointe de la technologie et qu&#8217;aucun d\u00e9tail ne vous \u00e9chappe, achetez <b>Kit de refroidissement liquide NZXT RL-KR360-W2 Kraken Plus 360 RGB<\/b> au meilleur prix.<\/p>\n<ul>\n<li>Type: Kit de refroidissement liquide<\/li>\n<li>Couleur: Blanc<\/li>\n<li>Mati\u00e8re:\n<ul>\n<li>Aluminium<\/li>\n<li>Cuivre<\/li>\n<\/ul>\n<\/li>\n<li>Caract\u00e9ristiques: \u00c9cran integr\u00e9<\/li>\n<li>Tension: 12 V<\/li>\n<li>Technologie:\n<ul>\n<li>LED<\/li>\n<li>LCD<\/li>\n<li>FDB<\/li>\n<\/ul>\n<\/li>\n<li>Illumination: Multicouleur<\/li>\n<li>Compatible: Ordinateurs<\/li>\n<li>vitesse:\n<ul>\n<li>2400 rpm<\/li>\n<li>500 rpm<\/li>\n<\/ul>\n<\/li>\n<li>Unit\u00e9s: 1 Unit\u00e9<\/li>\n<\/ul>","protected":false},"excerpt":{"rendered":"<p><span class=\"unit-info\">283.9900 &euro; \/ 1 unit<\/span><\/p>","protected":false},"featured_media":35401,"comment_status":"open","ping_status":"closed","template":"","meta":[],"product_brand":[1343],"product_cat":[65,584,1336],"product_tag":[59,106],"class_list":{"0":"post-35416","1":"product","2":"type-product","3":"status-publish","4":"has-post-thumbnail","6":"product_brand-brandp_650","7":"product_cat-informatique-electronique","8":"product_cat-informatique-reseaux-et-composants","9":"product_cat-ventilation","10":"product_tag-tag_1304","11":"product_tag-tag_1295","13":"first","14":"instock","15":"taxable","16":"shipping-taxable","17":"purchasable","18":"product-type-simple"},"_links":{"self":[{"href":"https:\/\/bigbuy.tupique.com\/es\/wp-json\/wp\/v2\/product\/35416","targetHints":{"allow":["GET"]}}],"collection":[{"href":"https:\/\/bigbuy.tupique.com\/es\/wp-json\/wp\/v2\/product"}],"about":[{"href":"https:\/\/bigbuy.tupique.com\/es\/wp-json\/wp\/v2\/types\/product"}],"replies":[{"embeddable":true,"href":"https:\/\/bigbuy.tupique.com\/es\/wp-json\/wp\/v2\/comments?post=35416"}],"wp:featuredmedia":[{"embeddable":true,"href":"https:\/\/bigbuy.tupique.com\/es\/wp-json\/wp\/v2\/media\/35401"}],"wp:attachment":[{"href":"https:\/\/bigbuy.tupique.com\/es\/wp-json\/wp\/v2\/media?parent=35416"}],"wp:term":[{"taxonomy":"product_brand","embeddable":true,"href":"https:\/\/bigbuy.tupique.com\/es\/wp-json\/wp\/v2\/product_brand?post=35416"},{"taxonomy":"product_cat","embeddable":true,"href":"https:\/\/bigbuy.tupique.com\/es\/wp-json\/wp\/v2\/product_cat?post=35416"},{"taxonomy":"product_tag","embeddable":true,"href":"https:\/\/bigbuy.tupique.com\/es\/wp-json\/wp\/v2\/product_tag?post=35416"}],"curies":[{"name":"wp","href":"https:\/\/api.w.org\/{rel}","templated":true}]}}