{"id":35208,"date":"2026-03-30T06:35:12","date_gmt":"2026-03-30T05:35:12","guid":{"rendered":"https:\/\/bigbuy.tupique.com\/produto\/tablet-apple-ipad-air-m3-11-octa-core-8-gb-ram-128-gb-white\/"},"modified":"2026-05-11T19:55:34","modified_gmt":"2026-05-11T17:55:34","slug":"tablet-apple-ipad-air-m3-11-octa-core-8-gb-ram-128-gb-white","status":"publish","type":"product","link":"https:\/\/bigbuy.tupique.com\/es\/produto\/tablet-apple-ipad-air-m3-11-octa-core-8-gb-ram-128-gb-white\/","title":{"rendered":"Tablette Apple iPad Air M3 11&#8243; Octa Core 8 GB RAM 128 GB Blanc"},"content":{"rendered":"<p>Si vous \u00eates passionn\u00e9 d&#8217;<b>informatique et d&#8217;\u00e9lectronique<\/b>, si vous \u00eates \u00e0 la pointe de la technologie et qu&#8217;aucun d\u00e9tail ne vous \u00e9chappe, achetez <b>Tablette Apple iPad Air M3 11&#8243; Octa Core 8 GB RAM 128 GB Blanc<\/b> au meilleur prix.<\/p>\n<p>L\u2019<b>iPad Air M3<\/b> d\u2019Apple est une <b>tablette<\/b> avanc\u00e9e qui allie portabilit\u00e9, puissance et le design embl\u00e9matique de la marque. Ce mod\u00e8le dispose d\u2019un <b>\u00e9cran 11 pouces<\/b> haute d\u00e9finition, id\u00e9al pour regarder des contenus multim\u00e9dias, travailler ou naviguer en toute fluidit\u00e9. Avec ses <b>8 Go de m\u00e9moire RAM<\/b>, l\u2019appareil offre d\u2019excellentes performances multit\u00e2ches, permettant l\u2019utilisation d\u2019applications exigeantes et l\u2019\u00e9dition cr\u00e9ative avec rapidit\u00e9. Son ch\u00e2ssis en <b>aluminium<\/b> se distingue par sa l\u00e9g\u00e8ret\u00e9 et sa robustesse, offrant une sensation premium et une grande durabilit\u00e9 au quotidien. L\u2019iPad Air M3 est propos\u00e9 en plusieurs couleurs \u00e9l\u00e9gantes telles que <b>blanc, beige, gris et starlight<\/b>, pour que chaque utilisateur puisse choisir le style qui lui convient le mieux. Il propose \u00e9galement un stockage interne adapt\u00e9 aux besoins actuels, facilitant la gestion des fichiers, applications et documents. Son int\u00e9gration dans l\u2019\u00e9cosyst\u00e8me Apple garantit une compatibilit\u00e9 totale avec des accessoires et services comme l\u2019Apple Pencil et le Magic Keyboard, renfor\u00e7ant les capacit\u00e9s cr\u00e9atives et professionnelles. Ce mod\u00e8le s\u2019adresse \u00e0 ceux qui recherchent une exp\u00e9rience fluide, que ce soit dans un cadre \u00e9ducatif, professionnel ou personnel, soutenue par la qualit\u00e9 et la fiabilit\u00e9 Apple. En r\u00e9sum\u00e9, l\u2019iPad Air M3 constitue une option \u00e9quilibr\u00e9e et polyvalente dans le segment des tablettes hautes performances.<\/p>\n<ul>\n<li>Type:\n<ul>\n<li>Tablette<\/li>\n<li>Flash<\/li>\n<\/ul>\n<\/li>\n<li>Type de prise: Prise EU<\/li>\n<li>Produit \u00e0 brancher: Oui<\/li>\n<li>Couleur:\n<ul>\n<li>Gris<\/li>\n<li>starlight<\/li>\n<li>Blanc<\/li>\n<li>Beige<\/li>\n<\/ul>\n<\/li>\n<li>Formats: AAC<\/li>\n<li>Caract\u00e9ristiques:\n<ul>\n<li>Capteur de lumi\u00e8re ambiante<\/li>\n<li>eSIM<\/li>\n<li>Contr\u00f4le vocal<\/li>\n<li>Wi-Fi<\/li>\n<li>Cam\u00e9ra frontale<\/li>\n<li>Microphone int\u00e9gr\u00e9<\/li>\n<li>Autofocus<\/li>\n<li>2 Haut-parleurs<\/li>\n<li>4 Haut-parleurs<\/li>\n<li>Lecteur d&#8217;empreintes<\/li>\n<li>Boussole \u00e9lectronique<\/li>\n<li>\u00c9cran avec coins arrondis<\/li>\n<\/ul>\n<\/li>\n<li>Interface: Wi-Fi<\/li>\n<li>Bloc d\u2019Alimentation:\n<ul>\n<li>r\u00e9seau \u00e9lectrique<\/li>\n<li>USB<\/li>\n<\/ul>\n<\/li>\n<li>R\u00e9solution:\n<ul>\n<li>12 MP<\/li>\n<li>2360 x 1640 px<\/li>\n<\/ul>\n<\/li>\n<li>Technologie:\n<ul>\n<li>LED<\/li>\n<li>IPS<\/li>\n<li>Mime<\/li>\n<\/ul>\n<\/li>\n<li>Connexions:\n<ul>\n<li>USB-C<\/li>\n<li>USB-C 3.2 Gen 2 (3.1 Gen 2)<\/li>\n<\/ul>\n<\/li>\n<li>Cam\u00e9ra\/Appareil Photo:\n<ul>\n<li>12 mpx<\/li>\n<li>12 MP<\/li>\n<li>Arri\u00e8re<\/li>\n<\/ul>\n<\/li>\n<li>Connectivit\u00e9:\n<ul>\n<li>Wi-Fi<\/li>\n<li>Bluetooth<\/li>\n<li>GPS<\/li>\n<li>Wi-Fi 6 GHz<\/li>\n<li>Bluetooth 5.3<\/li>\n<\/ul>\n<\/li>\n<li>Syst\u00e8me d&#8217;exploitation:\n<ul>\n<li>iPadOS<\/li>\n<li>iOS<\/li>\n<\/ul>\n<\/li>\n<li>Ecran: 11&#8243;<\/li>\n<li>Processeur:\n<ul>\n<li>Octa Core<\/li>\n<li>M3<\/li>\n<\/ul>\n<\/li>\n<li>M\u00e9moire RAM: 8 GB RAM<\/li>\n<li>M\u00e9moire interne: 128 GB<\/li>\n<li>Mati\u00e8re: Aluminium<\/li>\n<li>Fonctions:\n<ul>\n<li>Barom\u00e8tre<\/li>\n<li>Acc\u00e9l\u00e9rom\u00e8tre<\/li>\n<li>G\u00e9olocalisation<\/li>\n<\/ul>\n<\/li>\n<li>Classification \u00e9nerg\u00e9tique: G<\/li>\n<li>Ouverture: F\/1,8<\/li>\n<li>Brille: 500 cd\/m2<\/li>\n<li>Non Inclus:\n<ul>\n<li>Adaptateur AC<\/li>\n<li>Connexion au r\u00e9seau mobile<\/li>\n<\/ul>\n<\/li>\n<li>Certificat: Certification ENERGY STAR<\/li>\n<li>Compatible: iPadOS<\/li>\n<li>Type de batterie: Litio Ion<\/li>\n<li>Noyaux:\n<ul>\n<li>8 Noyaux<\/li>\n<li>16 Noyaux<\/li>\n<\/ul>\n<\/li>\n<li>R\u00e9solution (px):\n<ul>\n<li>3840 x 2160 px<\/li>\n<li>2160 px<\/li>\n<\/ul>\n<\/li>\n<li>Diagonale de l&#8217;\u00e9cran (cm): 27,9 cm<\/li>\n<li>Autonomie approx.: 10 heures<\/li>\n<li>Dispositif intelligent: Apple Intelligence<\/li>\n<\/ul>","protected":false},"excerpt":{"rendered":"<p>Si vous \u00eates passionn\u00e9 d&#8217;informatique et d&#8217;\u00e9lectronique, si vous \u00eates \u00e0 la pointe de la technologie et qu&#8217;aucun d\u00e9tail ne vous \u00e9chappe, achetez Tablette Apple iPad Air M3 11&#8243; Octa Core 8 GB RAM 128 GB Blanc au meilleur prix. L\u2019iPad Air M3 d\u2019Apple est une tablette avanc\u00e9e qui allie portabilit\u00e9, puissance et le design [&hellip;]<\/p>\n","protected":false},"featured_media":35183,"comment_status":"open","ping_status":"closed","template":"","meta":[],"product_brand":[979],"product_cat":[575,65,1052],"product_tag":[566,106],"class_list":{"0":"post-35208","1":"product","2":"type-product","3":"status-publish","4":"has-post-thumbnail","6":"product_brand-brandp_533","7":"product_cat-electronique-telephonie-et-tablettes","8":"product_cat-informatique-electronique","9":"product_cat-tablettes","10":"product_tag-tag_547","11":"product_tag-tag_1295","13":"first","14":"instock","15":"taxable","16":"shipping-taxable","17":"purchasable","18":"product-type-simple"},"_links":{"self":[{"href":"https:\/\/bigbuy.tupique.com\/es\/wp-json\/wp\/v2\/product\/35208","targetHints":{"allow":["GET"]}}],"collection":[{"href":"https:\/\/bigbuy.tupique.com\/es\/wp-json\/wp\/v2\/product"}],"about":[{"href":"https:\/\/bigbuy.tupique.com\/es\/wp-json\/wp\/v2\/types\/product"}],"replies":[{"embeddable":true,"href":"https:\/\/bigbuy.tupique.com\/es\/wp-json\/wp\/v2\/comments?post=35208"}],"wp:featuredmedia":[{"embeddable":true,"href":"https:\/\/bigbuy.tupique.com\/es\/wp-json\/wp\/v2\/media\/35183"}],"wp:attachment":[{"href":"https:\/\/bigbuy.tupique.com\/es\/wp-json\/wp\/v2\/media?parent=35208"}],"wp:term":[{"taxonomy":"product_brand","embeddable":true,"href":"https:\/\/bigbuy.tupique.com\/es\/wp-json\/wp\/v2\/product_brand?post=35208"},{"taxonomy":"product_cat","embeddable":true,"href":"https:\/\/bigbuy.tupique.com\/es\/wp-json\/wp\/v2\/product_cat?post=35208"},{"taxonomy":"product_tag","embeddable":true,"href":"https:\/\/bigbuy.tupique.com\/es\/wp-json\/wp\/v2\/product_tag?post=35208"}],"curies":[{"name":"wp","href":"https:\/\/api.w.org\/{rel}","templated":true}]}}