{"id":35120,"date":"2026-03-30T06:32:35","date_gmt":"2026-03-30T05:32:35","guid":{"rendered":"https:\/\/bigbuy.tupique.com\/produto\/stick-vacuum-cleaner-samsung-ai-jet-petpro-770-w\/"},"modified":"2026-04-16T20:51:30","modified_gmt":"2026-04-16T19:51:30","slug":"stick-vacuum-cleaner-samsung-ai-jet-petpro-770-w","status":"publish","type":"product","link":"https:\/\/bigbuy.tupique.com\/es\/produto\/stick-vacuum-cleaner-samsung-ai-jet-petpro-770-w\/","title":{"rendered":"Aspirateur balai Samsung AI Jet PetPRO 770 W"},"content":{"rendered":"<p>Si vous recherchez des \u00e9lectrom\u00e9nagers pour votre maison aux meilleurs prix, ne manquez pas <b>Aspirateur balai Samsung AI Jet PetPRO 770 W<\/b> et une large s\u00e9lection de petits \u00e9lectrom\u00e9nagers de qualit\u00e9 !<\/p>\n<p>Le <b>aspirateur balai AI Jet PetPRO<\/b> de <b>Samsung<\/b> est un appareil sans fil con\u00e7u pour offrir un nettoyage efficace et confortable dans les foyers avec animaux. Son design en <b>gris<\/b> s\u2019adapte \u00e0 tout environnement et dispose d\u2019un r\u00e9servoir de <b>500 ml<\/b>, id\u00e9al pour recueillir salet\u00e9s et poils sans vidage fr\u00e9quent. Il fonctionne avec une <b>batterie rechargeable<\/b> offrant une autonomie d\u2019environ <b>60 minutes<\/b>, facilitant le nettoyage de grandes pi\u00e8ces sans interruption. Parmi ses sp\u00e9cifications techniques, il pr\u00e9sente une puissance d\u2019aspiration optimis\u00e9e gr\u00e2ce \u00e0 un moteur jusqu\u2019\u00e0 <b>770 W<\/b> garantissant un nettoyage en profondeur, m\u00eame sur surfaces complexes. Pour am\u00e9liorer l\u2019usage, il int\u00e8gre un <b>\u00e9cran int\u00e9gr\u00e9<\/b> affichant les informations utiles pendant l\u2019utilisation, ainsi qu\u2019un <b>led indicateur de charge<\/b> pour suivre facilement le niveau de batterie restant. Avec des dimensions compactes d\u2019environ <b>30 cm<\/b>, cet aspirateur offre maniabilit\u00e9 et acc\u00e8s aux zones difficiles sans effort. Son niveau sonore est con\u00e7u pour rester contr\u00f4l\u00e9 autour de <b>86 dB<\/b>, alliant performance et discr\u00e9tion. Ce mod\u00e8le fait partie de la gamme reconnue AI Jet Lite Pet, sp\u00e9cialement con\u00e7ue pour capturer efficacement les poils d\u2019animaux, ce qui en fait un outil pratique pour les foyers avec animaux gr\u00e2ce \u00e0 sa puissance, son autonomie et ses fonctions intuitives. En r\u00e9sum\u00e9, le <b>Samsung AI Jet PetPRO<\/b> se positionne comme un aspirateur balai polyvalent et performant, adapt\u00e9 \u00e0 ceux qui recherchent une solution technologique avanc\u00e9e et sans fil pour l\u2019entretien quotidien de la maison.<\/p>\n<ul>\n<li>Produit \u00e0 brancher: Oui<\/li>\n<li>Type:\n<ul>\n<li>Aspirateur balai<\/li>\n<li>Sec<\/li>\n<\/ul>\n<\/li>\n<li>Type de prise:\n<ul>\n<li>Prise EU<\/li>\n<li>Type F<\/li>\n<\/ul>\n<\/li>\n<li>puissance: 770 W<\/li>\n<li>Bloc d\u2019Alimentation:\n<ul>\n<li>r\u00e9seau \u00e9lectrique<\/li>\n<li>Batterie<\/li>\n<\/ul>\n<\/li>\n<li>Couleur: Gris<\/li>\n<li>\u00c9lev\u00e9: 93 cm<\/li>\n<li>Tension: 25,2 V<\/li>\n<li>Niveau sonore: 86 dB<\/li>\n<li>Batterie: Lithium-ion<\/li>\n<li>Filtre:\n<ul>\n<li>HEPA<\/li>\n<li>Lavable<\/li>\n<\/ul>\n<\/li>\n<li>Capacit\u00e9:\n<ul>\n<li>15,6 kg<\/li>\n<li>500 ml<\/li>\n<\/ul>\n<\/li>\n<li>Dimensions approx.: 25 cm<\/li>\n<li>Largeur: 30 cm<\/li>\n<li>Caract\u00e9ristiques:\n<ul>\n<li>\u00c9cran integr\u00e9<\/li>\n<li>LED indicateur de chargement<\/li>\n<\/ul>\n<\/li>\n<li>Temps de charge approx.: 3,5 heures<\/li>\n<li>Autonomie approx.: 1 heure<\/li>\n<li>Technologie: LCD<\/li>\n<li>Type de batterie: Litio Ion<\/li>\n<\/ul>","protected":false},"excerpt":{"rendered":"<p>Si vous recherchez des \u00e9lectrom\u00e9nagers pour votre maison aux meilleurs prix, ne manquez pas Aspirateur balai Samsung AI Jet PetPRO 770 W et une large s\u00e9lection de petits \u00e9lectrom\u00e9nagers de qualit\u00e9 ! Le aspirateur balai AI Jet PetPRO de Samsung est un appareil sans fil con\u00e7u pour offrir un nettoyage efficace et confortable dans les [&hellip;]<\/p>\n","protected":false},"featured_media":35093,"comment_status":"open","ping_status":"closed","template":"","meta":[],"product_brand":[183],"product_cat":[762,239,240],"product_tag":[59,56,210],"class_list":{"0":"post-35120","1":"product","2":"type-product","3":"status-publish","4":"has-post-thumbnail","6":"product_brand-brandp_576","7":"product_cat-aspirateurs-et-robots","8":"product_cat-maison-jardin","9":"product_cat-nettoyage-aspirateur-et-repassage","10":"product_tag-tag_1304","11":"product_tag-tag_930","12":"product_tag-tag_25","14":"first","15":"instock","16":"taxable","17":"shipping-taxable","18":"purchasable","19":"product-type-simple"},"_links":{"self":[{"href":"https:\/\/bigbuy.tupique.com\/es\/wp-json\/wp\/v2\/product\/35120","targetHints":{"allow":["GET"]}}],"collection":[{"href":"https:\/\/bigbuy.tupique.com\/es\/wp-json\/wp\/v2\/product"}],"about":[{"href":"https:\/\/bigbuy.tupique.com\/es\/wp-json\/wp\/v2\/types\/product"}],"replies":[{"embeddable":true,"href":"https:\/\/bigbuy.tupique.com\/es\/wp-json\/wp\/v2\/comments?post=35120"}],"wp:featuredmedia":[{"embeddable":true,"href":"https:\/\/bigbuy.tupique.com\/es\/wp-json\/wp\/v2\/media\/35093"}],"wp:attachment":[{"href":"https:\/\/bigbuy.tupique.com\/es\/wp-json\/wp\/v2\/media?parent=35120"}],"wp:term":[{"taxonomy":"product_brand","embeddable":true,"href":"https:\/\/bigbuy.tupique.com\/es\/wp-json\/wp\/v2\/product_brand?post=35120"},{"taxonomy":"product_cat","embeddable":true,"href":"https:\/\/bigbuy.tupique.com\/es\/wp-json\/wp\/v2\/product_cat?post=35120"},{"taxonomy":"product_tag","embeddable":true,"href":"https:\/\/bigbuy.tupique.com\/es\/wp-json\/wp\/v2\/product_tag?post=35120"}],"curies":[{"name":"wp","href":"https:\/\/api.w.org\/{rel}","templated":true}]}}