{"id":34915,"date":"2026-03-30T06:20:52","date_gmt":"2026-03-30T05:20:52","guid":{"rendered":"https:\/\/bigbuy.tupique.com\/produto\/keyboard-case-startech-129ue-usbc-kvm-dock\/"},"modified":"2026-05-11T19:59:34","modified_gmt":"2026-05-11T17:59:34","slug":"keyboard-case-startech-129ue-usbc-kvm-dock","status":"publish","type":"product","link":"https:\/\/bigbuy.tupique.com\/es\/produto\/keyboard-case-startech-129ue-usbc-kvm-dock\/","title":{"rendered":"Housse pour clavier Startech 129UE-USBC-KVM-DOCK"},"content":{"rendered":"<p>Si vous \u00eates passionn\u00e9 d&#8217;<b>informatique et d&#8217;\u00e9lectronique<\/b>, si vous \u00eates \u00e0 la pointe de la technologie et qu&#8217;aucun d\u00e9tail ne vous \u00e9chappe, achetez <b>Housse pour clavier Startech 129UE-USBC-KVM-DOCK<\/b> au meilleur prix.<\/p>\n<ul>\n<li>Couleur: Argent\u00e9<\/li>\n<li>Caract\u00e9ristiques: Connexion USB<\/li>\n<li>Connexions:\n<ul>\n<li>RJ45<\/li>\n<li>DisplayPort<\/li>\n<li>Ethernet LAN<\/li>\n<\/ul>\n<\/li>\n<\/ul>","protected":false},"excerpt":{"rendered":"<p>Si vous \u00eates passionn\u00e9 d&#8217;informatique et d&#8217;\u00e9lectronique, si vous \u00eates \u00e0 la pointe de la technologie et qu&#8217;aucun d\u00e9tail ne vous \u00e9chappe, achetez Housse pour clavier Startech 129UE-USBC-KVM-DOCK au meilleur prix. Couleur: Argent\u00e9 Caract\u00e9ristiques: Connexion USB Connexions: RJ45 DisplayPort Ethernet LAN<\/p>","protected":false},"featured_media":34909,"comment_status":"open","ping_status":"closed","template":"","meta":[],"product_brand":[634],"product_cat":[729,65,581],"product_tag":[106],"class_list":{"0":"post-34915","1":"product","2":"type-product","3":"status-publish","4":"has-post-thumbnail","6":"product_brand-brandp_4771","7":"product_cat-claviers","8":"product_cat-informatique-electronique","9":"product_cat-informatique-peripheriques-et-consommables","10":"product_tag-tag_1295","12":"first","13":"instock","14":"taxable","15":"shipping-taxable","16":"purchasable","17":"product-type-simple"},"_links":{"self":[{"href":"https:\/\/bigbuy.tupique.com\/es\/wp-json\/wp\/v2\/product\/34915","targetHints":{"allow":["GET"]}}],"collection":[{"href":"https:\/\/bigbuy.tupique.com\/es\/wp-json\/wp\/v2\/product"}],"about":[{"href":"https:\/\/bigbuy.tupique.com\/es\/wp-json\/wp\/v2\/types\/product"}],"replies":[{"embeddable":true,"href":"https:\/\/bigbuy.tupique.com\/es\/wp-json\/wp\/v2\/comments?post=34915"}],"wp:featuredmedia":[{"embeddable":true,"href":"https:\/\/bigbuy.tupique.com\/es\/wp-json\/wp\/v2\/media\/34909"}],"wp:attachment":[{"href":"https:\/\/bigbuy.tupique.com\/es\/wp-json\/wp\/v2\/media?parent=34915"}],"wp:term":[{"taxonomy":"product_brand","embeddable":true,"href":"https:\/\/bigbuy.tupique.com\/es\/wp-json\/wp\/v2\/product_brand?post=34915"},{"taxonomy":"product_cat","embeddable":true,"href":"https:\/\/bigbuy.tupique.com\/es\/wp-json\/wp\/v2\/product_cat?post=34915"},{"taxonomy":"product_tag","embeddable":true,"href":"https:\/\/bigbuy.tupique.com\/es\/wp-json\/wp\/v2\/product_tag?post=34915"}],"curies":[{"name":"wp","href":"https:\/\/api.w.org\/{rel}","templated":true}]}}