{"id":34823,"date":"2026-03-30T06:17:54","date_gmt":"2026-03-30T05:17:54","guid":{"rendered":"https:\/\/bigbuy.tupique.com\/produto\/electric-shaver-braun-series-8-8617s\/"},"modified":"2026-05-11T20:01:53","modified_gmt":"2026-05-11T18:01:53","slug":"electric-shaver-braun-series-8-8617s","status":"publish","type":"product","link":"https:\/\/bigbuy.tupique.com\/es\/produto\/electric-shaver-braun-series-8-8617s\/","title":{"rendered":"Rasoir electrique Braun Series 8 8617S"},"content":{"rendered":"<p>Rasoir electrique Braun Series 8 8617S est un produit exclusif de qualit\u00e9 pour le soin du corps. Si vous recherchez les meilleurs produits d\u2019hygi\u00e8ne personnelle, les produits Braun 100 % originaux sont exactement ce dont vous avez besoin.<\/p>\n<p>Le <b>rasoir \u00e9lectrique<\/b> <b>Braun Series 8 mod\u00e8le 8617S<\/b> est un appareil con\u00e7u pour offrir un rasage efficace, confortable et polyvalent, avec une finition en <b>couleur argent\u00e9e<\/b> alliant \u00e9l\u00e9gance et robustesse. Ce mod\u00e8le dispose d\u2019un corps en <b>acier inoxydable<\/b>, garantissant durabilit\u00e9 et une prise en main s\u00fbre lors de l\u2019utilisation. Son alimentation se fait par <b>batterie rechargeable<\/b>, offrant une autonomie d\u2019environ <b>60 minutes<\/b> pour des s\u00e9ances compl\u00e8tes sans c\u00e2ble. Il est \u00e9quip\u00e9 d\u2019une prise conforme \u00e0 la <b>norme europ\u00e9enne (UE)<\/b>, facilitant son usage imm\u00e9diat dans la plupart des pays europ\u00e9ens. Son design permet un usage en mode <b>humide et sec (Wet&amp;Dry)<\/b>, offrant flexibilit\u00e9 aux utilisateurs qui pr\u00e9f\u00e8rent se raser avec mousse, gel ou sur peau s\u00e8che, pour une exp\u00e9rience plus confortable adapt\u00e9e \u00e0 divers besoins cutan\u00e9s. La technologie int\u00e9gr\u00e9e assure un rasage pr\u00e9cis et respectueux de la peau, id\u00e9al pour ceux qui recherchent un outil fiable pour leur routine quotidienne ou en voyage, gr\u00e2ce \u00e0 sa batterie puissante et sa facilit\u00e9 de recharge. Sa conception et ses performances placent ce mod\u00e8le dans la gamme avanc\u00e9e de Braun, reconnue mondialement pour son innovation en soin personnel et sa pr\u00e9cision. En r\u00e9sum\u00e9, le <b>Braun Series 8 8617S<\/b> est un rasoir \u00e9lectrique alliant long\u00e9vit\u00e9, autonomie et polyvalence, destin\u00e9 aux utilisateurs exigeants qui valorisent qualit\u00e9 et technologie pour leur rasage quotidien.<\/p>\n<ul>\n<li>Produit \u00e0 brancher: Oui<\/li>\n<li>Type de prise: Prise EU<\/li>\n<li>Type: Rasoir electrique<\/li>\n<li>Bloc d\u2019Alimentation:\n<ul>\n<li>r\u00e9seau \u00e9lectrique<\/li>\n<li>Batterie<\/li>\n<\/ul>\n<\/li>\n<li>Couleur:\n<ul>\n<li>Noir<\/li>\n<li>noir<\/li>\n<li>Argent\u00e9<\/li>\n<\/ul>\n<\/li>\n<li>Type de batterie: Li-Ion<\/li>\n<li>Mati\u00e8re: Acier inoxydable<\/li>\n<li>Autonomie approx.: 60 minutes<\/li>\n<\/ul>","protected":false},"excerpt":{"rendered":"<p>Rasoir electrique Braun Series 8 8617S est un produit exclusif de qualit\u00e9 pour le soin du corps. Si vous recherchez les meilleurs produits d\u2019hygi\u00e8ne personnelle, les produits Braun 100 % originaux sont exactement ce dont vous avez besoin. Le rasoir \u00e9lectrique Braun Series 8 mod\u00e8le 8617S est un appareil con\u00e7u pour offrir un rasage efficace, [&hellip;]<\/p>\n","protected":false},"featured_media":34812,"comment_status":"open","ping_status":"closed","template":"","meta":[],"product_brand":[854],"product_cat":[1060,1059,752],"product_tag":[722,59,56],"class_list":{"0":"post-34823","1":"product","2":"type-product","3":"status-publish","4":"has-post-thumbnail","6":"product_brand-brandp_906","7":"product_cat-epilation-et-rasage","8":"product_cat-esthetique-et-traitements-corporels","9":"product_cat-sante-beaute","10":"product_tag-tag_923","11":"product_tag-tag_1304","12":"product_tag-tag_930","14":"first","15":"instock","16":"taxable","17":"shipping-taxable","18":"purchasable","19":"product-type-simple"},"_links":{"self":[{"href":"https:\/\/bigbuy.tupique.com\/es\/wp-json\/wp\/v2\/product\/34823","targetHints":{"allow":["GET"]}}],"collection":[{"href":"https:\/\/bigbuy.tupique.com\/es\/wp-json\/wp\/v2\/product"}],"about":[{"href":"https:\/\/bigbuy.tupique.com\/es\/wp-json\/wp\/v2\/types\/product"}],"replies":[{"embeddable":true,"href":"https:\/\/bigbuy.tupique.com\/es\/wp-json\/wp\/v2\/comments?post=34823"}],"wp:featuredmedia":[{"embeddable":true,"href":"https:\/\/bigbuy.tupique.com\/es\/wp-json\/wp\/v2\/media\/34812"}],"wp:attachment":[{"href":"https:\/\/bigbuy.tupique.com\/es\/wp-json\/wp\/v2\/media?parent=34823"}],"wp:term":[{"taxonomy":"product_brand","embeddable":true,"href":"https:\/\/bigbuy.tupique.com\/es\/wp-json\/wp\/v2\/product_brand?post=34823"},{"taxonomy":"product_cat","embeddable":true,"href":"https:\/\/bigbuy.tupique.com\/es\/wp-json\/wp\/v2\/product_cat?post=34823"},{"taxonomy":"product_tag","embeddable":true,"href":"https:\/\/bigbuy.tupique.com\/es\/wp-json\/wp\/v2\/product_tag?post=34823"}],"curies":[{"name":"wp","href":"https:\/\/api.w.org\/{rel}","templated":true}]}}