{"id":34374,"date":"2026-03-30T05:50:12","date_gmt":"2026-03-30T04:50:12","guid":{"rendered":"https:\/\/bigbuy.tupique.com\/produto\/tablet-xiaomi-pad-7-112-octa-core-8-gb-ram-256-gb-green\/"},"modified":"2026-04-15T05:09:56","modified_gmt":"2026-04-15T04:09:56","slug":"tablet-xiaomi-pad-7-112-octa-core-8-gb-ram-256-gb-green","status":"publish","type":"product","link":"https:\/\/bigbuy.tupique.com\/es\/produto\/tablet-xiaomi-pad-7-112-octa-core-8-gb-ram-256-gb-green\/","title":{"rendered":"Tablette Xiaomi Pad 7 11,2&#8243; Octa Core 8 GB RAM 256 GB Vert"},"content":{"rendered":"<p>Si vous \u00eates passionn\u00e9 d&#8217;<b>informatique et d&#8217;\u00e9lectronique<\/b>, si vous \u00eates \u00e0 la pointe de la technologie et qu&#8217;aucun d\u00e9tail ne vous \u00e9chappe, achetez <b>Tablette Xiaomi Pad 7 11,2&#8243; Octa Core 8 GB RAM 256 GB Vert<\/b> au meilleur prix.<\/p>\n<p>La <b>Xiaomi Pad 7<\/b> es una <b>tableta<\/b> dise\u00f1ada para usuarios que buscan un equilibrio entre potencia, capacidad y movilidad. Cuenta con una amplia <b>pantalla de 11,2 pulgadas<\/b> que ofrece una experiencia visual clara y n\u00edtida, ideal tanto para consumo multimedia como para productividad y lectura. Equipado con <b>8 GB de memoria RAM<\/b>, este dispositivo garantiza un rendimiento fluido y r\u00e1pido en m\u00faltiples aplicaciones y tareas simult\u00e1neas. Su <b>almacenamiento interno de 256 GB<\/b> proporciona un espacio amplio y seguro para guardar documentos, aplicaciones, fotos y v\u00eddeos sin preocupaciones por el espacio. El dise\u00f1o en <b>color verde<\/b> a\u00f1ade un toque moderno y distintivo que combina estilo y funcionalidad. En cuanto a conectividad, incorpora un puerto <b>USB-C<\/b> para carga y transferencia eficiente de datos, complementado por su conectividad <b>Wi-Fi<\/b>, que asegura una conexi\u00f3n estable a internet para navegaci\u00f3n r\u00e1pida y streaming sin interrupciones en entornos con red inal\u00e1mbrica. Esta configuraci\u00f3n hace que la Xiaomi Pad 7 sea una herramienta vers\u00e1til para usuarios que requieren una tableta de buen rendimiento y gran capacidad, adecuada para el uso diario en \u00e1mbitos personales y profesionales. En resumen, este modelo destaca por su equilibrio entre tama\u00f1o, potencia y almacenamiento, consolid\u00e1ndose como una opci\u00f3n pr\u00e1ctica y moderna dentro del cat\u00e1logo de tablets de Xiaomi.<\/p>\n<ul>\n<li>Type: Tablette<\/li>\n<li>Type de prise: Prise EU<\/li>\n<li>Produit \u00e0 brancher: Oui<\/li>\n<li>Bloc d\u2019Alimentation: r\u00e9seau \u00e9lectrique<\/li>\n<li>Indice de r\u00e9parabilit\u00e9: 8.1<\/li>\n<li>Technologie:\n<ul>\n<li>IPS LCD<\/li>\n<li>LED<\/li>\n<li>IPS<\/li>\n<li>IPS LED<\/li>\n<li>TFT<\/li>\n<li>Retina LED<\/li>\n<li>Super AMOLED<\/li>\n<li>AMOLED<\/li>\n<li>LCD IPS<\/li>\n<li>Tactile<\/li>\n<li>OTG<\/li>\n<li>Glonass<\/li>\n<li>Dolby Atmos<\/li>\n<li>Corning Gorilla Glass<\/li>\n<li>WXGA TFT<\/li>\n<li>PLS<\/li>\n<li>90 Hz<\/li>\n<li>OLED<\/li>\n<li>LCD<\/li>\n<li>Capacitive<\/li>\n<li>VT-d<\/li>\n<li>VT-x<\/li>\n<li>52.1 Dynamic AMOLED 2X<\/li>\n<\/ul>\n<\/li>\n<li>Syst\u00e8me d&#8217;exploitation:\n<ul>\n<li>Android<\/li>\n<li>Android 13<\/li>\n<\/ul>\n<\/li>\n<li>Connectivit\u00e9: Wi-Fi<\/li>\n<li>Cam\u00e9ra\/Appareil Photo:\n<ul>\n<li>8 mpx<\/li>\n<li>13 mpx<\/li>\n<\/ul>\n<\/li>\n<li>Connexions:\n<ul>\n<li>USB-C<\/li>\n<li>MicroSD<\/li>\n<li>Combo de sortie casque\/micro<\/li>\n<li>USB-C 3.2 Gen 1 (3.1 Gen 1)<\/li>\n<\/ul>\n<\/li>\n<li>Ecran: 11,2&#8243;<\/li>\n<li>Processeur: Octa Core<\/li>\n<li>M\u00e9moire RAM: 8 GB RAM<\/li>\n<li>M\u00e9moire interne: 256 GB<\/li>\n<li>Couleur: Vert<\/li>\n<li>Noyaux: 8 Noyaux<\/li>\n<li>Diagonale de l&#8217;\u00e9cran (cm): 28,4 cm<\/li>\n<li>Type de stockage: Flash<\/li>\n<\/ul>","protected":false},"excerpt":{"rendered":"<p>Si vous \u00eates passionn\u00e9 d&#8217;informatique et d&#8217;\u00e9lectronique, si vous \u00eates \u00e0 la pointe de la technologie et qu&#8217;aucun d\u00e9tail ne vous \u00e9chappe, achetez Tablette Xiaomi Pad 7 11,2&#8243; Octa Core 8 GB RAM 256 GB Vert au meilleur prix. La Xiaomi Pad 7 es una tableta dise\u00f1ada para usuarios que buscan un equilibrio entre potencia, [&hellip;]<\/p>\n","protected":false},"featured_media":34362,"comment_status":"open","ping_status":"closed","template":"","meta":[],"product_brand":[525],"product_cat":[575,65,1052],"product_tag":[566,106],"class_list":{"0":"post-34374","1":"product","2":"type-product","3":"status-publish","4":"has-post-thumbnail","6":"product_brand-brandp_1269","7":"product_cat-electronique-telephonie-et-tablettes","8":"product_cat-informatique-electronique","9":"product_cat-tablettes","10":"product_tag-tag_547","11":"product_tag-tag_1295","13":"first","14":"instock","15":"taxable","16":"shipping-taxable","17":"purchasable","18":"product-type-simple"},"_links":{"self":[{"href":"https:\/\/bigbuy.tupique.com\/es\/wp-json\/wp\/v2\/product\/34374","targetHints":{"allow":["GET"]}}],"collection":[{"href":"https:\/\/bigbuy.tupique.com\/es\/wp-json\/wp\/v2\/product"}],"about":[{"href":"https:\/\/bigbuy.tupique.com\/es\/wp-json\/wp\/v2\/types\/product"}],"replies":[{"embeddable":true,"href":"https:\/\/bigbuy.tupique.com\/es\/wp-json\/wp\/v2\/comments?post=34374"}],"wp:featuredmedia":[{"embeddable":true,"href":"https:\/\/bigbuy.tupique.com\/es\/wp-json\/wp\/v2\/media\/34362"}],"wp:attachment":[{"href":"https:\/\/bigbuy.tupique.com\/es\/wp-json\/wp\/v2\/media?parent=34374"}],"wp:term":[{"taxonomy":"product_brand","embeddable":true,"href":"https:\/\/bigbuy.tupique.com\/es\/wp-json\/wp\/v2\/product_brand?post=34374"},{"taxonomy":"product_cat","embeddable":true,"href":"https:\/\/bigbuy.tupique.com\/es\/wp-json\/wp\/v2\/product_cat?post=34374"},{"taxonomy":"product_tag","embeddable":true,"href":"https:\/\/bigbuy.tupique.com\/es\/wp-json\/wp\/v2\/product_tag?post=34374"}],"curies":[{"name":"wp","href":"https:\/\/api.w.org\/{rel}","templated":true}]}}