{"id":33650,"date":"2026-03-30T05:14:09","date_gmt":"2026-03-30T04:14:09","guid":{"rendered":"https:\/\/bigbuy.tupique.com\/produto\/sports-camera-dji-osmo-action-4-adventure-combo-black\/"},"modified":"2026-04-16T17:31:31","modified_gmt":"2026-04-16T16:31:31","slug":"sports-camera-dji-osmo-action-4-adventure-combo-black","status":"publish","type":"product","link":"https:\/\/bigbuy.tupique.com\/es\/produto\/sports-camera-dji-osmo-action-4-adventure-combo-black\/","title":{"rendered":"Cam\u00e9ra de sport Dji Osmo Action 4 Adventure Combo Noir"},"content":{"rendered":"<p>Si vous \u00eates passionn\u00e9 d&#8217;<b>informatique et d&#8217;\u00e9lectronique<\/b>, si vous \u00eates \u00e0 la pointe de la technologie et qu&#8217;aucun d\u00e9tail ne vous \u00e9chappe, achetez <b>Cam\u00e9ra de sport Dji Osmo Action 4 Adventure Combo Noir<\/b> au meilleur prix.<\/p>\n<ul>\n<li>Type:\n<ul>\n<li>Adaptateur<\/li>\n<li>Cam\u00e9ra de sport<\/li>\n<\/ul>\n<\/li>\n<li>Produit \u00e0 brancher: Oui<\/li>\n<li>Couleur: Noir<\/li>\n<li>Caract\u00e9ristiques:\n<ul>\n<li>Microphone int\u00e9gr\u00e9<\/li>\n<li>\u00c9cran integr\u00e9<\/li>\n<li>R\u00e9sistant aux intemp\u00e9ries<\/li>\n<\/ul>\n<\/li>\n<li>Connexions: USB-C<\/li>\n<li>Connectivit\u00e9:\n<ul>\n<li>Bluetooth<\/li>\n<li>Wi-Fi<\/li>\n<li>Fente pour cartes microSD<\/li>\n<\/ul>\n<\/li>\n<li>Langue: Anglais<\/li>\n<li>R\u00e9solution: 4K Ultra HD<\/li>\n<li>Capteur: CMOS<\/li>\n<li>Taille maximale de la carte m\u00e9moire: 512 GB<\/li>\n<li>Fonctionne \u00e0 piles: 1 Pol\u00edmero de litio<\/li>\n<li>Cartes M\u00e9moire Compatibles: MicroSD (TransFlash)<\/li>\n<li>Type de batterie: Batterie au lithium rechargeable<\/li>\n<li>Diagonale de l&#8217;\u00e9cran (cm): 54,4 cm<\/li>\n<\/ul>","protected":false},"excerpt":{"rendered":"<p>Si vous \u00eates passionn\u00e9 d&#8217;informatique et d&#8217;\u00e9lectronique, si vous \u00eates \u00e0 la pointe de la technologie et qu&#8217;aucun d\u00e9tail ne vous \u00e9chappe, achetez Cam\u00e9ra de sport Dji Osmo Action 4 Adventure Combo Noir au meilleur prix. Type: Adaptateur Cam\u00e9ra de sport Produit \u00e0 brancher: Oui Couleur: Noir Caract\u00e9ristiques: Microphone int\u00e9gr\u00e9 \u00c9cran integr\u00e9 R\u00e9sistant aux intemp\u00e9ries [&hellip;]<\/p>\n","protected":false},"featured_media":33644,"comment_status":"open","ping_status":"closed","template":"","meta":[],"product_brand":[1240],"product_cat":[1281,600,65],"product_tag":[59,571,163],"class_list":{"0":"post-33650","1":"product","2":"type-product","3":"status-publish","4":"has-post-thumbnail","6":"product_brand-brandp_9678","7":"product_cat-appareils-photo-sport","8":"product_cat-electronique-photo-et-video","9":"product_cat-informatique-electronique","10":"product_tag-tag_1304","11":"product_tag-tag_27","12":"product_tag-tag_17","14":"first","15":"instock","16":"taxable","17":"shipping-taxable","18":"purchasable","19":"product-type-simple"},"_links":{"self":[{"href":"https:\/\/bigbuy.tupique.com\/es\/wp-json\/wp\/v2\/product\/33650","targetHints":{"allow":["GET"]}}],"collection":[{"href":"https:\/\/bigbuy.tupique.com\/es\/wp-json\/wp\/v2\/product"}],"about":[{"href":"https:\/\/bigbuy.tupique.com\/es\/wp-json\/wp\/v2\/types\/product"}],"replies":[{"embeddable":true,"href":"https:\/\/bigbuy.tupique.com\/es\/wp-json\/wp\/v2\/comments?post=33650"}],"wp:featuredmedia":[{"embeddable":true,"href":"https:\/\/bigbuy.tupique.com\/es\/wp-json\/wp\/v2\/media\/33644"}],"wp:attachment":[{"href":"https:\/\/bigbuy.tupique.com\/es\/wp-json\/wp\/v2\/media?parent=33650"}],"wp:term":[{"taxonomy":"product_brand","embeddable":true,"href":"https:\/\/bigbuy.tupique.com\/es\/wp-json\/wp\/v2\/product_brand?post=33650"},{"taxonomy":"product_cat","embeddable":true,"href":"https:\/\/bigbuy.tupique.com\/es\/wp-json\/wp\/v2\/product_cat?post=33650"},{"taxonomy":"product_tag","embeddable":true,"href":"https:\/\/bigbuy.tupique.com\/es\/wp-json\/wp\/v2\/product_tag?post=33650"}],"curies":[{"name":"wp","href":"https:\/\/api.w.org\/{rel}","templated":true}]}}