{"id":33236,"date":"2026-03-30T04:54:25","date_gmt":"2026-03-30T03:54:25","guid":{"rendered":"https:\/\/bigbuy.tupique.com\/produto\/tablet-apple-starlight-11-m3-8-gb-ram-1-tb\/"},"modified":"2026-04-16T19:51:35","modified_gmt":"2026-04-16T18:51:35","slug":"tablet-apple-starlight-11-m3-8-gb-ram-1-tb","status":"publish","type":"product","link":"https:\/\/bigbuy.tupique.com\/es\/produto\/tablet-apple-starlight-11-m3-8-gb-ram-1-tb\/","title":{"rendered":"Tablette Apple starlight 11&#8243; M3 8 GB RAM 1 TB"},"content":{"rendered":"<p>Si vous \u00eates passionn\u00e9 d&#8217;<b>informatique et d&#8217;\u00e9lectronique<\/b>, si vous \u00eates \u00e0 la pointe de la technologie et qu&#8217;aucun d\u00e9tail ne vous \u00e9chappe, achetez <b>Tablette Apple starlight 11&#8243; M3 8 GB RAM 1 TB<\/b> au meilleur prix.<\/p>\n<p>La <b>tablette<\/b> Apple pr\u00e9sente un design \u00e9l\u00e9gant en deux finitions disponibles, <b>bleu<\/b> et <b>beige<\/b>, fabriqu\u00e9e en <b>aluminium<\/b> garantissant l\u00e9g\u00e8ret\u00e9 et r\u00e9sistance. Elle dispose d\u2019un <b>\u00e9cran de 11 pouces<\/b> offrant un large espace visuel adapt\u00e9 aux t\u00e2ches de productivit\u00e9, consommation multim\u00e9dia ou navigation, avec prise en charge des formats haute qualit\u00e9 comme AV1, H.264 et HEVC assurant la compatibilit\u00e9 avec la majorit\u00e9 des contenus audiovisuels actuels. \u00c9quip\u00e9e de <b>8 Go de m\u00e9moire RAM<\/b>, elle offre des performances fluides et rapides en multit\u00e2che et applications exigeantes, tandis que sa capacit\u00e9 de stockage de <b>1 To<\/b> permet de stocker de nombreux fichiers, applications, documents et vid\u00e9os sans limite. Cet appareil int\u00e8gre une connectivit\u00e9 <b>Bluetooth<\/b> pour la synchronisation avec des accessoires sans fil, mais ne dispose pas de connexion r\u00e9seau mobile, son usage d\u00e9pendra donc principalement des r\u00e9seaux Wi-Fi ou d\u2019appareils compatibles. C\u00f4t\u00e9 cam\u00e9ra, elle inclut une cam\u00e9ra frontale con\u00e7ue pour les appels vid\u00e9o et selfies avec une qualit\u00e9 adapt\u00e9e aux communications \u00e0 distance. Les formats audio compatibles incluent AAC, ALAC, FLAC et MP3, garantissant une lecture polyvalente et haute fid\u00e9lit\u00e9, ce qui en fait un outil adapt\u00e9 tant pour la consommation multim\u00e9dia que professionnelle. Dans l\u2019ensemble, il s\u2019agit d\u2019une <b>tablette Apple<\/b> destin\u00e9e aux utilisateurs recherchant un \u00e9quilibre entre grande capacit\u00e9 de stockage, performances solides et exp\u00e9rience visuelle polyvalente, dans un design soign\u00e9 et des mat\u00e9riaux premium.<\/p>\n<ul>\n<li>Type:\n<ul>\n<li>Tablette<\/li>\n<li>Flash<\/li>\n<\/ul>\n<\/li>\n<li>Type de prise: Prise EU<\/li>\n<li>Produit \u00e0 brancher: Oui<\/li>\n<li>Couleur:\n<ul>\n<li>Blanc<\/li>\n<li>Gris<\/li>\n<li>starlight<\/li>\n<li>Bleu<\/li>\n<li>Beige<\/li>\n<\/ul>\n<\/li>\n<li>Caract\u00e9ristiques:\n<ul>\n<li>Anti-trace<\/li>\n<li>Capteur de lumi\u00e8re ambiante<\/li>\n<li>eSIM<\/li>\n<li>Contr\u00f4le vocal<\/li>\n<li>Cam\u00e9ra frontale<\/li>\n<li>Microphone int\u00e9gr\u00e9<\/li>\n<li>Autofocus<\/li>\n<li>2 Haut-parleurs<\/li>\n<li>4 Haut-parleurs<\/li>\n<li>Lecteur d&#8217;empreintes<\/li>\n<li>Boussole \u00e9lectronique<\/li>\n<li>\u00c9cran avec coins arrondis<\/li>\n<\/ul>\n<\/li>\n<li>Zoom Num\u00e9rique: 5x<\/li>\n<li>Rapport d&#8217;aspect: 4:3<\/li>\n<li>Connectivit\u00e9:\n<ul>\n<li>Wi-Fi<\/li>\n<li>Airplay<\/li>\n<li>Wi-Fi 6E ghz<\/li>\n<li>Bluetooth<\/li>\n<li>GPS<\/li>\n<li>Wi-Fi 6 GHz<\/li>\n<li>Bluetooth 5.3<\/li>\n<\/ul>\n<\/li>\n<li>Poids approx.: 460 g<\/li>\n<li>Compatible:\n<ul>\n<li>Windows 10<\/li>\n<li>Windows 11<\/li>\n<li>MAC OS X 10.13 HIGH SIERRA<\/li>\n<li>MAC OS X 10.14 MOJAVE<\/li>\n<li>MAC OS X 10.15 CATALINA<\/li>\n<li>MAC OS X 10.15.3 CATALINA<\/li>\n<li>MAC OS X 11.0 BIG SUR<\/li>\n<li>iPadOS<\/li>\n<\/ul>\n<\/li>\n<li>Inclut: C\u00e2ble USB-C<\/li>\n<li>Gyroscope: Oui<\/li>\n<li>Stabilisateur d&#8217;image: Oui<\/li>\n<li>Acc\u00e9l\u00e9rom\u00e8tre: Oui<\/li>\n<li>Ne contient pas: Mercure<\/li>\n<li>Connexions:\n<ul>\n<li>USB-C 3.2 x 1<\/li>\n<li>USB-C<\/li>\n<li>USB-C 3.2 Gen 2 (3.1 Gen 2)<\/li>\n<\/ul>\n<\/li>\n<li>Formats: AAC<\/li>\n<li>Technologie:\n<ul>\n<li>IPS<\/li>\n<li>LED<\/li>\n<li>Mime<\/li>\n<\/ul>\n<\/li>\n<li>Batterie: Polym\u00e8re de lithium<\/li>\n<li>Syst\u00e8me d&#8217;exploitation:\n<ul>\n<li>iPadOS 15<\/li>\n<li>iPadOS<\/li>\n<li>iOS<\/li>\n<\/ul>\n<\/li>\n<li>Certificat:\n<ul>\n<li>ENERGY STAR<\/li>\n<li>Certification ENERGY STAR<\/li>\n<\/ul>\n<\/li>\n<li>Processeur:\n<ul>\n<li>M3-8100Y<\/li>\n<li>M3<\/li>\n<\/ul>\n<\/li>\n<li>R\u00e9solution:\n<ul>\n<li>264 PPP<\/li>\n<li>12 MP<\/li>\n<li>2360 x 1640 px<\/li>\n<\/ul>\n<\/li>\n<li>R\u00e9solution (px):\n<ul>\n<li>2360 X 1640 PX<\/li>\n<li>3840 x 2160 px<\/li>\n<li>2160 px<\/li>\n<\/ul>\n<\/li>\n<li>Bloc d\u2019Alimentation:\n<ul>\n<li>r\u00e9seau \u00e9lectrique<\/li>\n<li>USB<\/li>\n<\/ul>\n<\/li>\n<li>Cam\u00e9ra\/Appareil Photo:\n<ul>\n<li>12 MP<\/li>\n<li>Arri\u00e8re<\/li>\n<\/ul>\n<\/li>\n<li>Classification \u00e9nerg\u00e9tique: G<\/li>\n<li>Mati\u00e8re: Aluminium<\/li>\n<li>Fonctions:\n<ul>\n<li>Barom\u00e8tre<\/li>\n<li>Acc\u00e9l\u00e9rom\u00e8tre<\/li>\n<li>G\u00e9olocalisation<\/li>\n<\/ul>\n<\/li>\n<li>Ouverture: F\/1,8<\/li>\n<li>M\u00e9moire RAM: 8 GB RAM<\/li>\n<li>Brille: 500 cd\/m2<\/li>\n<li>Non Inclus:\n<ul>\n<li>Adaptateur AC<\/li>\n<li>Connexion au r\u00e9seau mobile<\/li>\n<\/ul>\n<\/li>\n<li>Ecran: 11&#8243;<\/li>\n<li>M\u00e9moire interne: 1 TB<\/li>\n<li>Type de stockage: SSD<\/li>\n<li>Type de batterie: Litio Ion<\/li>\n<li>Noyaux:\n<ul>\n<li>8 Noyaux<\/li>\n<li>16 Noyaux<\/li>\n<\/ul>\n<\/li>\n<li>Diagonale de l&#8217;\u00e9cran (cm): 27,9 cm<\/li>\n<li>Autonomie approx.: 10 heures<\/li>\n<li>Dispositif intelligent: Apple Intelligence<\/li>\n<\/ul>","protected":false},"excerpt":{"rendered":"<p>Si vous \u00eates passionn\u00e9 d&#8217;informatique et d&#8217;\u00e9lectronique, si vous \u00eates \u00e0 la pointe de la technologie et qu&#8217;aucun d\u00e9tail ne vous \u00e9chappe, achetez Tablette Apple starlight 11&#8243; M3 8 GB RAM 1 TB au meilleur prix. La tablette Apple pr\u00e9sente un design \u00e9l\u00e9gant en deux finitions disponibles, bleu et beige, fabriqu\u00e9e en aluminium garantissant l\u00e9g\u00e8ret\u00e9 [&hellip;]<\/p>\n","protected":false},"featured_media":33214,"comment_status":"open","ping_status":"closed","template":"","meta":[],"product_brand":[979],"product_cat":[575,65,1052],"product_tag":[59,566,106],"class_list":{"0":"post-33236","1":"product","2":"type-product","3":"status-publish","4":"has-post-thumbnail","6":"product_brand-brandp_533","7":"product_cat-electronique-telephonie-et-tablettes","8":"product_cat-informatique-electronique","9":"product_cat-tablettes","10":"product_tag-tag_1304","11":"product_tag-tag_547","12":"product_tag-tag_1295","14":"first","15":"instock","16":"taxable","17":"shipping-taxable","18":"purchasable","19":"product-type-simple"},"_links":{"self":[{"href":"https:\/\/bigbuy.tupique.com\/es\/wp-json\/wp\/v2\/product\/33236","targetHints":{"allow":["GET"]}}],"collection":[{"href":"https:\/\/bigbuy.tupique.com\/es\/wp-json\/wp\/v2\/product"}],"about":[{"href":"https:\/\/bigbuy.tupique.com\/es\/wp-json\/wp\/v2\/types\/product"}],"replies":[{"embeddable":true,"href":"https:\/\/bigbuy.tupique.com\/es\/wp-json\/wp\/v2\/comments?post=33236"}],"wp:featuredmedia":[{"embeddable":true,"href":"https:\/\/bigbuy.tupique.com\/es\/wp-json\/wp\/v2\/media\/33214"}],"wp:attachment":[{"href":"https:\/\/bigbuy.tupique.com\/es\/wp-json\/wp\/v2\/media?parent=33236"}],"wp:term":[{"taxonomy":"product_brand","embeddable":true,"href":"https:\/\/bigbuy.tupique.com\/es\/wp-json\/wp\/v2\/product_brand?post=33236"},{"taxonomy":"product_cat","embeddable":true,"href":"https:\/\/bigbuy.tupique.com\/es\/wp-json\/wp\/v2\/product_cat?post=33236"},{"taxonomy":"product_tag","embeddable":true,"href":"https:\/\/bigbuy.tupique.com\/es\/wp-json\/wp\/v2\/product_tag?post=33236"}],"curies":[{"name":"wp","href":"https:\/\/api.w.org\/{rel}","templated":true}]}}