{"id":32933,"date":"2026-03-30T04:37:09","date_gmt":"2026-03-30T03:37:09","guid":{"rendered":"https:\/\/bigbuy.tupique.com\/produto\/smart-tv-toshiba-43uv6f63dg-dled-4k-ultra-hd-43\/"},"modified":"2026-04-16T21:25:26","modified_gmt":"2026-04-16T20:25:26","slug":"smart-tv-toshiba-43uv6f63dg-dled-4k-ultra-hd-43","status":"publish","type":"product","link":"https:\/\/bigbuy.tupique.com\/es\/produto\/smart-tv-toshiba-43uv6f63dg-dled-4k-ultra-hd-43\/","title":{"rendered":"TV intelligente Toshiba 43UV6F63DG DLED 4K Ultra HD 43&#8243;"},"content":{"rendered":"<p>Si vous \u00eates \u00e0 la recherche de nouvelles tendances sur le march\u00e9, nous vous pr\u00e9sentons <b>TV intelligente Toshiba 43UV6F63DG DLED 4K Ultra HD 43&#8243;<\/b> !<\/p>\n<p>Le <b>t\u00e9l\u00e9viseur smart TV Toshiba 43UV6F63DG<\/b> est con\u00e7u pour ceux qui recherchent une exp\u00e9rience visuelle avanc\u00e9e dans un format compact de <b>43 pouces<\/b>. Ce mod\u00e8le offre un <b>\u00e9cran LED avec r\u00e9solution 4K Ultra HD (3840&#215;2160 pixels)<\/b>, garantissant une image nette et d\u00e9taill\u00e9e, id\u00e9ale pour profiter de contenus en haute d\u00e9finition avec des couleurs intenses et un grand r\u00e9alisme. Il int\u00e8gre la technologie <b>Dolby Vision<\/b>, qui am\u00e9liore la plage dynamique et la pr\u00e9cision des couleurs pour des images plus vibrantes et un meilleur contraste, offrant une exp\u00e9rience audiovisuelle sup\u00e9rieure aussi bien pour les films que pour les jeux vid\u00e9o. De plus, il s\u2019agit d\u2019un <b>smart TV<\/b> permettant la connexion \u00e0 Internet et l\u2019acc\u00e8s \u00e0 de nombreuses applications de streaming, facilitant la personnalisation des contenus et le divertissement interactif. Son design en <b>noir<\/b> pr\u00e9sente un format standard qui s\u2019adapte facilement \u00e0 tout espace de la maison. Il dispose de <b>trois ports HDMI<\/b>, facilitant la connexion d\u2019appareils externes tels que consoles, lecteurs ou syst\u00e8mes audio, offrant ainsi une grande polyvalence multim\u00e9dia. C\u00f4t\u00e9 efficacit\u00e9 \u00e9nerg\u00e9tique, il poss\u00e8de la classification <b>E<\/b>, \u00e9quilibrant consommation et performance. En r\u00e9sum\u00e9, le Toshiba 43UV6F63DG est une option fiable pour ceux qui souhaitent un t\u00e9l\u00e9viseur moderne avec une qualit\u00e9 d\u2019image am\u00e9lior\u00e9e et des fonctionnalit\u00e9s intelligentes adapt\u00e9es aux besoins audiovisuels actuels.<\/p>\n<ul>\n<li>Diagonale de l&#8217;\u00e9cran (cm):\n<ul>\n<li>109,2 cm<\/li>\n<li>108 cm<\/li>\n<\/ul>\n<\/li>\n<li>Type: Standard<\/li>\n<li>Couleur: Noir<\/li>\n<li>Caract\u00e9ristiques: TV intelligente<\/li>\n<li>Connectivit\u00e9: Bluetooth<\/li>\n<li>Format: 16:9<\/li>\n<li>Classification \u00e9nerg\u00e9tique: E<\/li>\n<li>Technologie: DLED<\/li>\n<li>Indice de r\u00e9parabilit\u00e9: 5.7<\/li>\n<li>Connexions: HDMI<\/li>\n<li>Rapport d&#8217;aspect: 16:9<\/li>\n<li>VESA: 200 x 200 mm<\/li>\n<li>TV intelligente: Oui<\/li>\n<li>Ecran: 43&#8243;<\/li>\n<li>Fr\u00e9quence: 50 &#8211; 60 Hz<\/li>\n<li>R\u00e9solution: 4K Ultra HD<\/li>\n<li>Formats:\n<ul>\n<li>Dolby Audio<\/li>\n<li>JPEG<\/li>\n<\/ul>\n<\/li>\n<li>R\u00e9cepteur: DVB-C, DVB-T, DVB-T2<\/li>\n<li>Montage: VESA<\/li>\n<li>Compatible:\n<ul>\n<li>VESA 100 x 100<\/li>\n<li>VESA 200 x 200 mm<\/li>\n<\/ul>\n<\/li>\n<li>R\u00e9solution (px): 3840 x 2160 px<\/li>\n<li>Ann\u00e9e: 2024<\/li>\n<\/ul>","protected":false},"excerpt":{"rendered":"<p>Si vous \u00eates \u00e0 la recherche de nouvelles tendances sur le march\u00e9, nous vous pr\u00e9sentons TV intelligente Toshiba 43UV6F63DG DLED 4K Ultra HD 43&#8243; ! Le t\u00e9l\u00e9viseur smart TV Toshiba 43UV6F63DG est con\u00e7u pour ceux qui recherchent une exp\u00e9rience visuelle avanc\u00e9e dans un format compact de 43 pouces. Ce mod\u00e8le offre un \u00e9cran LED avec [&hellip;]<\/p>\n","protected":false},"featured_media":32927,"comment_status":"open","ping_status":"closed","template":"","meta":[],"product_brand":[1073],"product_cat":[589,65,957],"product_tag":[59],"class_list":{"0":"post-32933","1":"product","2":"type-product","3":"status-publish","4":"has-post-thumbnail","6":"product_brand-brandp_584","7":"product_cat-electronique-television","8":"product_cat-informatique-electronique","9":"product_cat-televisions-et-smart-tv","10":"product_tag-tag_1304","12":"first","13":"instock","14":"taxable","15":"shipping-taxable","16":"purchasable","17":"product-type-simple"},"_links":{"self":[{"href":"https:\/\/bigbuy.tupique.com\/es\/wp-json\/wp\/v2\/product\/32933","targetHints":{"allow":["GET"]}}],"collection":[{"href":"https:\/\/bigbuy.tupique.com\/es\/wp-json\/wp\/v2\/product"}],"about":[{"href":"https:\/\/bigbuy.tupique.com\/es\/wp-json\/wp\/v2\/types\/product"}],"replies":[{"embeddable":true,"href":"https:\/\/bigbuy.tupique.com\/es\/wp-json\/wp\/v2\/comments?post=32933"}],"wp:featuredmedia":[{"embeddable":true,"href":"https:\/\/bigbuy.tupique.com\/es\/wp-json\/wp\/v2\/media\/32927"}],"wp:attachment":[{"href":"https:\/\/bigbuy.tupique.com\/es\/wp-json\/wp\/v2\/media?parent=32933"}],"wp:term":[{"taxonomy":"product_brand","embeddable":true,"href":"https:\/\/bigbuy.tupique.com\/es\/wp-json\/wp\/v2\/product_brand?post=32933"},{"taxonomy":"product_cat","embeddable":true,"href":"https:\/\/bigbuy.tupique.com\/es\/wp-json\/wp\/v2\/product_cat?post=32933"},{"taxonomy":"product_tag","embeddable":true,"href":"https:\/\/bigbuy.tupique.com\/es\/wp-json\/wp\/v2\/product_tag?post=32933"}],"curies":[{"name":"wp","href":"https:\/\/api.w.org\/{rel}","templated":true}]}}