{"id":32837,"date":"2026-03-30T04:31:12","date_gmt":"2026-03-30T03:31:12","guid":{"rendered":"https:\/\/bigbuy.tupique.com\/produto\/vacuum-cleaner-thomas-aquatic-jet-1700-w\/"},"modified":"2026-04-16T21:25:27","modified_gmt":"2026-04-16T20:25:27","slug":"vacuum-cleaner-thomas-aquatic-jet-1700-w","status":"publish","type":"product","link":"https:\/\/bigbuy.tupique.com\/es\/produto\/vacuum-cleaner-thomas-aquatic-jet-1700-w\/","title":{"rendered":"Aspirateur Thomas Aquatic Jet 1700 W"},"content":{"rendered":"<p>Si vous \u00eates \u00e0 la recherche de nouvelles tendances sur le march\u00e9, nous vous pr\u00e9sentons <b>Aspirateur Thomas Aquatic Jet 1700 W<\/b> !<\/p>\n<p>Le <b>Aspirateur Aquatic Jet<\/b> de la marque Thomas est un appareil polyvalent con\u00e7u pour offrir un nettoyage efficace et en profondeur gr\u00e2ce \u00e0 sa fonction 2 en 1, \u00e0 la fois d\u00e9tachant et aspirateur classique. Avec une <b>puissance maximale de 1700 W<\/b>, il garantit une performance \u00e9lev\u00e9e pour \u00e9liminer les salet\u00e9s incrust\u00e9es sur diff\u00e9rentes surfaces avec efficacit\u00e9. Il est aliment\u00e9 par le <b>secteur \u00e9lectrique<\/b>, assurant une utilisation stable et continue sans besoin de recharge. Son design int\u00e8gre un syst\u00e8me maintenant un <b>niveau sonore de 83 dB<\/b>, un chiffre ma\u00eetris\u00e9 dans la gamme des aspirateurs haute performance, assurant un fonctionnement relativement silencieux et r\u00e9duisant les nuisances dans l\u2019environnement domestique. Le Thomas Aquatic Jet se distingue par sa capacit\u00e9 \u00e0 traiter les taches tenaces et \u00e0 offrir un nettoyage en profondeur avec une puissance professionnelle, tout en conservant la commodit\u00e9 et la facilit\u00e9 d\u2019utilisation d\u2019un appareil domestique. Cet aspirateur repr\u00e9sente une solution pratique pour ceux qui recherchent un appareil multifonction capable de g\u00e9rer aussi bien les nettoyages courants que les t\u00e2ches plus exigeantes sur diverses surfaces. En r\u00e9sum\u00e9, l\u2019Aquatic Jet est une option \u00e9quilibr\u00e9e qui combine puissance, fonctionnalit\u00e9 et une utilisation adapt\u00e9e dans le segment des aspirateurs d\u00e9tachants.<\/p>\n<ul>\n<li>Produit \u00e0 brancher: Oui<\/li>\n<li>Type de prise: Prise EU<\/li>\n<li>puissance: 1700 W<\/li>\n<li>Bloc d\u2019Alimentation: r\u00e9seau \u00e9lectrique<\/li>\n<li>Niveau sonore: 83 dB<\/li>\n<li>Caract\u00e9ristiques:\n<ul>\n<li>2 en 1<\/li>\n<li>D\u00e9tachant<\/li>\n<\/ul>\n<\/li>\n<li>Volume sonore: Sans qualification<\/li>\n<\/ul>","protected":false},"excerpt":{"rendered":"<p>Si vous \u00eates \u00e0 la recherche de nouvelles tendances sur le march\u00e9, nous vous pr\u00e9sentons Aspirateur Thomas Aquatic Jet 1700 W ! Le Aspirateur Aquatic Jet de la marque Thomas est un appareil polyvalent con\u00e7u pour offrir un nettoyage efficace et en profondeur gr\u00e2ce \u00e0 sa fonction 2 en 1, \u00e0 la fois d\u00e9tachant et [&hellip;]<\/p>\n","protected":false},"featured_media":152054,"comment_status":"open","ping_status":"closed","template":"","meta":[],"product_brand":[1299],"product_cat":[762,239,240],"product_tag":[59,56],"class_list":{"0":"post-32837","1":"product","2":"type-product","3":"status-publish","4":"has-post-thumbnail","6":"product_brand-brandp_10657","7":"product_cat-aspirateurs-et-robots","8":"product_cat-maison-jardin","9":"product_cat-nettoyage-aspirateur-et-repassage","10":"product_tag-tag_1304","11":"product_tag-tag_930","13":"first","14":"instock","15":"taxable","16":"shipping-taxable","17":"purchasable","18":"product-type-simple"},"_links":{"self":[{"href":"https:\/\/bigbuy.tupique.com\/es\/wp-json\/wp\/v2\/product\/32837","targetHints":{"allow":["GET"]}}],"collection":[{"href":"https:\/\/bigbuy.tupique.com\/es\/wp-json\/wp\/v2\/product"}],"about":[{"href":"https:\/\/bigbuy.tupique.com\/es\/wp-json\/wp\/v2\/types\/product"}],"replies":[{"embeddable":true,"href":"https:\/\/bigbuy.tupique.com\/es\/wp-json\/wp\/v2\/comments?post=32837"}],"wp:featuredmedia":[{"embeddable":true,"href":"https:\/\/bigbuy.tupique.com\/es\/wp-json\/wp\/v2\/media\/152054"}],"wp:attachment":[{"href":"https:\/\/bigbuy.tupique.com\/es\/wp-json\/wp\/v2\/media?parent=32837"}],"wp:term":[{"taxonomy":"product_brand","embeddable":true,"href":"https:\/\/bigbuy.tupique.com\/es\/wp-json\/wp\/v2\/product_brand?post=32837"},{"taxonomy":"product_cat","embeddable":true,"href":"https:\/\/bigbuy.tupique.com\/es\/wp-json\/wp\/v2\/product_cat?post=32837"},{"taxonomy":"product_tag","embeddable":true,"href":"https:\/\/bigbuy.tupique.com\/es\/wp-json\/wp\/v2\/product_tag?post=32837"}],"curies":[{"name":"wp","href":"https:\/\/api.w.org\/{rel}","templated":true}]}}