{"id":32640,"date":"2026-03-30T04:25:24","date_gmt":"2026-03-30T03:25:24","guid":{"rendered":"https:\/\/bigbuy.tupique.com\/produto\/original-ink-cartridge-hp-yellow-magenta\/"},"modified":"2026-04-16T18:45:41","modified_gmt":"2026-04-16T17:45:41","slug":"original-ink-cartridge-hp-yellow-magenta","status":"publish","type":"product","link":"https:\/\/bigbuy.tupique.com\/es\/produto\/original-ink-cartridge-hp-yellow-magenta\/","title":{"rendered":"Cartouche d&#8217;encre originale HP Jaune Magenta"},"content":{"rendered":"<p>Si vous \u00eates passionn\u00e9 d&#8217;<b>informatique et d&#8217;\u00e9lectronique<\/b>, si vous \u00eates \u00e0 la pointe de la technologie et qu&#8217;aucun d\u00e9tail ne vous \u00e9chappe, achetez <b>Cartouche d&#8217;encre originale HP Jaune Magenta<\/b> au meilleur prix.<\/p>\n<p>La <b>cartouche d\u2019encre originale M0J98AE<\/b> de <b>HP<\/b> est con\u00e7ue sp\u00e9cifiquement pour offrir une impression de haute qualit\u00e9 sur les appareils compatibles de la marque, y compris les mod\u00e8les <b>HP 755 et 772<\/b>. Cette cartouche combine les encres <b>jaune et magenta<\/b>, essentielles pour une reproduction pr\u00e9cise et vive des couleurs dans les textes et graphiques. En tant que consommable original, elle garantit des performances optimales et une durabilit\u00e9 sup\u00e9rieure par rapport aux alternatives g\u00e9n\u00e9riques, aidant \u00e0 \u00e9viter les probl\u00e8mes fr\u00e9quents tels que les bourrages ou impressions floues. Sa formulation sp\u00e9cifique permet une bonne adh\u00e9rence et un s\u00e9chage rapide sur diff\u00e9rentes surfaces, am\u00e9liorant la nettet\u00e9 et la r\u00e9sistance \u00e0 l\u2019usure. Gr\u00e2ce \u00e0 sa parfaite compatibilit\u00e9 avec les imprimantes HP, elle s\u2019int\u00e8gre facilement au syst\u00e8me de gestion d\u2019encre, offrant un contr\u00f4le efficace du niveau d\u2019encre disponible et \u00e9vitant les interruptions impr\u00e9vues lors de l\u2019impression. Ce produit convient aussi bien aux environnements professionnels que domestiques o\u00f9 la qualit\u00e9 des couleurs et la fiabilit\u00e9 sont prioritaires, assurant des documents et supports graphiques avec des finitions uniformes et constantes. En r\u00e9sum\u00e9, la cartouche <b>M0J98AE originale HP jaune et magenta<\/b> est une solution technique fiable et efficace pour les utilisateurs souhaitant maintenir les performances de leur imprimante avec des encres qui maximisent la qualit\u00e9 des couleurs et la durabilit\u00e9 de l\u2019\u00e9quipement.<\/p>\n<ul>\n<li>Type:\n<ul>\n<li>Original<\/li>\n<li>Cartouche d&#8217;encre originale<\/li>\n<\/ul>\n<\/li>\n<li>Hauteur: 48 mm<\/li>\n<li>Unit\u00e9s: 1 Unit\u00e9<\/li>\n<li>Capacit\u00e9: 16000 Pages<\/li>\n<li>Poids: 370 g<\/li>\n<li>Technologie: Inkjet<\/li>\n<li>Compatible:\n<ul>\n<li>PAGEWIDE MFP 772DN<\/li>\n<li>PAGEWIDE 777Z<\/li>\n<li>Pagewide Color 755dn<\/li>\n<li>Pagewide Color Mfp 774dn<\/li>\n<li>Imprimante<\/li>\n<li>HP<\/li>\n<\/ul>\n<\/li>\n<li>Couleur:\n<ul>\n<li>Jaune<\/li>\n<li>Magenta<\/li>\n<\/ul>\n<\/li>\n<li>Poids approx.: 370 g<\/li>\n<li>Caract\u00e9ristiques: Original<\/li>\n<\/ul>\n<p><\/p>\n<p>Id\u00e9al pour 5 \u00e0 20 personnes ayant besoin d\u2019imprimer entre 15 000 et 50 000 pages par mois et qui ont besoin d\u2019une cartouche d\u2019encre de couleur \u00e0 un prix abordable et d\u2019une disponibilit\u00e9 maximale.<br \/>\nVous pouvez compter sur des impressions couleur de qualit\u00e9 professionnelle pour un excellent rapport qualit\u00e9-prix et obtenir les r\u00e9sultats que vous attendez \u00e0 chaque impression. Les cartouches HP PageWide con\u00e7ues par HP offrent des performances d\u2019impression constantes et une excellente qualit\u00e9, le tout \u00e0 un prix abordable exig\u00e9 par les entreprises.<\/p>\n<p><\/p>\n<ul>\n<li>Type: Original<\/li>\n<li>Couleurs d&#8217;impression: Jaune<\/li>\n<li>Compatibilit\u00e9 de marque: HP<\/li>\n<li>Compatibilit\u00e9: HP PageWide 774, 779 \/ HP PageWide Pro 750, 755, 772, 777<\/li>\n<li>Quantit\u00e9: 1 pi\u00e8ce(s)<\/li>\n<li>Type d\u2019encre de couleur: Encre \u00e0 pigments<\/li>\n<li>Quantit\u00e9 de cartouches d&#8217;encre de couleur: 1<\/li>\n<li>Volume d&#8217;encre de couleur: 182 ml<\/li>\n<li>Rendement par page d&#8217;encre de couleur: 16000 pages<\/li>\n<li>Type de cartouche d&#8217;encre: Rendement \u00e9lev\u00e9 (XL)<\/li>\n<li>Type d&#8217;encre: Encre \u00e0 pigments<\/li>\n<li>Code OEM: M0J98AE<\/li>\n<li>Segment HP: Professionnel, Entreprise<\/li>\n<li>Largeur: 220 mm<\/li>\n<li>Profondeur: 52 mm<\/li>\n<li>Hauteur: 48 mm<\/li>\n<li>Poids: 370 g<\/li>\n<li>Largeur du colis: 220 mm<\/li>\n<li>Profondeur du colis: 52 mm<\/li>\n<li>Hauteur du colis: 48 mm<\/li>\n<li>Poids du paquet: 390 g<\/li>\n<\/ul>","protected":false},"excerpt":{"rendered":"<p><span class=\"unit-info\">348.9900 &euro; \/ 1 unit<\/span><\/p>","protected":false},"featured_media":32623,"comment_status":"open","ping_status":"closed","template":"","meta":[],"product_brand":[630],"product_cat":[595,65,581],"product_tag":[213,59,106],"class_list":{"0":"post-32640","1":"product","2":"type-product","3":"status-publish","4":"has-post-thumbnail","6":"product_brand-brandp_909","7":"product_cat-cartouches-d-encre-originale","8":"product_cat-informatique-electronique","9":"product_cat-informatique-peripheriques-et-consommables","10":"product_tag-tag_933","11":"product_tag-tag_1304","12":"product_tag-tag_1295","14":"first","15":"instock","16":"taxable","17":"shipping-taxable","18":"purchasable","19":"product-type-simple"},"_links":{"self":[{"href":"https:\/\/bigbuy.tupique.com\/es\/wp-json\/wp\/v2\/product\/32640","targetHints":{"allow":["GET"]}}],"collection":[{"href":"https:\/\/bigbuy.tupique.com\/es\/wp-json\/wp\/v2\/product"}],"about":[{"href":"https:\/\/bigbuy.tupique.com\/es\/wp-json\/wp\/v2\/types\/product"}],"replies":[{"embeddable":true,"href":"https:\/\/bigbuy.tupique.com\/es\/wp-json\/wp\/v2\/comments?post=32640"}],"wp:featuredmedia":[{"embeddable":true,"href":"https:\/\/bigbuy.tupique.com\/es\/wp-json\/wp\/v2\/media\/32623"}],"wp:attachment":[{"href":"https:\/\/bigbuy.tupique.com\/es\/wp-json\/wp\/v2\/media?parent=32640"}],"wp:term":[{"taxonomy":"product_brand","embeddable":true,"href":"https:\/\/bigbuy.tupique.com\/es\/wp-json\/wp\/v2\/product_brand?post=32640"},{"taxonomy":"product_cat","embeddable":true,"href":"https:\/\/bigbuy.tupique.com\/es\/wp-json\/wp\/v2\/product_cat?post=32640"},{"taxonomy":"product_tag","embeddable":true,"href":"https:\/\/bigbuy.tupique.com\/es\/wp-json\/wp\/v2\/product_tag?post=32640"}],"curies":[{"name":"wp","href":"https:\/\/api.w.org\/{rel}","templated":true}]}}