{"id":32550,"date":"2026-03-30T04:15:19","date_gmt":"2026-03-30T03:15:19","guid":{"rendered":"https:\/\/bigbuy.tupique.com\/produto\/thermal-printer-bixolon-xd5-40tebk-beg\/"},"modified":"2026-05-11T19:59:43","modified_gmt":"2026-05-11T17:59:43","slug":"thermal-printer-bixolon-xd5-40tebk-beg","status":"publish","type":"product","link":"https:\/\/bigbuy.tupique.com\/es\/produto\/thermal-printer-bixolon-xd5-40tebk-beg\/","title":{"rendered":"Imprimante Thermique Bixolon XD5-40TEBK\/BEG"},"content":{"rendered":"<p>Si vous \u00eates passionn\u00e9 d&#8217;<b>informatique et d&#8217;\u00e9lectronique<\/b>, si vous \u00eates \u00e0 la pointe de la technologie et qu&#8217;aucun d\u00e9tail ne vous \u00e9chappe, achetez <b>Imprimante Thermique Bixolon XD5-40TEBK\/BEG<\/b> au meilleur prix.<\/p>\n<p>La <b>Bixolon XD5-40TEBK\/BEG<\/b> est une <b>imprimante thermique<\/b> con\u00e7ue pour les environnements professionnels n\u00e9cessitant une solution efficace et polyvalente pour l\u2019impression de re\u00e7us et tickets. Ce mod\u00e8le se distingue par sa connectivit\u00e9 via <b>ports s\u00e9rie, Ethernet et Bluetooth<\/b>, permettant une int\u00e9gration flexible avec divers syst\u00e8mes et appareils en points de vente ou applications similaires. Son <b>design compact et robuste en noir<\/b> facilite son installation dans des espaces r\u00e9duits, tandis que la connexion \u00e9lectrique avec <b>prise de type EU<\/b> assure une compatibilit\u00e9 imm\u00e9diate dans les installations r\u00e9gionales. Gr\u00e2ce \u00e0 sa technologie thermique, la <b>imprimante Bixolon XD5-40TEBK\/BEG<\/b> offre des impressions rapides, silencieuses et sans encre, garantissant durabilit\u00e9 et co\u00fbt r\u00e9duit en consommables. Cet \u00e9quipement convient aux commerces, restauration ou tout secteur n\u00e9cessitant une impression fiable et de qualit\u00e9 avec support r\u00e9seau et options sans fil, \u00e9largissant les possibilit\u00e9s de connexion selon les besoins de l\u2019utilisateur. En r\u00e9sum\u00e9, la <b>Bixolon XD5-40TEBK\/BEG<\/b> allie flexibilit\u00e9, performance et facilit\u00e9 d\u2019usage dans un appareil destin\u00e9 aux professionnels recherchant une <b>imprimante thermique efficace et multimodale en connectivit\u00e9<\/b>.<\/p>\n<ul>\n<li>Type:\n<ul>\n<li>Imprimante Thermique<\/li>\n<li>Sans fil<\/li>\n<\/ul>\n<\/li>\n<li>Produit \u00e0 brancher: Oui<\/li>\n<li>Type de prise: Prise EU<\/li>\n<li>Bloc d\u2019Alimentation: r\u00e9seau \u00e9lectrique<\/li>\n<li>Couleur: Noir<\/li>\n<li>Largeur: 210 mm<\/li>\n<li>Caract\u00e9ristiques: \u00c9cran integr\u00e9<\/li>\n<li>R\u00e9solution d&#8217;image maximale: 203 x 203 dpi<\/li>\n<li>Technologie: Thermique<\/li>\n<li>Inclut: C\u00e2ble USB<\/li>\n<li>M\u00e9moire Flash: 128 MB<\/li>\n<\/ul>","protected":false},"excerpt":{"rendered":"<p>Si vous \u00eates passionn\u00e9 d&#8217;informatique et d&#8217;\u00e9lectronique, si vous \u00eates \u00e0 la pointe de la technologie et qu&#8217;aucun d\u00e9tail ne vous \u00e9chappe, achetez Imprimante Thermique Bixolon XD5-40TEBK\/BEG au meilleur prix. La Bixolon XD5-40TEBK\/BEG est une imprimante thermique con\u00e7ue pour les environnements professionnels n\u00e9cessitant une solution efficace et polyvalente pour l\u2019impression de re\u00e7us et tickets. Ce [&hellip;]<\/p>\n","protected":false},"featured_media":32547,"comment_status":"open","ping_status":"closed","template":"","meta":[],"product_brand":[1071],"product_cat":[592,65,581],"product_tag":[210],"class_list":{"0":"post-32550","1":"product","2":"type-product","3":"status-publish","4":"has-post-thumbnail","6":"product_brand-brandp_618","7":"product_cat-imprimantes","8":"product_cat-informatique-electronique","9":"product_cat-informatique-peripheriques-et-consommables","10":"product_tag-tag_25","12":"first","13":"instock","14":"taxable","15":"shipping-taxable","16":"purchasable","17":"product-type-simple"},"_links":{"self":[{"href":"https:\/\/bigbuy.tupique.com\/es\/wp-json\/wp\/v2\/product\/32550","targetHints":{"allow":["GET"]}}],"collection":[{"href":"https:\/\/bigbuy.tupique.com\/es\/wp-json\/wp\/v2\/product"}],"about":[{"href":"https:\/\/bigbuy.tupique.com\/es\/wp-json\/wp\/v2\/types\/product"}],"replies":[{"embeddable":true,"href":"https:\/\/bigbuy.tupique.com\/es\/wp-json\/wp\/v2\/comments?post=32550"}],"wp:featuredmedia":[{"embeddable":true,"href":"https:\/\/bigbuy.tupique.com\/es\/wp-json\/wp\/v2\/media\/32547"}],"wp:attachment":[{"href":"https:\/\/bigbuy.tupique.com\/es\/wp-json\/wp\/v2\/media?parent=32550"}],"wp:term":[{"taxonomy":"product_brand","embeddable":true,"href":"https:\/\/bigbuy.tupique.com\/es\/wp-json\/wp\/v2\/product_brand?post=32550"},{"taxonomy":"product_cat","embeddable":true,"href":"https:\/\/bigbuy.tupique.com\/es\/wp-json\/wp\/v2\/product_cat?post=32550"},{"taxonomy":"product_tag","embeddable":true,"href":"https:\/\/bigbuy.tupique.com\/es\/wp-json\/wp\/v2\/product_tag?post=32550"}],"curies":[{"name":"wp","href":"https:\/\/api.w.org\/{rel}","templated":true}]}}