{"id":32521,"date":"2026-03-30T04:14:30","date_gmt":"2026-03-30T03:14:30","guid":{"rendered":"https:\/\/bigbuy.tupique.com\/produto\/smartphone-samsung-galaxy-z-flip7-fe-67-octa-core-8-gb-ram-128-gb-white\/"},"modified":"2026-04-16T20:51:32","modified_gmt":"2026-04-16T19:51:32","slug":"smartphone-samsung-galaxy-z-flip7-fe-67-octa-core-8-gb-ram-128-gb-white","status":"publish","type":"product","link":"https:\/\/bigbuy.tupique.com\/es\/produto\/smartphone-samsung-galaxy-z-flip7-fe-67-octa-core-8-gb-ram-128-gb-white\/","title":{"rendered":"Smartphone Samsung Galaxy Z Flip7 FE 6,7&#8243; Octa Core 8 GB RAM 128 GB Blanc"},"content":{"rendered":"<p>Si vous \u00eates passionn\u00e9 d&#8217;<b>informatique et d&#8217;\u00e9lectronique<\/b>, si vous \u00eates \u00e0 la pointe de la technologie et qu&#8217;aucun d\u00e9tail ne vous \u00e9chappe, achetez <b>Smartphone Samsung Galaxy Z Flip7 FE 6,7&#8243; Octa Core 8 GB RAM 128 GB Blanc<\/b> au meilleur prix.<\/p>\n<p>Le <b>smartphone Samsung Galaxy Z Flip7 FE<\/b> combine le format pliable \u00e0 clapet avec des performances haut de gamme dans un design compact et fonctionnel de couleur <b>blanche<\/b>. Son ch\u00e2ssis int\u00e8gre un <b>\u00e9cran principal Dynamic AMOLED 2X de 6,7&#8243;<\/b> avec une r\u00e9solution de <b>2640 x 1080 px<\/b> et un taux de rafra\u00eechissement adaptable de <b>60\/120 Hz<\/b>, con\u00e7u pour offrir une exp\u00e9rience fluide dans les applications, les vid\u00e9os et les jeux, tandis que l\u2019<b>\u00e9cran externe Super AMOLED de 3,4&#8243;<\/b> et r\u00e9solution <b>720 x 748 px<\/b> permet de consulter les notifications, contr\u00f4ler la musique ou utiliser l\u2019appareil photo sans d\u00e9plier le smartphone. Pour la photo, il int\u00e8gre un appareil principal de <b>50 MP<\/b> avec une grande ouverture <b>f\/1,8<\/b>, compl\u00e9t\u00e9 par un ultra grand\u2011angle de <b>12 MP<\/b> et une cam\u00e9ra frontale de <b>10 MP<\/b>, avec <b>mise au point automatique<\/b>, zoom jusqu\u2019\u00e0 <b>10x<\/b> et fonctions avanc\u00e9es pour am\u00e9liorer le niveau de d\u00e9tail et les performances en basse lumi\u00e8re, prises en charge par l\u2019enregistrement vid\u00e9o jusqu\u2019en <b>4K (3840 x 2160 px)<\/b>. Les performances sont assur\u00e9es par le processeur <b>Exynos 2400<\/b> jusqu\u2019\u00e0 <b>3,3 GHz<\/b> et <b>10 c\u0153urs<\/b>, combin\u00e9 \u00e0 <b>8 Go de RAM<\/b> et <b>128 Go de stockage interne<\/b>, offrant un multit\u00e2che stable sous <b>Android<\/b> avec une connectivit\u00e9 de derni\u00e8re g\u00e9n\u00e9ration. Pour les r\u00e9seaux et connexions, il comprend la <b>5G<\/b>, le <b>NFC<\/b> pour les paiements mobiles, l\u2019<b>eSIM<\/b>, le Wi\u2011Fi, le Bluetooth et un port <b>USB\u2011C<\/b>, ainsi qu\u2019un <b>lecteur d\u2019empreinte digitale<\/b> pour un d\u00e9verrouillage s\u00e9curis\u00e9. La batterie de <b>4000 mAh<\/b> prend en charge la <b>charge rapide 25 W<\/b> par c\u00e2ble et la <b>charge sans fil 15 W<\/b>, avec des technologies de <b>charge rapide et s\u00e9curis\u00e9e<\/b> adapt\u00e9es \u00e0 un usage intensif tout au long de la journ\u00e9e. L\u2019ensemble est prot\u00e9g\u00e9 par le <b>Corning Gorilla Glass<\/b> et un design pliable soign\u00e9 qui \u00e9quilibre r\u00e9sistance et l\u00e9g\u00e8ret\u00e9, pour un poids d\u2019environ <b>187 g<\/b>. Il est livr\u00e9 avec un <b>adaptateur secteur (prise UE)<\/b>, un <b>c\u00e2ble USB A vers USB\u2011C<\/b> et, selon la variante, un c\u00e2ble <b>USB Type\u2011C vers USB Type\u2011C<\/b>, constituant une solution compl\u00e8te pour ceux qui recherchent un smartphone pliable polyvalent avec \u00e9cran de haut niveau et connectivit\u00e9 avanc\u00e9e dans l\u2019\u00e9cosyst\u00e8me Samsung.<\/p>\n<ul>\n<li>Diagonale de l&#8217;\u00e9cran (cm):\n<ul>\n<li>17 cm<\/li>\n<li>190,5 cm<\/li>\n<li>17,5 cm<\/li>\n<\/ul>\n<\/li>\n<li>Produit \u00e0 brancher: Oui<\/li>\n<li>Type: Smartphone<\/li>\n<li>Type de prise: Prise EU<\/li>\n<li>Caract\u00e9ristiques:\n<ul>\n<li>St\u00e9r\u00e9o<\/li>\n<li>Chargement rapide<\/li>\n<li>Autofocus<\/li>\n<li>Chargement rapide et fiable<\/li>\n<li>Chargeur sans fil<\/li>\n<li>Lecteur d&#8217;empreintes<\/li>\n<\/ul>\n<\/li>\n<li>Technologie:\n<ul>\n<li>Super AMOLED<\/li>\n<li>Corning Gorilla Glass<\/li>\n<li>52.1 Dynamic AMOLED 2X<\/li>\n<\/ul>\n<\/li>\n<li>Bloc d\u2019Alimentation:\n<ul>\n<li>r\u00e9seau \u00e9lectrique<\/li>\n<li>USB<\/li>\n<\/ul>\n<\/li>\n<li>Chargeur sans fil: Oui<\/li>\n<li>Stabilisateur d&#8217;image: Oui<\/li>\n<li>Poids approx.: 187 g<\/li>\n<li>Inclut:\n<ul>\n<li>C\u00e2ble USB A vers USB-C<\/li>\n<li>USB Type-C &#8211; USB Type-C<\/li>\n<\/ul>\n<\/li>\n<li>Fr\u00e9quence:\n<ul>\n<li>60 Hz<\/li>\n<li>120 Hz<\/li>\n<\/ul>\n<\/li>\n<li>R\u00e9solution (px):\n<ul>\n<li>2640 x 1080 px<\/li>\n<li>720 X 748 PX<\/li>\n<li>1080 px<\/li>\n<li>3840 x 2160 px<\/li>\n<\/ul>\n<\/li>\n<li>vitesse: 3,3 ghz<\/li>\n<li>Ecran:\n<ul>\n<li>3,4&#8243;<\/li>\n<li>6,9&#8243;<\/li>\n<li>6,7&#8243;<\/li>\n<li>75&#8243;<\/li>\n<\/ul>\n<\/li>\n<li>Puissance de charge: 15 W<\/li>\n<li>Processeur:\n<ul>\n<li>Exynos 2400<\/li>\n<li>Octa Core<\/li>\n<\/ul>\n<\/li>\n<li>Capacit\u00e9 de la batterie: 4000 mAh<\/li>\n<li>Syst\u00e8me d&#8217;exploitation: Android<\/li>\n<li>Connectivit\u00e9:\n<ul>\n<li>NFC<\/li>\n<li>5G<\/li>\n<li>eSIM<\/li>\n<\/ul>\n<\/li>\n<li>Cam\u00e9ra\/Appareil Photo:\n<ul>\n<li>50 Mp<\/li>\n<li>Dual<\/li>\n<li>12 MP<\/li>\n<li>Frontal<\/li>\n<li>10 Mp<\/li>\n<\/ul>\n<\/li>\n<li>Connexions: USB-C<\/li>\n<li>M\u00e9moire RAM: 8 GB RAM<\/li>\n<li>M\u00e9moire interne: 128 GB<\/li>\n<li>Couleur: Blanc<\/li>\n<li>Zoom Num\u00e9rique: 10x<\/li>\n<li>Rapport d&#8217;aspect: 16:9<\/li>\n<li>Classification \u00e9nerg\u00e9tique: B<\/li>\n<li>Ouverture: F\/1,8<\/li>\n<li>Fonctions: ECO<\/li>\n<li>R\u00e9solution: 1080 p<\/li>\n<li>Non Inclus: Adaptateur AC<\/li>\n<li>Noyaux: 10 Noyaux<\/li>\n<\/ul>","protected":false},"excerpt":{"rendered":"<p>Si vous \u00eates passionn\u00e9 d&#8217;informatique et d&#8217;\u00e9lectronique, si vous \u00eates \u00e0 la pointe de la technologie et qu&#8217;aucun d\u00e9tail ne vous \u00e9chappe, achetez Smartphone Samsung Galaxy Z Flip7 FE 6,7&#8243; Octa Core 8 GB RAM 128 GB Blanc au meilleur prix. Le smartphone Samsung Galaxy Z Flip7 FE combine le format pliable \u00e0 clapet avec [&hellip;]<\/p>\n","protected":false},"featured_media":194227,"comment_status":"open","ping_status":"closed","template":"","meta":[],"product_brand":[183],"product_cat":[575,65,960],"product_tag":[213,566,106],"class_list":{"0":"post-32521","1":"product","2":"type-product","3":"status-publish","4":"has-post-thumbnail","6":"product_brand-brandp_576","7":"product_cat-electronique-telephonie-et-tablettes","8":"product_cat-informatique-electronique","9":"product_cat-telephones-portables","10":"product_tag-tag_933","11":"product_tag-tag_547","12":"product_tag-tag_1295","14":"first","15":"instock","16":"taxable","17":"shipping-taxable","18":"purchasable","19":"product-type-simple"},"_links":{"self":[{"href":"https:\/\/bigbuy.tupique.com\/es\/wp-json\/wp\/v2\/product\/32521","targetHints":{"allow":["GET"]}}],"collection":[{"href":"https:\/\/bigbuy.tupique.com\/es\/wp-json\/wp\/v2\/product"}],"about":[{"href":"https:\/\/bigbuy.tupique.com\/es\/wp-json\/wp\/v2\/types\/product"}],"replies":[{"embeddable":true,"href":"https:\/\/bigbuy.tupique.com\/es\/wp-json\/wp\/v2\/comments?post=32521"}],"wp:featuredmedia":[{"embeddable":true,"href":"https:\/\/bigbuy.tupique.com\/es\/wp-json\/wp\/v2\/media\/194227"}],"wp:attachment":[{"href":"https:\/\/bigbuy.tupique.com\/es\/wp-json\/wp\/v2\/media?parent=32521"}],"wp:term":[{"taxonomy":"product_brand","embeddable":true,"href":"https:\/\/bigbuy.tupique.com\/es\/wp-json\/wp\/v2\/product_brand?post=32521"},{"taxonomy":"product_cat","embeddable":true,"href":"https:\/\/bigbuy.tupique.com\/es\/wp-json\/wp\/v2\/product_cat?post=32521"},{"taxonomy":"product_tag","embeddable":true,"href":"https:\/\/bigbuy.tupique.com\/es\/wp-json\/wp\/v2\/product_tag?post=32521"}],"curies":[{"name":"wp","href":"https:\/\/api.w.org\/{rel}","templated":true}]}}