{"id":32471,"date":"2026-03-30T04:13:10","date_gmt":"2026-03-30T03:13:10","guid":{"rendered":"https:\/\/bigbuy.tupique.com\/produto\/kvm-switch-startech-p2addh462-kvm-switch\/"},"modified":"2026-04-16T10:11:18","modified_gmt":"2026-04-16T09:11:18","slug":"kvm-switch-startech-p2addh462-kvm-switch","status":"publish","type":"product","link":"https:\/\/bigbuy.tupique.com\/es\/produto\/kvm-switch-startech-p2addh462-kvm-switch\/","title":{"rendered":"Switch KVM Startech P2ADDH462-KVM-SWITCH"},"content":{"rendered":"<p>Si vous \u00eates passionn\u00e9 d&#8217;<b>informatique et d&#8217;\u00e9lectronique<\/b>, si vous \u00eates \u00e0 la pointe de la technologie et qu&#8217;aucun d\u00e9tail ne vous \u00e9chappe, achetez <b>Switch KVM Startech P2ADDH462-KVM-SWITCH<\/b> au meilleur prix.<\/p>\n<ul>\n<li>Couleur: Noir<\/li>\n<li>Connexions:\n<ul>\n<li>USB<\/li>\n<li>HDMI 2.0<\/li>\n<li>2<\/li>\n<li>DisplayPort x 2<\/li>\n<li>DisplayPort 1.2<\/li>\n<li>HDMI x 2<\/li>\n<\/ul>\n<\/li>\n<li>R\u00e9solution: 4K Ultra HD<\/li>\n<li>Caract\u00e9ristiques:\n<ul>\n<li>Guide d&#8217;installation inclus<\/li>\n<li>T\u00e9moin de fonctionnement LED<\/li>\n<\/ul>\n<\/li>\n<li>Tension: 12 V<\/li>\n<li>Entr\u00e9e AC: 100-240 V<\/li>\n<li>Amp\u00e9rage: 1 A<\/li>\n<li>Largeur: 10 cm<\/li>\n<li>\u00c9cran integr\u00e9: Non<\/li>\n<li>Bloc d\u2019Alimentation: CC<\/li>\n<li>Pr\u00e9cision (humidit\u00e9 relative): 0 % &#8211; 90 %<\/li>\n<li>R\u00e9solution (px): 3840 x 2160 px<\/li>\n<\/ul>","protected":false},"excerpt":{"rendered":"<p>Si vous \u00eates passionn\u00e9 d&#8217;informatique et d&#8217;\u00e9lectronique, si vous \u00eates \u00e0 la pointe de la technologie et qu&#8217;aucun d\u00e9tail ne vous \u00e9chappe, achetez Switch KVM Startech P2ADDH462-KVM-SWITCH au meilleur prix. Couleur: Noir Connexions: USB HDMI 2.0 2 DisplayPort x 2 DisplayPort 1.2 HDMI x 2 R\u00e9solution: 4K Ultra HD Caract\u00e9ristiques: Guide d&#8217;installation inclus T\u00e9moin de [&hellip;]<\/p>\n","protected":false},"featured_media":32469,"comment_status":"open","ping_status":"closed","template":"","meta":[],"product_brand":[634],"product_cat":[598,65,608],"product_tag":[106],"class_list":{"0":"post-32471","1":"product","2":"type-product","3":"status-publish","4":"has-post-thumbnail","6":"product_brand-brandp_4771","7":"product_cat-informatique-cables-et-adaptateurs","8":"product_cat-informatique-electronique","9":"product_cat-switch-kvm","10":"product_tag-tag_1295","12":"first","13":"instock","14":"taxable","15":"shipping-taxable","16":"purchasable","17":"product-type-simple"},"_links":{"self":[{"href":"https:\/\/bigbuy.tupique.com\/es\/wp-json\/wp\/v2\/product\/32471","targetHints":{"allow":["GET"]}}],"collection":[{"href":"https:\/\/bigbuy.tupique.com\/es\/wp-json\/wp\/v2\/product"}],"about":[{"href":"https:\/\/bigbuy.tupique.com\/es\/wp-json\/wp\/v2\/types\/product"}],"replies":[{"embeddable":true,"href":"https:\/\/bigbuy.tupique.com\/es\/wp-json\/wp\/v2\/comments?post=32471"}],"wp:featuredmedia":[{"embeddable":true,"href":"https:\/\/bigbuy.tupique.com\/es\/wp-json\/wp\/v2\/media\/32469"}],"wp:attachment":[{"href":"https:\/\/bigbuy.tupique.com\/es\/wp-json\/wp\/v2\/media?parent=32471"}],"wp:term":[{"taxonomy":"product_brand","embeddable":true,"href":"https:\/\/bigbuy.tupique.com\/es\/wp-json\/wp\/v2\/product_brand?post=32471"},{"taxonomy":"product_cat","embeddable":true,"href":"https:\/\/bigbuy.tupique.com\/es\/wp-json\/wp\/v2\/product_cat?post=32471"},{"taxonomy":"product_tag","embeddable":true,"href":"https:\/\/bigbuy.tupique.com\/es\/wp-json\/wp\/v2\/product_tag?post=32471"}],"curies":[{"name":"wp","href":"https:\/\/api.w.org\/{rel}","templated":true}]}}