{"id":32449,"date":"2026-03-30T04:12:38","date_gmt":"2026-03-30T03:12:38","guid":{"rendered":"https:\/\/bigbuy.tupique.com\/produto\/tablet-cover-compulocks-140w209swlw-white-black\/"},"modified":"2026-05-11T19:59:57","modified_gmt":"2026-05-11T17:59:57","slug":"tablet-cover-compulocks-140w209swlw-white-black","status":"publish","type":"product","link":"https:\/\/bigbuy.tupique.com\/es\/produto\/tablet-cover-compulocks-140w209swlw-white-black\/","title":{"rendered":"Housse pour Tablette Compulocks 140W209SWLW Blanc Noir"},"content":{"rendered":"<p>Si vous \u00eates passionn\u00e9 d&#8217;<b>informatique et d&#8217;\u00e9lectronique<\/b>, si vous \u00eates \u00e0 la pointe de la technologie et qu&#8217;aucun d\u00e9tail ne vous \u00e9chappe, achetez <b>Housse pour Tablette Compulocks 140W209SWLW Blanc Noir<\/b> au meilleur prix.<\/p>\n<ul>\n<li>Type: Housse pour Tablette<\/li>\n<li>Couleur:\n<ul>\n<li>Blanc<\/li>\n<li>Noir<\/li>\n<\/ul>\n<\/li>\n<li>Ecran: 10,9&#8243;<\/li>\n<li>Compatible:\n<ul>\n<li>Apple<\/li>\n<li>iPad (10th gen.)<\/li>\n<li>VESA 75 x 75, 100 x 100<\/li>\n<\/ul>\n<\/li>\n<li>Mat\u00e9riel: Aluminium<\/li>\n<li>Type de fermeture: Cl\u00e9<\/li>\n<li>Diagonale de l&#8217;\u00e9cran (cm): 27,7 cm<\/li>\n<\/ul>","protected":false},"excerpt":{"rendered":"<p>Si vous \u00eates passionn\u00e9 d&#8217;informatique et d&#8217;\u00e9lectronique, si vous \u00eates \u00e0 la pointe de la technologie et qu&#8217;aucun d\u00e9tail ne vous \u00e9chappe, achetez Housse pour Tablette Compulocks 140W209SWLW Blanc Noir au meilleur prix. Type: Housse pour Tablette Couleur: Blanc Noir Ecran: 10,9&#8243; Compatible: Apple iPad (10th gen.) VESA 75 x 75, 100 x 100 Mat\u00e9riel: [&hellip;]<\/p>\n","protected":false},"featured_media":32446,"comment_status":"open","ping_status":"closed","template":"","meta":[],"product_brand":[999],"product_cat":[575,971,65],"product_tag":[566,106],"class_list":{"0":"post-32449","1":"product","2":"type-product","3":"status-publish","4":"has-post-thumbnail","6":"product_brand-brandp_4787","7":"product_cat-electronique-telephonie-et-tablettes","8":"product_cat-housse-de-tablette","9":"product_cat-informatique-electronique","10":"product_tag-tag_547","11":"product_tag-tag_1295","13":"first","14":"instock","15":"taxable","16":"shipping-taxable","17":"purchasable","18":"product-type-simple"},"_links":{"self":[{"href":"https:\/\/bigbuy.tupique.com\/es\/wp-json\/wp\/v2\/product\/32449","targetHints":{"allow":["GET"]}}],"collection":[{"href":"https:\/\/bigbuy.tupique.com\/es\/wp-json\/wp\/v2\/product"}],"about":[{"href":"https:\/\/bigbuy.tupique.com\/es\/wp-json\/wp\/v2\/types\/product"}],"replies":[{"embeddable":true,"href":"https:\/\/bigbuy.tupique.com\/es\/wp-json\/wp\/v2\/comments?post=32449"}],"wp:featuredmedia":[{"embeddable":true,"href":"https:\/\/bigbuy.tupique.com\/es\/wp-json\/wp\/v2\/media\/32446"}],"wp:attachment":[{"href":"https:\/\/bigbuy.tupique.com\/es\/wp-json\/wp\/v2\/media?parent=32449"}],"wp:term":[{"taxonomy":"product_brand","embeddable":true,"href":"https:\/\/bigbuy.tupique.com\/es\/wp-json\/wp\/v2\/product_brand?post=32449"},{"taxonomy":"product_cat","embeddable":true,"href":"https:\/\/bigbuy.tupique.com\/es\/wp-json\/wp\/v2\/product_cat?post=32449"},{"taxonomy":"product_tag","embeddable":true,"href":"https:\/\/bigbuy.tupique.com\/es\/wp-json\/wp\/v2\/product_tag?post=32449"}],"curies":[{"name":"wp","href":"https:\/\/api.w.org\/{rel}","templated":true}]}}