{"id":31945,"date":"2026-03-30T03:40:34","date_gmt":"2026-03-30T02:40:34","guid":{"rendered":"https:\/\/bigbuy.tupique.com\/produto\/chainsaw-bosch\/"},"modified":"2026-04-16T16:27:43","modified_gmt":"2026-04-16T15:27:43","slug":"chainsaw-bosch","status":"publish","type":"product","link":"https:\/\/bigbuy.tupique.com\/es\/produto\/chainsaw-bosch\/","title":{"rendered":"Scie \u00e0 cha\u00eene BOSCH"},"content":{"rendered":"<p>Si vous aimez prendre soin de chaque d\u00e9tail de votre maison et d&#8217;\u00eatre \u00e0 la derni\u00e8re mode en mati\u00e8re de produits qui vous rendront la vie plus facile, achetez <b>Scie \u00e0 cha\u00eene BOSCH<\/b> au meilleur prix.<\/p>\n<p>La <b>tron\u00e7onneuse professionnelle GKE 18V-40<\/b> de <b>BOSCH<\/b> est un outil sans fil con\u00e7u pour offrir une performance efficace et polyvalente dans les travaux d\u2019\u00e9lagage et de coupe. Elle fonctionne avec un <b>moteur 18 V<\/b>, fournissant une puissance adapt\u00e9e aux t\u00e2ches de jardinage et d\u2019entretien forestier l\u00e9ger, tout en offrant le confort de l\u2019absence de c\u00e2ble. Sa finition en <b>vert<\/b> refl\u00e8te l\u2019esth\u00e9tique reconnue et la robustesse de la marque. Ce mod\u00e8le est vendu sans batterie ni chargeur, ce qui permet la compatibilit\u00e9 avec le syst\u00e8me de batteries Bosch Professional, facilitant l\u2019int\u00e9gration aux \u00e9quipements existants. La GKE 18V-40 se distingue par sa taille compacte et son poids r\u00e9duit, favorisant la maniabilit\u00e9 dans les espaces restreints et r\u00e9duisant la fatigue lors d\u2019une utilisation prolong\u00e9e. De plus, elle int\u00e8gre des technologies ax\u00e9es sur la s\u00e9curit\u00e9 et le contr\u00f4le de la coupe, telles que le frein de cha\u00eene \u00e9lectronique et une conception ergonomique avec poign\u00e9es antid\u00e9rapantes, garantissant une manipulation pr\u00e9cise et s\u00fbre. La longueur de son guide est calibr\u00e9e pour des coupes pr\u00e9cises, id\u00e9ale pour les professionnels n\u00e9cessitant un outil l\u00e9ger mais puissant pour les travaux en hauteur ou en conditions variables. La qualit\u00e9 de fabrication, propre \u00e0 BOSCH, assure durabilit\u00e9 et entretien facile. Dans l\u2019ensemble, cette tron\u00e7onneuse repr\u00e9sente une solution pratique pour les utilisateurs recherchant un outil compact et fiable dans l\u2019\u00e9cosyst\u00e8me sans fil Bosch.<\/p>\n<ul>\n<li>Produit \u00e0 brancher: Oui<\/li>\n<li>Type de prise: Prise EU<\/li>\n<li>Bloc d\u2019Alimentation:\n<ul>\n<li>r\u00e9seau \u00e9lectrique<\/li>\n<li>Batterie<\/li>\n<\/ul>\n<\/li>\n<li>Couleur:\n<ul>\n<li>Bleu<\/li>\n<li>Vert<\/li>\n<\/ul>\n<\/li>\n<li>Tension: 18 V<\/li>\n<li>Longueur de la Lame: 40 cm<\/li>\n<\/ul>","protected":false},"excerpt":{"rendered":"<p>Si vous aimez prendre soin de chaque d\u00e9tail de votre maison et d&#8217;\u00eatre \u00e0 la derni\u00e8re mode en mati\u00e8re de produits qui vous rendront la vie plus facile, achetez Scie \u00e0 cha\u00eene BOSCH au meilleur prix. La tron\u00e7onneuse professionnelle GKE 18V-40 de BOSCH est un outil sans fil con\u00e7u pour offrir une performance efficace et [&hellip;]<\/p>\n","protected":false},"featured_media":31939,"comment_status":"open","ping_status":"closed","template":"","meta":[],"product_brand":[162],"product_cat":[613,239],"product_tag":[59,210],"class_list":{"0":"post-31945","1":"product","2":"type-product","3":"status-publish","4":"has-post-thumbnail","6":"product_brand-brandp_959","7":"product_cat-bricolage-et-materiel","8":"product_cat-maison-jardin","9":"product_tag-tag_1304","10":"product_tag-tag_25","12":"first","13":"instock","14":"taxable","15":"shipping-taxable","16":"purchasable","17":"product-type-simple"},"_links":{"self":[{"href":"https:\/\/bigbuy.tupique.com\/es\/wp-json\/wp\/v2\/product\/31945","targetHints":{"allow":["GET"]}}],"collection":[{"href":"https:\/\/bigbuy.tupique.com\/es\/wp-json\/wp\/v2\/product"}],"about":[{"href":"https:\/\/bigbuy.tupique.com\/es\/wp-json\/wp\/v2\/types\/product"}],"replies":[{"embeddable":true,"href":"https:\/\/bigbuy.tupique.com\/es\/wp-json\/wp\/v2\/comments?post=31945"}],"wp:featuredmedia":[{"embeddable":true,"href":"https:\/\/bigbuy.tupique.com\/es\/wp-json\/wp\/v2\/media\/31939"}],"wp:attachment":[{"href":"https:\/\/bigbuy.tupique.com\/es\/wp-json\/wp\/v2\/media?parent=31945"}],"wp:term":[{"taxonomy":"product_brand","embeddable":true,"href":"https:\/\/bigbuy.tupique.com\/es\/wp-json\/wp\/v2\/product_brand?post=31945"},{"taxonomy":"product_cat","embeddable":true,"href":"https:\/\/bigbuy.tupique.com\/es\/wp-json\/wp\/v2\/product_cat?post=31945"},{"taxonomy":"product_tag","embeddable":true,"href":"https:\/\/bigbuy.tupique.com\/es\/wp-json\/wp\/v2\/product_tag?post=31945"}],"curies":[{"name":"wp","href":"https:\/\/api.w.org\/{rel}","templated":true}]}}